{"id":48121,"date":"2024-09-15T12:35:04","date_gmt":"2024-09-15T10:35:04","guid":{"rendered":"https:\/\/veganova.eu\/?post_type=product&#038;p=48121"},"modified":"2026-04-21T07:26:08","modified_gmt":"2026-04-21T05:26:08","slug":"jarrow-formulas-same-200-20-tabs","status":"publish","type":"product","link":"https:\/\/veganova.eu\/lt\/shop\/jarrow-formulas-same-200-20-tabs\/","title":{"rendered":"Jarrow Formulas SAMe 200 - 20 table\u010di\u0173"},"content":{"rendered":"<h3>Jarrow Formulas SAMe 200 - 20 table\u010di\u0173<\/h3>\n<p>\"Jarrow Formulas SAMe 200\" i\u0161 400 mg SAMe tozilato disulfato gaunama 200 mg SAMe (grynoji i\u0161eiga). SAMe 200 gaminamas \u017eemoje temperat\u016broje ir dr\u0117gm\u0117je, padengtas enteriniu apvalkalu, kad b\u016bt\u0173 u\u017etikrintas biologi\u0161kai aktyvus produktas.<\/p>\n<p>Daugiau biologi\u0161kai aktyvios S,S nei R,S formos<br \/>\nSAMe randamas visose gyvose l\u0105stel\u0117se ir yra metionino (nepakei\u010diamosios aminor\u016bg\u0161ties) metabolitas. SAMe yra chiralin\u0117 molekul\u0117, susidedanti i\u0161 dviej\u0173 form\u0173: (S,S) SAMe ir (R,S) SAMe. Biologi\u0161kai aktyvi forma yra (S,S) strukt\u016bra, o (R,S) strukt\u016bra yra biologi\u0161kai neaktyvi. Jarrow Formulas SAMe gaminamas mikrobiologin\u0117s fermentacijos b\u016bdu ir v\u0117liau apdorojamas be chemini\u0173 tirpikli\u0173, kad b\u016bt\u0173 i\u0161saugotas 68-80% (S,S) SAMe.<\/p>\n<p>SAMe palaiko:<\/p>\n<p>Smegen\u0173 med\u017eiag\u0173 apykaita ir nuotaika*<br \/>\nSAMe metilinimo reakcijos dalyvauja fosfatidilcholino, kuris yra pagrindin\u0117 pilkosios smegen\u0173 med\u017eiagos ir l\u0105steli\u0173 membran\u0173 sudedamoji dalis, sintez\u0117je*.<br \/>\nneurotransmiteri\u0173 susidaryme arba metabolizme, kuris padeda<br \/>\npalaiko subalansuot\u0105 nuotaik\u0105.*<\/p>\n<p>S\u0105nari\u0173 sveikata*<br \/>\nSAMe palaiko sveiko jungiamojo audinio gamyb\u0105 per transsulfuravim\u0105.* \u0160io transsulfuravimo proceso metu svarbiausi jungiamojo audinio komponentai, vadinamieji glikozaminglikanai (GAG), \u012fskaitant gliukozamin\u0105 ir chondroitin\u0105, yra sulfatuojami SAMe metabolit\u0173, kad susidaryt\u0173 sulfatuoti GAG, pavyzd\u017eiui, gliukozamino sulfatas ir chondroitino sulfatas - kremzl\u0117s sudedamosios dalys.*<\/p>\n<p>Kepen\u0173 funkcija*<br \/>\nSAMe palaiko glutationo (GSH), kuris yra labai svarbus antioksidacinei apsaugai ir kepen\u0173 funkcijoms, \u012fskaitant II faz\u0117s detoksikacij\u0105, sintez\u0119*.<\/p>\n<p>\"Jarrow Formulas SAMe 200\" yra supakuotas \u012f folijos lizdines plok\u0161teles, kad b\u016bt\u0173 maksimaliai stabilus, ir jame yra 200 mg S-adenozilmetionino, gauto i\u0161 400 mg SAMe tozilato disulfato.<\/p>","protected":false},"excerpt":{"rendered":"<p>Jarrow Formulas SAMe 200 supports healthy liver, joints and is mood enhancer. Content: 20 tablets. Certifitation: gluten free, vegan.<\/p>","protected":false},"featured_media":51903,"comment_status":"closed","ping_status":"closed","template":"","meta":{"advanced_seo_description":"","jetpack_seo_html_title":"","jetpack_seo_noindex":false},"pwb-brand":[165],"product_brand":[4572],"product_cat":[2593,286,143,2591,152],"product_tag":[],"class_list":{"0":"post-48121","1":"product","2":"type-product","3":"status-publish","4":"has-post-thumbnail","6":"pwb-brand-jarrow-formulas","7":"product_brand-jarrow-formulas","8":"product_cat-antioxidants","9":"product_cat-for-a-better-mood","10":"product_cat-health-issues","11":"product_cat-liver","12":"product_cat-vitamins-and-minerals","13":"brand_woo-jarrow-formulas","15":"first","16":"outofstock","17":"taxable","18":"shipping-taxable","19":"purchasable","20":"product-type-simple"},"jetpack_sharing_enabled":true,"brands":[{"id":165,"name":"\"Jarrow Formulas","slug":"jarrow-formulas"}],"_links":{"self":[{"href":"https:\/\/veganova.eu\/lt\/wp-json\/wp\/v2\/product\/48121","targetHints":{"allow":["GET"]}}],"collection":[{"href":"https:\/\/veganova.eu\/lt\/wp-json\/wp\/v2\/product"}],"about":[{"href":"https:\/\/veganova.eu\/lt\/wp-json\/wp\/v2\/types\/product"}],"replies":[{"embeddable":true,"href":"https:\/\/veganova.eu\/lt\/wp-json\/wp\/v2\/comments?post=48121"}],"version-history":[{"count":1,"href":"https:\/\/veganova.eu\/lt\/wp-json\/wp\/v2\/product\/48121\/revisions"}],"predecessor-version":[{"id":59357,"href":"https:\/\/veganova.eu\/lt\/wp-json\/wp\/v2\/product\/48121\/revisions\/59357"}],"wp:featuredmedia":[{"embeddable":true,"href":"https:\/\/veganova.eu\/lt\/wp-json\/wp\/v2\/media\/51903"}],"wp:attachment":[{"href":"https:\/\/veganova.eu\/lt\/wp-json\/wp\/v2\/media?parent=48121"}],"wp:term":[{"taxonomy":"pwb-brand","embeddable":true,"href":"https:\/\/veganova.eu\/lt\/wp-json\/wp\/v2\/pwb-brand?post=48121"},{"taxonomy":"product_brand","embeddable":true,"href":"https:\/\/veganova.eu\/lt\/wp-json\/wp\/v2\/product_brand?post=48121"},{"taxonomy":"product_cat","embeddable":true,"href":"https:\/\/veganova.eu\/lt\/wp-json\/wp\/v2\/product_cat?post=48121"},{"taxonomy":"product_tag","embeddable":true,"href":"https:\/\/veganova.eu\/lt\/wp-json\/wp\/v2\/product_tag?post=48121"}],"curies":[{"name":"wp","href":"https:\/\/api.w.org\/{rel}","templated":true}]}}