{"id":48207,"date":"2024-09-15T12:36:39","date_gmt":"2024-09-15T10:36:39","guid":{"rendered":"https:\/\/veganova.eu\/?post_type=product&#038;p=48207"},"modified":"2026-04-21T07:26:12","modified_gmt":"2026-04-21T05:26:12","slug":"allnutrition-vegan-protein-cookie-500g","status":"publish","type":"product","link":"https:\/\/veganova.eu\/lt\/shop\/allnutrition-vegan-protein-cookie-500g\/","title":{"rendered":"Allnutrition vegani\u0161ki baltymai, sausainiai - 500g"},"content":{"rendered":"<h3>Allnutrition vegani\u0161ki baltymai, sausainiai - 500g<\/h3>\n<p>VEGAN PROTEIN yra skani\u0173 skoni\u0173 vegani\u0161kas baltym\u0173 papildas, kurio pagrind\u0105 sudaro soj\u0173 baltym\u0173 izoliatas ir kit\u0173 6 augal\u0173 baltymai, kuri\u0173 kiekvienoje porcijoje yra iki 75% gryn\u0173j\u0173 baltym\u0173. D\u0117l to \u0161is papildas yra vegani\u0161kas ir vegetari\u0161kas.<\/p>","protected":false},"excerpt":{"rendered":"<p>Allnutrition Vegan Protein is made of soya protein isolate and proteins from 6 other plants. Flavor: Cookie. Content: 500g. Certification: vegan.<\/p>","protected":false},"featured_media":52184,"comment_status":"closed","ping_status":"closed","template":"","meta":{"advanced_seo_description":"","jetpack_seo_html_title":"","jetpack_seo_noindex":false},"pwb-brand":[475],"product_brand":[4774],"product_cat":[132,133],"product_tag":[],"class_list":{"0":"post-48207","1":"product","2":"type-product","3":"status-publish","4":"has-post-thumbnail","6":"pwb-brand-allnutrition","7":"product_brand-allnutrition","8":"product_cat-sports-nutrition","9":"product_cat-vegan-proteins","10":"brand_woo-allnutrition","12":"first","13":"outofstock","14":"taxable","15":"shipping-taxable","16":"purchasable","17":"product-type-simple"},"jetpack_sharing_enabled":true,"brands":[{"id":475,"name":"Allnutrition","slug":"allnutrition"}],"_links":{"self":[{"href":"https:\/\/veganova.eu\/lt\/wp-json\/wp\/v2\/product\/48207","targetHints":{"allow":["GET"]}}],"collection":[{"href":"https:\/\/veganova.eu\/lt\/wp-json\/wp\/v2\/product"}],"about":[{"href":"https:\/\/veganova.eu\/lt\/wp-json\/wp\/v2\/types\/product"}],"replies":[{"embeddable":true,"href":"https:\/\/veganova.eu\/lt\/wp-json\/wp\/v2\/comments?post=48207"}],"version-history":[{"count":1,"href":"https:\/\/veganova.eu\/lt\/wp-json\/wp\/v2\/product\/48207\/revisions"}],"predecessor-version":[{"id":59394,"href":"https:\/\/veganova.eu\/lt\/wp-json\/wp\/v2\/product\/48207\/revisions\/59394"}],"wp:featuredmedia":[{"embeddable":true,"href":"https:\/\/veganova.eu\/lt\/wp-json\/wp\/v2\/media\/52184"}],"wp:attachment":[{"href":"https:\/\/veganova.eu\/lt\/wp-json\/wp\/v2\/media?parent=48207"}],"wp:term":[{"taxonomy":"pwb-brand","embeddable":true,"href":"https:\/\/veganova.eu\/lt\/wp-json\/wp\/v2\/pwb-brand?post=48207"},{"taxonomy":"product_brand","embeddable":true,"href":"https:\/\/veganova.eu\/lt\/wp-json\/wp\/v2\/product_brand?post=48207"},{"taxonomy":"product_cat","embeddable":true,"href":"https:\/\/veganova.eu\/lt\/wp-json\/wp\/v2\/product_cat?post=48207"},{"taxonomy":"product_tag","embeddable":true,"href":"https:\/\/veganova.eu\/lt\/wp-json\/wp\/v2\/product_tag?post=48207"}],"curies":[{"name":"wp","href":"https:\/\/api.w.org\/{rel}","templated":true}]}}