{"id":5105,"date":"2023-10-01T17:08:40","date_gmt":"2023-10-01T15:08:40","guid":{"rendered":"https:\/\/veganova.eu\/?post_type=product&#038;p=5105"},"modified":"2026-04-21T07:24:32","modified_gmt":"2026-04-21T05:24:32","slug":"doctors-best-high-absorption-coq10-with-bioperine-100mg-120-kaps","status":"publish","type":"product","link":"https:\/\/veganova.eu\/lt\/shop\/doctors-best-high-absorption-coq10-with-bioperine-100mg-120-kaps\/","title":{"rendered":"\"Doctor's Best High Absorption CoQ10\" su bioperinu, 100 mg (120 kapsuli\u0173)"},"content":{"rendered":"<h3>\"Doctor's Best High Absorption CoQ10\" su bioperinu, 100 mg (120 kapsuli\u0173)<\/h3>\n<p>\"Doctor's Best High Absorption CoQ10\" sud\u0117tyje yra gryno kofermento Q10 (ubichinono) ir bioperino. KoQ10 padeda palaikyti \u0161irdies veikl\u0105 ir yra gyvybi\u0161kai svarbus ATP (adenozintrifosfato) gamybai, ypa\u010d \u0161irdyje. Stresas, laisvieji radikalai, vaistai statinai ir sen\u0117jimas gali tur\u0117ti \u012ftakos CoQ10 kiekiui. CoQ10 labai svarbus energijos gamybai, raumen\u0173 susitraukimui ir baltym\u0173 sintezei. Tyrimai parod\u0117, kad BioPerinas padidina CoQ10 absorbcij\u0105.<\/p>\n<p>Padeda palaikyti \u0161irdies sveikat\u0105 ir l\u0105steli\u0173 energij\u0105.<br \/>\nPadeda atkurti CoQ10, kurio gali stigti d\u0117l sen\u0117jimo ir statin\u0173 vartojimo.<br \/>\nSud\u0117tyje yra juod\u0173j\u0173 pipir\u0173 ekstrakto BioPerine, kuris pagerina absorbcij\u0105 ir biologin\u012f prieinamum\u0105.<\/p>","protected":false},"excerpt":{"rendered":"<p>Vegetari\u0161kas maisto papildas Doctor's Best High Absorption CoQ10 su bioperinu, 100 mg tinka \u0161ird\u017eiai ir kraujagysl\u0117ms stiprinti. Pakuot\u0117je yra: 120 kapsuli\u0173. Be glitimo.<\/p>","protected":false},"featured_media":53011,"comment_status":"closed","ping_status":"closed","template":"","meta":{"advanced_seo_description":"","jetpack_seo_html_title":"","jetpack_seo_noindex":false},"pwb-brand":[147],"product_brand":[4565],"product_cat":[688,289,2591,284,152],"product_tag":[1159,1167,1158,1052,1133],"class_list":{"0":"post-5105","1":"product","2":"type-product","3":"status-publish","4":"has-post-thumbnail","6":"pwb-brand-doctors-best","7":"product_brand-doctors-best","8":"product_cat-beauty-supplements","9":"product_cat-heart-and-blood-vessels","10":"product_cat-liver","11":"product_cat-trace-elements","12":"product_cat-vitamins-and-minerals","13":"product_tag-aging","14":"product_tag-blood-vessels","15":"product_tag-heart","16":"product_tag-pigment-spots","17":"product_tag-wrinkles","18":"brand_woo-doctors-best","20":"first","21":"instock","22":"taxable","23":"shipping-taxable","24":"purchasable","25":"product-type-simple"},"jetpack_sharing_enabled":true,"brands":[{"id":147,"name":"\"Doctor's Best","slug":"doctors-best"}],"_links":{"self":[{"href":"https:\/\/veganova.eu\/lt\/wp-json\/wp\/v2\/product\/5105","targetHints":{"allow":["GET"]}}],"collection":[{"href":"https:\/\/veganova.eu\/lt\/wp-json\/wp\/v2\/product"}],"about":[{"href":"https:\/\/veganova.eu\/lt\/wp-json\/wp\/v2\/types\/product"}],"replies":[{"embeddable":true,"href":"https:\/\/veganova.eu\/lt\/wp-json\/wp\/v2\/comments?post=5105"}],"version-history":[{"count":1,"href":"https:\/\/veganova.eu\/lt\/wp-json\/wp\/v2\/product\/5105\/revisions"}],"predecessor-version":[{"id":58218,"href":"https:\/\/veganova.eu\/lt\/wp-json\/wp\/v2\/product\/5105\/revisions\/58218"}],"wp:featuredmedia":[{"embeddable":true,"href":"https:\/\/veganova.eu\/lt\/wp-json\/wp\/v2\/media\/53011"}],"wp:attachment":[{"href":"https:\/\/veganova.eu\/lt\/wp-json\/wp\/v2\/media?parent=5105"}],"wp:term":[{"taxonomy":"pwb-brand","embeddable":true,"href":"https:\/\/veganova.eu\/lt\/wp-json\/wp\/v2\/pwb-brand?post=5105"},{"taxonomy":"product_brand","embeddable":true,"href":"https:\/\/veganova.eu\/lt\/wp-json\/wp\/v2\/product_brand?post=5105"},{"taxonomy":"product_cat","embeddable":true,"href":"https:\/\/veganova.eu\/lt\/wp-json\/wp\/v2\/product_cat?post=5105"},{"taxonomy":"product_tag","embeddable":true,"href":"https:\/\/veganova.eu\/lt\/wp-json\/wp\/v2\/product_tag?post=5105"}],"curies":[{"name":"wp","href":"https:\/\/api.w.org\/{rel}","templated":true}]}}