{"id":5126,"date":"2023-10-01T17:08:48","date_gmt":"2023-10-01T15:08:48","guid":{"rendered":"https:\/\/veganova.eu\/?post_type=product&#038;p=5126"},"modified":"2026-04-21T07:24:34","modified_gmt":"2026-04-21T05:24:34","slug":"doctors-best-noni-fruit-powder-650mg-120-kaps","status":"publish","type":"product","link":"https:\/\/veganova.eu\/lt\/shop\/doctors-best-noni-fruit-powder-650mg-120-kaps\/","title":{"rendered":"\"Doctor's Best Noni\" vaisi\u0173 milteliai, 650 mg (120 kapsuli\u0173)"},"content":{"rendered":"<h3>\"Doctor's Best Noni\" vaisi\u0173 milteliai<\/h3>\n<ul>\n<li>Padeda palaikyti imunin\u0119 sistem\u0105.<\/li>\n<li>Maisto papildas: Vegetari\u0161kas, be GMO \/ be glitimo \/ be sojos<\/li>\n<li>Naudingas \u012fvairiapusis antioksidacinis potencialas.<\/li>\n<li>Padeda palaikyti sveik\u0105 l\u0105steli\u0173 gyvavimo cikl\u0105.<\/li>\n<li>Padeda gerinti bendr\u0105 savijaut\u0105.<\/li>\n<li>\"Doctor's Best Noni Fruit Powder\" sud\u0117tyje yra gryn\u0173 ekologi\u0161k\u0173 noni vaisi\u0173 milteli\u0173 be GMO (Morinda citrifolia).<\/li>\n<li>Pietry\u010di\u0173 Azijoje ir Ramiojo vandenyno pietin\u0117je dalyje Noni vaisiai nuo seno tradici\u0161kai vartojami d\u0117l savo sveikat\u0105 stiprinan\u010di\u0173 maistini\u0173 med\u017eiag\u0173, \u012fskaitant vitamin\u0105 C, fermentus ir kitus naudingus antioksidantus, kurie palaiko imunin\u0119 sistem\u0105, sveik\u0105 l\u0105steli\u0173 gyvavimo cikl\u0105 ir bendr\u0105 savijaut\u0105.<\/li>\n<\/ul>","protected":false},"excerpt":{"rendered":"<p>Vegani\u0161kas maisto papildas \"Doctor's Best Noni Fruit Powder\" 650 mg turi antioksidant\u0173, palaiko imunitet\u0105 ir bendr\u0105 savijaut\u0105. Pakuot\u0117je yra: 120 kapsuli\u0173. Be glitimo, be GMO.<\/p>","protected":false},"featured_media":53372,"comment_status":"closed","ping_status":"closed","template":"","meta":{"advanced_seo_description":"","jetpack_seo_html_title":"","jetpack_seo_noindex":false},"pwb-brand":[147],"product_brand":[4565],"product_cat":[688,289,597,2600,149],"product_tag":[1093,1167,854,860,1117,1155],"class_list":{"0":"post-5126","1":"product","2":"type-product","3":"status-publish","4":"has-post-thumbnail","6":"pwb-brand-doctors-best","7":"product_brand-doctors-best","8":"product_cat-beauty-supplements","9":"product_cat-heart-and-blood-vessels","10":"product_cat-body-immunity","11":"product_cat-inflammation","12":"product_cat-superfoods","13":"product_tag-antioxidant","14":"product_tag-blood-vessels","15":"product_tag-collagen-booster","16":"product_tag-energy","17":"product_tag-immunity","18":"product_tag-inflammation","19":"brand_woo-doctors-best","21":"first","22":"instock","23":"sale","24":"taxable","25":"shipping-taxable","26":"purchasable","27":"product-type-simple"},"jetpack_sharing_enabled":true,"brands":[{"id":147,"name":"\"Doctor's Best","slug":"doctors-best"}],"_links":{"self":[{"href":"https:\/\/veganova.eu\/lt\/wp-json\/wp\/v2\/product\/5126","targetHints":{"allow":["GET"]}}],"collection":[{"href":"https:\/\/veganova.eu\/lt\/wp-json\/wp\/v2\/product"}],"about":[{"href":"https:\/\/veganova.eu\/lt\/wp-json\/wp\/v2\/types\/product"}],"replies":[{"embeddable":true,"href":"https:\/\/veganova.eu\/lt\/wp-json\/wp\/v2\/comments?post=5126"}],"version-history":[{"count":1,"href":"https:\/\/veganova.eu\/lt\/wp-json\/wp\/v2\/product\/5126\/revisions"}],"predecessor-version":[{"id":58239,"href":"https:\/\/veganova.eu\/lt\/wp-json\/wp\/v2\/product\/5126\/revisions\/58239"}],"wp:featuredmedia":[{"embeddable":true,"href":"https:\/\/veganova.eu\/lt\/wp-json\/wp\/v2\/media\/53372"}],"wp:attachment":[{"href":"https:\/\/veganova.eu\/lt\/wp-json\/wp\/v2\/media?parent=5126"}],"wp:term":[{"taxonomy":"pwb-brand","embeddable":true,"href":"https:\/\/veganova.eu\/lt\/wp-json\/wp\/v2\/pwb-brand?post=5126"},{"taxonomy":"product_brand","embeddable":true,"href":"https:\/\/veganova.eu\/lt\/wp-json\/wp\/v2\/product_brand?post=5126"},{"taxonomy":"product_cat","embeddable":true,"href":"https:\/\/veganova.eu\/lt\/wp-json\/wp\/v2\/product_cat?post=5126"},{"taxonomy":"product_tag","embeddable":true,"href":"https:\/\/veganova.eu\/lt\/wp-json\/wp\/v2\/product_tag?post=5126"}],"curies":[{"name":"wp","href":"https:\/\/api.w.org\/{rel}","templated":true}]}}