{"id":5191,"date":"2023-10-01T17:09:19","date_gmt":"2023-10-01T15:09:19","guid":{"rendered":"https:\/\/veganova.eu\/?post_type=product&#038;p=5191"},"modified":"2026-04-21T07:24:38","modified_gmt":"2026-04-21T05:24:38","slug":"now-foods-beta-glucans-with-immunenhancer-extra-strength-60-kaps","status":"publish","type":"product","link":"https:\/\/veganova.eu\/lt\/shop\/now-foods-beta-glucans-with-immunenhancer-extra-strength-60-kaps\/","title":{"rendered":"\"NOW Foods\" beta gliukanai su imuniteto stiprintuvu, ypatingas stiprumas (60 kapsuli\u0173)"},"content":{"rendered":"<h3>NOW Foods Beta gliukanai su imunitet\u0105 stiprinan\u010dia med\u017eiaga<\/h3>\n<ul>\n<li>250 mg beta gliukan\u0173<\/li>\n<li>Palaiko normali\u0105 imunin\u0117s sistemos funkcij\u0105<\/li>\n<li>Su beta-1 maumed\u017eio arabinogalaktanu ,3\/1,6 D-gliukanu (beta gliukanais) - tai biologi\u0161kai aktyvus angliavandenis, gaunamas i\u0161 maumed\u017eio l\u0105steli\u0173 sieneli\u0173.<\/li>\n<li>Saccharomyces cerevisiae, paprastai vadinamos kepimo miel\u0117mis.<\/li>\n<li>Moksliniais tyrimais \u012frodyta, kad beta -1,3\/1,6 D-gliukanas palaiko sveik\u0105 imunin\u0119 sistem\u0105, nes geba palaikyti ir moduliuoti kelet\u0105 normali\u0173 organizmo imunini\u0173 funkcij\u0173 aspekt\u0173.<\/li>\n<li>NOW Extra Strength Beta gliukan\u0173 sud\u0117tyje yra ImmunEnhancer - didel\u0117s molekulin\u0117s mas\u0117s polisacharidas, i\u0161gautas i\u0161 vakar\u0173 maumed\u017eio, kurio geb\u0117jimas skatinti sveik\u0105 imunin\u012f atsak\u0105 yra i\u0161tirtas.<\/li>\n<\/ul>","protected":false},"excerpt":{"rendered":"<p>Vegani\u0161kas maisto papildas NOW Foods Beta-Glucans with ImmunEnhancer, Extra Strength, pakuot\u0117je yra: 60 kapsuli\u0173. Be glitimo.<\/p>","protected":false},"featured_media":53355,"comment_status":"closed","ping_status":"closed","template":"","meta":{"advanced_seo_description":"","jetpack_seo_html_title":"","jetpack_seo_noindex":false},"pwb-brand":[173],"product_brand":[4580],"product_cat":[597,2597,152],"product_tag":[1164,1117,1242,1166],"class_list":{"0":"post-5191","1":"product","2":"type-product","3":"status-publish","4":"has-post-thumbnail","6":"pwb-brand-now-foods","7":"product_brand-now-foods","8":"product_cat-body-immunity","9":"product_cat-mushrooms","10":"product_cat-vitamins-and-minerals","11":"product_tag-bacteria","12":"product_tag-immunity","13":"product_tag-medicinal-fungi","14":"product_tag-viruses","15":"brand_woo-now-foods","17":"first","18":"instock","19":"taxable","20":"shipping-taxable","21":"purchasable","22":"product-type-simple"},"jetpack_sharing_enabled":true,"brands":[{"id":173,"name":"NOW Foods","slug":"now-foods"}],"_links":{"self":[{"href":"https:\/\/veganova.eu\/lt\/wp-json\/wp\/v2\/product\/5191","targetHints":{"allow":["GET"]}}],"collection":[{"href":"https:\/\/veganova.eu\/lt\/wp-json\/wp\/v2\/product"}],"about":[{"href":"https:\/\/veganova.eu\/lt\/wp-json\/wp\/v2\/types\/product"}],"replies":[{"embeddable":true,"href":"https:\/\/veganova.eu\/lt\/wp-json\/wp\/v2\/comments?post=5191"}],"version-history":[{"count":1,"href":"https:\/\/veganova.eu\/lt\/wp-json\/wp\/v2\/product\/5191\/revisions"}],"predecessor-version":[{"id":58301,"href":"https:\/\/veganova.eu\/lt\/wp-json\/wp\/v2\/product\/5191\/revisions\/58301"}],"wp:featuredmedia":[{"embeddable":true,"href":"https:\/\/veganova.eu\/lt\/wp-json\/wp\/v2\/media\/53355"}],"wp:attachment":[{"href":"https:\/\/veganova.eu\/lt\/wp-json\/wp\/v2\/media?parent=5191"}],"wp:term":[{"taxonomy":"pwb-brand","embeddable":true,"href":"https:\/\/veganova.eu\/lt\/wp-json\/wp\/v2\/pwb-brand?post=5191"},{"taxonomy":"product_brand","embeddable":true,"href":"https:\/\/veganova.eu\/lt\/wp-json\/wp\/v2\/product_brand?post=5191"},{"taxonomy":"product_cat","embeddable":true,"href":"https:\/\/veganova.eu\/lt\/wp-json\/wp\/v2\/product_cat?post=5191"},{"taxonomy":"product_tag","embeddable":true,"href":"https:\/\/veganova.eu\/lt\/wp-json\/wp\/v2\/product_tag?post=5191"}],"curies":[{"name":"wp","href":"https:\/\/api.w.org\/{rel}","templated":true}]}}