{"id":5193,"date":"2023-10-01T17:09:20","date_gmt":"2023-10-01T15:09:20","guid":{"rendered":"https:\/\/veganova.eu\/?post_type=product&#038;p=5193"},"modified":"2026-04-21T07:24:38","modified_gmt":"2026-04-21T05:24:38","slug":"now-foods-better-stevia-liquid-original-237-ml","status":"publish","type":"product","link":"https:\/\/veganova.eu\/lt\/shop\/now-foods-better-stevia-liquid-original-237-ml\/","title":{"rendered":"\"NOW Foods Better Stevia Liquid\", originalus (237 ml)"},"content":{"rendered":"<h3>NOW Foods Geresn\u0117 stevija skysta<\/h3>\n<ul>\n<li>Skystas saldiklis be kalorij\u0173<\/li>\n<li>Skanus \"BetterStevia\" skystis yra puikus m\u0117gstam\u0173 g\u0117rim\u0173 priedas, ypa\u010d tinkamas kavai ir arbatai saldinti - u\u017etenka vos keli\u0173 la\u0161\u0173, kad bet kok\u012f kar\u0161t\u0105 ar \u0161alt\u0105 g\u0117rim\u0105 pasaldintum\u0117te!<\/li>\n<li>Sud\u0117tyje yra sertifikuoto ekologi\u0161ko stevijos ekstrakto.<\/li>\n<\/ul>","protected":false},"excerpt":{"rendered":"<p>Vegan sweetener for foods and drinks NOW Foods Better Stevia Liquid, Original, stevia in liquid form, unflavored, package contains: 237 ml. Gluten-free, sugar-free, GMO-free.<\/p>","protected":false},"featured_media":51607,"comment_status":"closed","ping_status":"closed","template":"","meta":{"advanced_seo_description":"","jetpack_seo_html_title":"","jetpack_seo_noindex":false},"pwb-brand":[173],"product_brand":[4580],"product_cat":[143,234],"product_tag":[599,600,601,602,603],"class_list":{"0":"post-5193","1":"product","2":"type-product","3":"status-publish","4":"has-post-thumbnail","6":"pwb-brand-now-foods","7":"product_brand-now-foods","8":"product_cat-health-issues","9":"product_cat-healthy-sweetening","10":"product_tag-gluten-free","11":"product_tag-no-sugar","12":"product_tag-non-gmo","13":"product_tag-vegan","14":"product_tag-vege","15":"brand_woo-now-foods","17":"first","18":"instock","19":"taxable","20":"shipping-taxable","21":"purchasable","22":"product-type-simple"},"jetpack_sharing_enabled":true,"brands":[{"id":173,"name":"NOW Foods","slug":"now-foods"}],"_links":{"self":[{"href":"https:\/\/veganova.eu\/lt\/wp-json\/wp\/v2\/product\/5193","targetHints":{"allow":["GET"]}}],"collection":[{"href":"https:\/\/veganova.eu\/lt\/wp-json\/wp\/v2\/product"}],"about":[{"href":"https:\/\/veganova.eu\/lt\/wp-json\/wp\/v2\/types\/product"}],"replies":[{"embeddable":true,"href":"https:\/\/veganova.eu\/lt\/wp-json\/wp\/v2\/comments?post=5193"}],"version-history":[{"count":1,"href":"https:\/\/veganova.eu\/lt\/wp-json\/wp\/v2\/product\/5193\/revisions"}],"predecessor-version":[{"id":58303,"href":"https:\/\/veganova.eu\/lt\/wp-json\/wp\/v2\/product\/5193\/revisions\/58303"}],"wp:featuredmedia":[{"embeddable":true,"href":"https:\/\/veganova.eu\/lt\/wp-json\/wp\/v2\/media\/51607"}],"wp:attachment":[{"href":"https:\/\/veganova.eu\/lt\/wp-json\/wp\/v2\/media?parent=5193"}],"wp:term":[{"taxonomy":"pwb-brand","embeddable":true,"href":"https:\/\/veganova.eu\/lt\/wp-json\/wp\/v2\/pwb-brand?post=5193"},{"taxonomy":"product_brand","embeddable":true,"href":"https:\/\/veganova.eu\/lt\/wp-json\/wp\/v2\/product_brand?post=5193"},{"taxonomy":"product_cat","embeddable":true,"href":"https:\/\/veganova.eu\/lt\/wp-json\/wp\/v2\/product_cat?post=5193"},{"taxonomy":"product_tag","embeddable":true,"href":"https:\/\/veganova.eu\/lt\/wp-json\/wp\/v2\/product_tag?post=5193"}],"curies":[{"name":"wp","href":"https:\/\/api.w.org\/{rel}","templated":true}]}}