{"id":5245,"date":"2023-10-01T17:09:46","date_gmt":"2023-10-01T15:09:46","guid":{"rendered":"https:\/\/veganova.eu\/?post_type=product&#038;p=5245"},"modified":"2026-04-26T02:21:36","modified_gmt":"2026-04-26T00:21:36","slug":"san-rawfusion-natural-chocolate-931g","status":"publish","type":"product","link":"https:\/\/veganova.eu\/lt\/shop\/san-rawfusion-natural-chocolate-931g\/","title":{"rendered":"SAN RawFusion, nat\u016bralus \u0161okoladas (931g)"},"content":{"rendered":"<h3>SAN RawFusion<\/h3>\n<ul>\n<li>Naujos kartos augaliniai baltymai<\/li>\n<li>Daugiau nei metus trukusi\u0173 intensyvi\u0173 mokslini\u0173 tyrim\u0173 ir \u0161alto i\u0161spaudimo technologij\u0173 k\u016brimo rezultatas - neprilygstama, veganams patvirtinta baltym\u0173 formul\u0117 i\u0161 SAN.<\/li>\n<li>RAWFUSION yra ne tik geneti\u0161kai nemodifikuotas, visi\u0161kai nat\u016bralus ir be alergen\u0173 augalin\u0117s kilm\u0117s baltym\u0173 \u0161altinis, bet ir 21 gramas m\u016bs\u0173 pa\u010di\u0173 fermentuot\u0173 baltym\u0173 vienoje porcijoje, tod\u0117l puikiai tinka visiems.<\/li>\n<li>I\u0161skirtinis RAWFUSION \u017eirni\u0173 baltym\u0173 izoliato, daigint\u0173 rud\u0173j\u0173 ry\u017ei\u0173 baltym\u0173 koncentrato, arti\u0161oko baltym\u0173 koncentrato ir EFA turtingo saul\u0117gr\u0105\u017e\u0173 aliejaus matricos mi\u0161inys sukuria \u0161i\u0105 patentuot\u0105 formul\u0119, kuri idealiai tinka veganams ir yra daug baltym\u0173 turintis, protingas pasirinkimas ir ne veganams.<\/li>\n<li>I\u0161 ties\u0173, vienoje porcijoje yra daugiau nei 4,5 g BCAA, tod\u0117l RAWFUSION aminor\u016bg\u0161\u010di\u0173 profilis prilygsta pieno baltym\u0173 aminor\u016bg\u0161\u010di\u0173 profiliui, ta\u010diau neturi joki\u0173 pieno ar gyvulin\u0117s kilm\u0117s baltym\u0173 tr\u016bkum\u0173.<\/li>\n<\/ul>","protected":false},"excerpt":{"rendered":"<p>Vegan nutritional supplement containing vegetable protein and amino acids SAN RawFusion is a mixture of peas, brown rice, artichokes and sunflower oil. Contains 21g of protein and 4.5g of BCAA per serving. Flavor: Natural Chocolate, package contains: 931g. Gluten-free, GMO-free.<\/p>","protected":false},"featured_media":51542,"comment_status":"closed","ping_status":"closed","template":"","meta":{"advanced_seo_description":"","jetpack_seo_html_title":"","jetpack_seo_noindex":false},"pwb-brand":[431],"product_brand":[4740],"product_cat":[132,133],"product_tag":[1445,1378,1443],"class_list":{"0":"post-5245","1":"product","2":"type-product","3":"status-publish","4":"has-post-thumbnail","6":"pwb-brand-san","7":"product_brand-san","8":"product_cat-sports-nutrition","9":"product_cat-vegan-proteins","10":"product_tag-protein-for-men","11":"product_tag-protein-with-amino-acids","12":"product_tag-vegetable-protein","13":"brand_woo-san","15":"first","16":"instock","17":"featured","18":"taxable","19":"shipping-taxable","20":"purchasable","21":"product-type-simple"},"jetpack_sharing_enabled":true,"brands":[{"id":431,"name":"SAN","slug":"san"}],"_links":{"self":[{"href":"https:\/\/veganova.eu\/lt\/wp-json\/wp\/v2\/product\/5245","targetHints":{"allow":["GET"]}}],"collection":[{"href":"https:\/\/veganova.eu\/lt\/wp-json\/wp\/v2\/product"}],"about":[{"href":"https:\/\/veganova.eu\/lt\/wp-json\/wp\/v2\/types\/product"}],"replies":[{"embeddable":true,"href":"https:\/\/veganova.eu\/lt\/wp-json\/wp\/v2\/comments?post=5245"}],"version-history":[{"count":1,"href":"https:\/\/veganova.eu\/lt\/wp-json\/wp\/v2\/product\/5245\/revisions"}],"predecessor-version":[{"id":58349,"href":"https:\/\/veganova.eu\/lt\/wp-json\/wp\/v2\/product\/5245\/revisions\/58349"}],"wp:featuredmedia":[{"embeddable":true,"href":"https:\/\/veganova.eu\/lt\/wp-json\/wp\/v2\/media\/51542"}],"wp:attachment":[{"href":"https:\/\/veganova.eu\/lt\/wp-json\/wp\/v2\/media?parent=5245"}],"wp:term":[{"taxonomy":"pwb-brand","embeddable":true,"href":"https:\/\/veganova.eu\/lt\/wp-json\/wp\/v2\/pwb-brand?post=5245"},{"taxonomy":"product_brand","embeddable":true,"href":"https:\/\/veganova.eu\/lt\/wp-json\/wp\/v2\/product_brand?post=5245"},{"taxonomy":"product_cat","embeddable":true,"href":"https:\/\/veganova.eu\/lt\/wp-json\/wp\/v2\/product_cat?post=5245"},{"taxonomy":"product_tag","embeddable":true,"href":"https:\/\/veganova.eu\/lt\/wp-json\/wp\/v2\/product_tag?post=5245"}],"curies":[{"name":"wp","href":"https:\/\/api.w.org\/{rel}","templated":true}]}}