{"id":5319,"date":"2023-10-01T17:10:24","date_gmt":"2023-10-01T15:10:24","guid":{"rendered":"https:\/\/veganova.eu\/?post_type=product&#038;p=5319"},"modified":"2026-04-21T07:24:47","modified_gmt":"2026-04-21T05:24:47","slug":"swanson-black-cumin-seed-oil-500mg-60-liquid-kaps","status":"publish","type":"product","link":"https:\/\/veganova.eu\/lt\/shop\/swanson-black-cumin-seed-oil-500mg-60-liquid-kaps\/","title":{"rendered":"\"Swanson\" juod\u0173j\u0173 kmyn\u0173 s\u0117kl\u0173 aliejus, 500 mg (60 kapsuli\u0173)"},"content":{"rendered":"<h3>\"Swanson\" juod\u0173j\u0173 kmyn\u0173 s\u0117kl\u0173 aliejus, 500 mg (60 skyst\u0173 kapsuli\u0173)<\/h3>\n<p>Sud\u0117tyje yra omega-6 linolo r\u016bg\u0161ties ir omega-9 oleino r\u016bg\u0161\u010di\u0173<br \/>\nSkatina bendr\u0105 k\u016bno sveikatingum\u0105<br \/>\nPalaiko imunin\u0119 sveikat\u0105<\/p>\n<p>Juod\u0173j\u0173 kmyn\u0173 s\u0117kl\u0173 aliejus spar\u010diai populiar\u0117ja kaip kasdienis papildas, skirtas bendrai k\u016bno savijautai palaikyti. Nors juodieji kmynai yra palyginti naujas papildas, ta\u010diau patys juodieji kmynai jau \u0161imtme\u010dius naudojami kaip sveikatinimo priemon\u0117. \u0160iandien mokslininkai tiria daugiau nei 100 s\u0117klose esan\u010di\u0173 sudedam\u0173j\u0173 dali\u0173, kad nustatyt\u0173 tikr\u0105j\u012f j\u0173 potencial\u0105. M\u016bs\u0173 juod\u0173j\u0173 kmyn\u0173 s\u0117kl\u0173 aliejaus kapsul\u0117se yra sveikas kiekis omega-6 linolo r\u016bg\u0161ties ir omega-9 oleino r\u016bg\u0161ties bei vis\u0173 \u0161iame nuostabiame produkte randam\u0173 maistini\u0173 med\u017eiag\u0173.<\/p>","protected":false},"excerpt":{"rendered":"<p>Vegetari\u0161kas maisto papildas \"Swanson\" juod\u0173j\u0173 kmyn\u0173 s\u0117kl\u0173 aliejus, 500 mg, kuriame gausu omega 6 ir omega 9 riebal\u0173 r\u016bg\u0161\u010di\u0173, palaiko imunin\u0119 sistem\u0105 ir bendr\u0105 sveikat\u0105 bei gerov\u0119. Pakuot\u0117je yra: 60 skyst\u0173 kapsuli\u0173.<\/p>","protected":false},"featured_media":52927,"comment_status":"closed","ping_status":"closed","template":"","meta":{"advanced_seo_description":"","jetpack_seo_html_title":"","jetpack_seo_noindex":false},"pwb-brand":[450],"product_brand":[4753],"product_cat":[289,149],"product_tag":[1167,1158,1117,1155],"class_list":{"0":"post-5319","1":"product","2":"type-product","3":"status-publish","4":"has-post-thumbnail","6":"pwb-brand-swanson","7":"product_brand-swanson","8":"product_cat-heart-and-blood-vessels","9":"product_cat-superfoods","10":"product_tag-blood-vessels","11":"product_tag-heart","12":"product_tag-immunity","13":"product_tag-inflammation","14":"brand_woo-swanson","16":"first","17":"instock","18":"taxable","19":"shipping-taxable","20":"purchasable","21":"product-type-simple"},"jetpack_sharing_enabled":true,"brands":[{"id":450,"name":"Swanson","slug":"swanson"}],"_links":{"self":[{"href":"https:\/\/veganova.eu\/lt\/wp-json\/wp\/v2\/product\/5319","targetHints":{"allow":["GET"]}}],"collection":[{"href":"https:\/\/veganova.eu\/lt\/wp-json\/wp\/v2\/product"}],"about":[{"href":"https:\/\/veganova.eu\/lt\/wp-json\/wp\/v2\/types\/product"}],"replies":[{"embeddable":true,"href":"https:\/\/veganova.eu\/lt\/wp-json\/wp\/v2\/comments?post=5319"}],"version-history":[{"count":1,"href":"https:\/\/veganova.eu\/lt\/wp-json\/wp\/v2\/product\/5319\/revisions"}],"predecessor-version":[{"id":58417,"href":"https:\/\/veganova.eu\/lt\/wp-json\/wp\/v2\/product\/5319\/revisions\/58417"}],"wp:featuredmedia":[{"embeddable":true,"href":"https:\/\/veganova.eu\/lt\/wp-json\/wp\/v2\/media\/52927"}],"wp:attachment":[{"href":"https:\/\/veganova.eu\/lt\/wp-json\/wp\/v2\/media?parent=5319"}],"wp:term":[{"taxonomy":"pwb-brand","embeddable":true,"href":"https:\/\/veganova.eu\/lt\/wp-json\/wp\/v2\/pwb-brand?post=5319"},{"taxonomy":"product_brand","embeddable":true,"href":"https:\/\/veganova.eu\/lt\/wp-json\/wp\/v2\/product_brand?post=5319"},{"taxonomy":"product_cat","embeddable":true,"href":"https:\/\/veganova.eu\/lt\/wp-json\/wp\/v2\/product_cat?post=5319"},{"taxonomy":"product_tag","embeddable":true,"href":"https:\/\/veganova.eu\/lt\/wp-json\/wp\/v2\/product_tag?post=5319"}],"curies":[{"name":"wp","href":"https:\/\/api.w.org\/{rel}","templated":true}]}}