{"id":5325,"date":"2023-10-01T17:10:26","date_gmt":"2023-10-01T15:10:26","guid":{"rendered":"https:\/\/veganova.eu\/?post_type=product&#038;p=5325"},"modified":"2026-04-21T07:24:48","modified_gmt":"2026-04-21T05:24:48","slug":"swanson-turmeric-black-pepper-60-kaps","status":"publish","type":"product","link":"https:\/\/veganova.eu\/lt\/shop\/swanson-turmeric-black-pepper-60-kaps\/","title":{"rendered":"\"Swanson\" ciber\u017eol\u0117 ir juodieji pipirai (60 kapsuli\u0173)"},"content":{"rendered":"<h3>\"Swanson\" ciber\u017eol\u0117 ir juodieji pipirai (60 kapsuli\u0173)<\/h3>\n<p>Palaiko s\u0105nari\u0173 sveikat\u0105, jud\u0117jim\u0105 ir fizin\u0119 funkcij\u0105<br \/>\nSi\u016blo antioksidacin\u0119 param\u0105 laisviesiems radikalams neutralizuoti<br \/>\nJuodieji pipirai padidina biologin\u012f prieinamum\u0105<\/p>\n<p>M\u016bs\u0173 kapsul\u0117se yra 600 mg ciber\u017eol\u0117s, praturtintos juodaisiais pipirais, kad b\u016bt\u0173 u\u017etikrintas optimalus biologinis prieinamumas. Nuo sen\u0173 laik\u0173 Indijos ajurvedos \u017eolininkai ciber\u017eol\u0119 vartojo kaip \u0161irdies ir kraujagysli\u0173 bei kepen\u0173 sveikat\u0105 stiprinan\u010di\u0105 priemon\u0119 ir s\u0105nari\u0173 komfort\u0105 bei judrum\u0105 skatinan\u010di\u0105 priemon\u0119. \u0160iuolaikinis mokslas atskleid\u0117, kad ciber\u017eol\u0117s sud\u0117tyje yra unikali\u0173 fitochemini\u0173 med\u017eiag\u0173, vadinam\u0173 kurkuminoidais, kurie pasi\u017eymi stipriu antioksidaciniu poveikiu ir skatina organizmo endogenini\u0173 antioksidacini\u0173 ferment\u0173 aktyvum\u0105, taip suduodami vien\u0105 du sm\u016bgius laisviesiems radikalams naikinti.<\/p>","protected":false},"excerpt":{"rendered":"<p>Vegetari\u0161kas maisto papildas \"Swanson Turmeric &amp; Black Pepper\" turi daug antioksidant\u0173 ir bioflavonoid\u0173. Ajurvedoje jis vartojamas kepenims valyti ir \u0161irdies bei kraujagysli\u0173 sistemai palaikyti. Taip pat palaiko sveikus s\u0105narius ir judrum\u0105. Pakuot\u0117je yra: 60 lengvai vir\u0161kinam\u0173 vegetari\u0161k\u0173 kapsuli\u0173.<\/p>","protected":false},"featured_media":52918,"comment_status":"closed","ping_status":"closed","template":"","meta":{"advanced_seo_description":"","jetpack_seo_html_title":"","jetpack_seo_noindex":false},"pwb-brand":[450],"product_brand":[4753],"product_cat":[289,597,2600,149],"product_tag":[1414,1241,1450,1037,1117,1154],"class_list":{"0":"post-5325","1":"product","2":"type-product","3":"status-publish","4":"has-post-thumbnail","6":"pwb-brand-swanson","7":"product_brand-swanson","8":"product_cat-heart-and-blood-vessels","9":"product_cat-body-immunity","10":"product_cat-inflammation","11":"product_cat-superfoods","12":"product_tag-antioxidants","13":"product_tag-cardiovascular-system","14":"product_tag-cleansing","15":"product_tag-detox","16":"product_tag-immunity","17":"product_tag-liver","18":"brand_woo-swanson","20":"first","21":"instock","22":"taxable","23":"shipping-taxable","24":"purchasable","25":"product-type-simple"},"jetpack_sharing_enabled":true,"brands":[{"id":450,"name":"Swanson","slug":"swanson"}],"_links":{"self":[{"href":"https:\/\/veganova.eu\/lt\/wp-json\/wp\/v2\/product\/5325","targetHints":{"allow":["GET"]}}],"collection":[{"href":"https:\/\/veganova.eu\/lt\/wp-json\/wp\/v2\/product"}],"about":[{"href":"https:\/\/veganova.eu\/lt\/wp-json\/wp\/v2\/types\/product"}],"replies":[{"embeddable":true,"href":"https:\/\/veganova.eu\/lt\/wp-json\/wp\/v2\/comments?post=5325"}],"version-history":[{"count":1,"href":"https:\/\/veganova.eu\/lt\/wp-json\/wp\/v2\/product\/5325\/revisions"}],"predecessor-version":[{"id":58422,"href":"https:\/\/veganova.eu\/lt\/wp-json\/wp\/v2\/product\/5325\/revisions\/58422"}],"wp:featuredmedia":[{"embeddable":true,"href":"https:\/\/veganova.eu\/lt\/wp-json\/wp\/v2\/media\/52918"}],"wp:attachment":[{"href":"https:\/\/veganova.eu\/lt\/wp-json\/wp\/v2\/media?parent=5325"}],"wp:term":[{"taxonomy":"pwb-brand","embeddable":true,"href":"https:\/\/veganova.eu\/lt\/wp-json\/wp\/v2\/pwb-brand?post=5325"},{"taxonomy":"product_brand","embeddable":true,"href":"https:\/\/veganova.eu\/lt\/wp-json\/wp\/v2\/product_brand?post=5325"},{"taxonomy":"product_cat","embeddable":true,"href":"https:\/\/veganova.eu\/lt\/wp-json\/wp\/v2\/product_cat?post=5325"},{"taxonomy":"product_tag","embeddable":true,"href":"https:\/\/veganova.eu\/lt\/wp-json\/wp\/v2\/product_tag?post=5325"}],"curies":[{"name":"wp","href":"https:\/\/api.w.org\/{rel}","templated":true}]}}