{"id":5418,"date":"2023-10-01T17:11:12","date_gmt":"2023-10-01T15:11:12","guid":{"rendered":"https:\/\/veganova.eu\/?post_type=product&#038;p=5418"},"modified":"2026-04-21T07:24:53","modified_gmt":"2026-04-21T05:24:53","slug":"applied-nutrition-abe-all-black-everything-strawberry-mojito-315g","status":"publish","type":"product","link":"https:\/\/veganova.eu\/lt\/shop\/applied-nutrition-abe-all-black-everything-strawberry-mojito-315g\/","title":{"rendered":"Applied Nutrition ABE - \"All Black Everything\", \"Strawberry Mojito\" - 315g"},"content":{"rendered":"<h3>Applied Nutrition ABE - \"All Black Everything\", \"Strawberry Mojito\" - 315g<\/h3>\n<p>\"ABE Ultimate Pre-Workout\" yra unikalus labiausiai i\u0161tirt\u0173 ergogenini\u0173 pagalbini\u0173 med\u017eiag\u0173 ir efektyvumo ingredient\u0173 mi\u0161inys, kuris skatina fizin\u012f darbingum\u0105, ma\u017eina nuovarg\u012f ir pavargim\u0105 bei padeda geriau sutelkti d\u0117mes\u012f treniruo\u010di\u0173 metu.<\/p>","protected":false},"excerpt":{"rendered":"<p>Vegan pre-workout in the form of Applied Nutrition ABE All Black Everything powder will provide energy for training and all the necessary nutrients for sportsmen\/athletes. Flavor: Strawberry Mojito. Package contents: 315g. The best selling product in the UK.<\/p>","protected":false},"featured_media":52903,"comment_status":"closed","ping_status":"closed","template":"","meta":{"advanced_seo_description":"","jetpack_seo_html_title":"","jetpack_seo_noindex":false},"pwb-brand":[202],"product_brand":[4592],"product_cat":[203,132],"product_tag":[860,1456,1455,1181,1207],"class_list":{"0":"post-5418","1":"product","2":"type-product","3":"status-publish","4":"has-post-thumbnail","6":"pwb-brand-applied-nutrition","7":"product_brand-applied-nutrition","8":"product_cat-pre-workout","9":"product_cat-sports-nutrition","10":"product_tag-energy","11":"product_tag-fatigue-reduction","12":"product_tag-interval-training","13":"product_tag-performance","14":"product_tag-strength","15":"brand_woo-applied-nutrition","17":"first","18":"instock","19":"taxable","20":"shipping-taxable","21":"purchasable","22":"product-type-simple"},"jetpack_sharing_enabled":true,"brands":[{"id":202,"name":"Taikomoji mityba","slug":"applied-nutrition"}],"_links":{"self":[{"href":"https:\/\/veganova.eu\/lt\/wp-json\/wp\/v2\/product\/5418","targetHints":{"allow":["GET"]}}],"collection":[{"href":"https:\/\/veganova.eu\/lt\/wp-json\/wp\/v2\/product"}],"about":[{"href":"https:\/\/veganova.eu\/lt\/wp-json\/wp\/v2\/types\/product"}],"replies":[{"embeddable":true,"href":"https:\/\/veganova.eu\/lt\/wp-json\/wp\/v2\/comments?post=5418"}],"version-history":[{"count":1,"href":"https:\/\/veganova.eu\/lt\/wp-json\/wp\/v2\/product\/5418\/revisions"}],"predecessor-version":[{"id":58498,"href":"https:\/\/veganova.eu\/lt\/wp-json\/wp\/v2\/product\/5418\/revisions\/58498"}],"wp:featuredmedia":[{"embeddable":true,"href":"https:\/\/veganova.eu\/lt\/wp-json\/wp\/v2\/media\/52903"}],"wp:attachment":[{"href":"https:\/\/veganova.eu\/lt\/wp-json\/wp\/v2\/media?parent=5418"}],"wp:term":[{"taxonomy":"pwb-brand","embeddable":true,"href":"https:\/\/veganova.eu\/lt\/wp-json\/wp\/v2\/pwb-brand?post=5418"},{"taxonomy":"product_brand","embeddable":true,"href":"https:\/\/veganova.eu\/lt\/wp-json\/wp\/v2\/product_brand?post=5418"},{"taxonomy":"product_cat","embeddable":true,"href":"https:\/\/veganova.eu\/lt\/wp-json\/wp\/v2\/product_cat?post=5418"},{"taxonomy":"product_tag","embeddable":true,"href":"https:\/\/veganova.eu\/lt\/wp-json\/wp\/v2\/product_tag?post=5418"}],"curies":[{"name":"wp","href":"https:\/\/api.w.org\/{rel}","templated":true}]}}