{"id":54509,"date":"2025-05-17T15:59:50","date_gmt":"2025-05-17T13:59:50","guid":{"rendered":"https:\/\/veganova.eu\/?post_type=product&#038;p=54509"},"modified":"2026-04-21T07:26:22","modified_gmt":"2026-04-21T05:26:22","slug":"now-foods-creatine-monohydrate-750mg-120-vcaps","status":"publish","type":"product","link":"https:\/\/veganova.eu\/lt\/shop\/now-foods-creatine-monohydrate-750mg-120-vcaps\/","title":{"rendered":"NOW Foods Creatine Monohydrate, 750mg &#8211; 120 vcaps"},"content":{"rendered":"<h3>NOW Foods Creatine Monohydrate, 750mg &#8211; 120 vcaps<\/h3>\n<p>Raumen\u0173 kuras<br \/>\nLiesa mas\u0117<br \/>\nKreatinas yra nat\u016braliai organizme, daugiausia skeleto raumenyse, atsirandantis junginys. Kreatino funkcija - b\u016bti adenozintrifosfato (ATP), chemin\u0117s energijos, kuri\u0105 naudoja visos l\u0105stel\u0117s, pirmtaku. K\u016bno kreatino atsargos sukuria lengvai prieinamo ATP energijos rezerv\u0105, kuris b\u016btinas greitiems galios ir j\u0117gos pli\u016bpsniams. Tyrimai parod\u0117, kad kreatino papildai gali pad\u0117ti i\u0161laikyti esam\u0105 raumen\u0173 audin\u012f, palaikyti liesos mas\u0117s augim\u0105 ir vystym\u0105si bei skatinti optimal\u0173 darbingum\u0105 trump\u0173 intensyvi\u0173 treniruo\u010di\u0173 metu. NOW kreatino monohidrato sud\u0117tyje n\u0117ra pried\u0173 ir konservant\u0173.<\/p>","protected":false},"excerpt":{"rendered":"<p>NOW Foods Creatine Monohydrate, 750mg &#8211; 120 vcaps Muscle Fuel Lean Mass Creatine is a compound that occurs naturally in the body, primarily in skeletal muscle. Creatine\u2019s function is to serve as a precursor to adenosine triphosphate (ATP), the form of chemical energy used by all cells. Body stores of creatine create a pool of [&hellip;]<\/p>\n","protected":false},"featured_media":55377,"comment_status":"closed","ping_status":"closed","template":"","meta":{"advanced_seo_description":"","jetpack_seo_html_title":"","jetpack_seo_noindex":false},"pwb-brand":[173],"product_brand":[4580],"product_cat":[272,132],"product_tag":[],"class_list":{"0":"post-54509","1":"product","2":"type-product","3":"status-publish","4":"has-post-thumbnail","6":"pwb-brand-now-foods","7":"product_brand-now-foods","8":"product_cat-creatines","9":"product_cat-sports-nutrition","10":"brand_woo-now-foods","12":"first","13":"instock","14":"taxable","15":"shipping-taxable","16":"purchasable","17":"product-type-simple"},"jetpack_sharing_enabled":true,"brands":[{"id":173,"name":"NOW Foods","slug":"now-foods"}],"_links":{"self":[{"href":"https:\/\/veganova.eu\/lt\/wp-json\/wp\/v2\/product\/54509","targetHints":{"allow":["GET"]}}],"collection":[{"href":"https:\/\/veganova.eu\/lt\/wp-json\/wp\/v2\/product"}],"about":[{"href":"https:\/\/veganova.eu\/lt\/wp-json\/wp\/v2\/types\/product"}],"replies":[{"embeddable":true,"href":"https:\/\/veganova.eu\/lt\/wp-json\/wp\/v2\/comments?post=54509"}],"version-history":[{"count":3,"href":"https:\/\/veganova.eu\/lt\/wp-json\/wp\/v2\/product\/54509\/revisions"}],"predecessor-version":[{"id":59521,"href":"https:\/\/veganova.eu\/lt\/wp-json\/wp\/v2\/product\/54509\/revisions\/59521"}],"wp:featuredmedia":[{"embeddable":true,"href":"https:\/\/veganova.eu\/lt\/wp-json\/wp\/v2\/media\/55377"}],"wp:attachment":[{"href":"https:\/\/veganova.eu\/lt\/wp-json\/wp\/v2\/media?parent=54509"}],"wp:term":[{"taxonomy":"pwb-brand","embeddable":true,"href":"https:\/\/veganova.eu\/lt\/wp-json\/wp\/v2\/pwb-brand?post=54509"},{"taxonomy":"product_brand","embeddable":true,"href":"https:\/\/veganova.eu\/lt\/wp-json\/wp\/v2\/product_brand?post=54509"},{"taxonomy":"product_cat","embeddable":true,"href":"https:\/\/veganova.eu\/lt\/wp-json\/wp\/v2\/product_cat?post=54509"},{"taxonomy":"product_tag","embeddable":true,"href":"https:\/\/veganova.eu\/lt\/wp-json\/wp\/v2\/product_tag?post=54509"}],"curies":[{"name":"wp","href":"https:\/\/api.w.org\/{rel}","templated":true}]}}