{"id":54527,"date":"2025-05-17T15:59:52","date_gmt":"2025-05-17T13:59:52","guid":{"rendered":"https:\/\/veganova.eu\/?post_type=product&#038;p=54527"},"modified":"2026-04-21T07:26:23","modified_gmt":"2026-04-21T05:26:23","slug":"applied-nutrition-critical-greens-unflavoured-150g","status":"publish","type":"product","link":"https:\/\/veganova.eu\/lt\/shop\/applied-nutrition-critical-greens-unflavoured-150g\/","title":{"rendered":"Applied Nutrition Critical Greens, Unflavoured &#8211; 150g"},"content":{"rendered":"<h3>Applied Nutrition Critical Greens, Unflavoured &#8211; 150g<\/h3>\n<p>\"Critical Greens\" sud\u0117tyje yra 17 super\u017eali\u0173 ekstrakt\u0173, \u012fskaitant brokoli\u0173, salier\u0173, \u0161pinat\u0173, kvie\u010di\u0173 \u017eol\u0117s ir lapini\u0173 kop\u016bst\u0173 miltelius. M\u016bs\u0173 \"Critical\" mi\u0161in\u012f galima tiesiog \u012fmai\u0161yti \u012f baltym\u0173 kokteil\u012f, vaisi\u0173 kokteil\u012f arba sumai\u0161yti su vandeniu, kad skonis b\u016bt\u0173 gaivus ir nat\u016bralus.<\/p>\n<p>PAGRINDINIAI PRIVALUMAI<\/p>\n<p>Galutinis atleti\u0161kas super \u017ealumyn\u0173 mi\u0161inys<br \/>\nNaudojamas kartu su penkiomis dienomis<br \/>\n17 super\u017eali\u0173 ingredient\u0173<br \/>\n\u0160vie\u017eias nat\u016bralus skonis<br \/>\nTinka veganams ir vegetarams<br \/>\nHalal sertifikuotas produktas<\/p>","protected":false},"excerpt":{"rendered":"<p>Applied Nutrition Critical Greens, Unflavoured &#8211; 150g. Critical Greens is packed with 17 super-greens extracts including broccoli, celery, spinach, wheatgrass, and kale powder, get your athletic greens in a super-convenient way. Our critical blend can simply be added to your protein shake, fruit smoothie or can be mixed with water for a fresh natural taste.<\/p>","protected":false},"featured_media":55564,"comment_status":"closed","ping_status":"closed","template":"","meta":{"advanced_seo_description":"","jetpack_seo_html_title":"","jetpack_seo_noindex":false},"pwb-brand":[202],"product_brand":[4592],"product_cat":[149],"product_tag":[],"class_list":{"0":"post-54527","1":"product","2":"type-product","3":"status-publish","4":"has-post-thumbnail","6":"pwb-brand-applied-nutrition","7":"product_brand-applied-nutrition","8":"product_cat-superfoods","9":"brand_woo-applied-nutrition","11":"first","12":"outofstock","13":"taxable","14":"shipping-taxable","15":"purchasable","16":"product-type-simple"},"jetpack_sharing_enabled":true,"brands":[{"id":202,"name":"Taikomoji mityba","slug":"applied-nutrition"}],"_links":{"self":[{"href":"https:\/\/veganova.eu\/lt\/wp-json\/wp\/v2\/product\/54527","targetHints":{"allow":["GET"]}}],"collection":[{"href":"https:\/\/veganova.eu\/lt\/wp-json\/wp\/v2\/product"}],"about":[{"href":"https:\/\/veganova.eu\/lt\/wp-json\/wp\/v2\/types\/product"}],"replies":[{"embeddable":true,"href":"https:\/\/veganova.eu\/lt\/wp-json\/wp\/v2\/comments?post=54527"}],"version-history":[{"count":4,"href":"https:\/\/veganova.eu\/lt\/wp-json\/wp\/v2\/product\/54527\/revisions"}],"predecessor-version":[{"id":59529,"href":"https:\/\/veganova.eu\/lt\/wp-json\/wp\/v2\/product\/54527\/revisions\/59529"}],"wp:featuredmedia":[{"embeddable":true,"href":"https:\/\/veganova.eu\/lt\/wp-json\/wp\/v2\/media\/55564"}],"wp:attachment":[{"href":"https:\/\/veganova.eu\/lt\/wp-json\/wp\/v2\/media?parent=54527"}],"wp:term":[{"taxonomy":"pwb-brand","embeddable":true,"href":"https:\/\/veganova.eu\/lt\/wp-json\/wp\/v2\/pwb-brand?post=54527"},{"taxonomy":"product_brand","embeddable":true,"href":"https:\/\/veganova.eu\/lt\/wp-json\/wp\/v2\/product_brand?post=54527"},{"taxonomy":"product_cat","embeddable":true,"href":"https:\/\/veganova.eu\/lt\/wp-json\/wp\/v2\/product_cat?post=54527"},{"taxonomy":"product_tag","embeddable":true,"href":"https:\/\/veganova.eu\/lt\/wp-json\/wp\/v2\/product_tag?post=54527"}],"curies":[{"name":"wp","href":"https:\/\/api.w.org\/{rel}","templated":true}]}}