{"id":54551,"date":"2025-05-17T15:59:55","date_gmt":"2025-05-17T13:59:55","guid":{"rendered":"https:\/\/veganova.eu\/?post_type=product&#038;p=54551"},"modified":"2026-04-21T07:26:23","modified_gmt":"2026-04-21T05:26:23","slug":"hr-labs-defib-v3-advanced-pre-workout-catalyst-american-cream-soda-limited-edition-420g","status":"publish","type":"product","link":"https:\/\/veganova.eu\/lt\/shop\/hr-labs-defib-v3-advanced-pre-workout-catalyst-american-cream-soda-limited-edition-420g\/","title":{"rendered":"HR Labs Defib V3 &#8211; Advanced Pre Workout Catalyst, American Cream Soda (Limited Edition) &#8211; 420g"},"content":{"rendered":"<h3>HR Labs Defib V3 &#8211; Advanced Pre Workout Catalyst, American Cream Soda (Limited Edition) &#8211; 420g<\/h3>\n<p>Mes nesustojame. \"Defib\" atne\u0161\u0117 j\u012f su \"OG\", pak\u0117l\u0117 lyg\u012f su \"V2\" ir yra \u010dia, kad perimt\u0173 vald\u017ei\u0105 su \"V3\".<\/p>\n<p>Esame \"sukurti pa\u017eangai\". Dveji metai maisto papild\u0173 pramon\u0117je yra ilgas laiko tarpas. Naujos sudedam\u0173j\u0173 dali\u0173 inovacijos rei\u0161kia naujas galimybes patobulinti esamus preparatus taip, kaip tai buvo ne\u012fmanoma vos prie\u0161 kelis m\u0117nesius.<\/p>\n<p>\"Defib V2\" sulauk\u0117 beproti\u0161kos meil\u0117s. Tai buvo sportinink\u0173 kasdienis auk\u0161tos kokyb\u0117s vairuotojas, kur\u012f prie\u0161 treniruot\u0119 rinkosi t\u016bkstan\u010diai \u017emoni\u0173. Li\u016bdna, kad jis i\u0161nyko? Neb\u016bkite. Su V3 pasinaudojome galimybe tobul\u0117ti ir tai padar\u0117me.<\/p>\n<p>Defib V3: Saiyan galia, ekstremali energija, lazerinis susitelkimas, nulin\u0117 avarija ir tobulas dozavimas!<\/p>\n<p>\"Defib V3\" yra neabejotinas. Teis\u0117tai vienas i\u0161 labiausiai i\u0161baigt\u0173 kasdieni\u0173 vairuotoj\u0173 rinkoje ir dabar j\u012f pavadinsime geriausiu skoniu. Tikrai dr\u0105sus parei\u0161kimas, bet, m\u016bs\u0173 nuomone, visi\u0161kai pagr\u012fstas. Mes \u0117m\u0117m\u0117s daugialypio, sinergetinio po\u017ei\u016brio \u012f prie\u0161 treniruot\u0119 sprend\u017eiam\u0105 galvos\u016bk\u012f ir \u012fveik\u0117me kod\u0105!<\/p>\n<p>Prie\u0161 treniruot\u0119 kategorija yra min\u0173 laukas. Neapgalvoti, pasen\u0119 preparatai ir pig\u016bs, nepakankamai dozuoti, neveiksmingi produktai u\u017eima per daug vietos lentynose. Tai sumai\u0161ykite su \u0161e\u0161\u0117liniais \"juodosios rinkos\" pre preparatais, kurie tiek pat atitinka reikalavimus, kiek ir yra skaidr\u016bs, ir nenuostabu, kad \u017emon\u0117s ne\u017eino, k\u0105 naudoti.<\/p>\n<p>Laimei, tendencijos kei\u010diasi! Vartotojai tampa vis labiau i\u0161silavin\u0119 ir pagr\u012fstai kelia brands auk\u0161tesnius reikalavimus. Vis daugiau brands visk\u0105 daro teisingai ir gerai, ir mes esame vieni i\u0161 j\u0173. \"Defib V3\" suk\u016br\u0117 \u017emon\u0117s, kurie treniruojasi, \u017emon\u0117ms, kurie treniruojasi. Mes kuriame tik tokius produktus, kuriuos patys norime naudoti - m\u016bs\u0173 laim\u0117jimai yra j\u016bs\u0173 laim\u0117jimai!<\/p>\n<p>\"Defib V3\" moksliniais tyrimais pagr\u012fstoje formul\u0117je naudojamos optimalios veiksming\u0173 ingredient\u0173 doz\u0117s, ji yra visi\u0161kai skaidri ir pakrauta taip, kad kiekvien\u0105 kart\u0105 b\u016bt\u0173 pristatyta laiku. Sukurta pa\u017eangai!<\/p>","protected":false},"excerpt":{"rendered":"<p>HR Labs Defib V3 &#8211; Advanced Pre Workout Catalyst, American Cream Soda (Limited Edition) &#8211; 420g We don\u2019t stop. Defib brought it with the OG, levelled up with V2 and is here to take over with V3. We are \u2018Made for Progress\u2019. Two years in the supplement industry is a long time. New ingredient innovations [&hellip;]<\/p>\n","protected":false},"featured_media":55874,"comment_status":"closed","ping_status":"closed","template":"","meta":{"advanced_seo_description":"","jetpack_seo_html_title":"","jetpack_seo_noindex":false},"pwb-brand":[2181],"product_brand":[4952],"product_cat":[203,132],"product_tag":[],"class_list":{"0":"post-54551","1":"product","2":"type-product","3":"status-publish","4":"has-post-thumbnail","6":"pwb-brand-hr-labs","7":"product_brand-hr-labs","8":"product_cat-pre-workout","9":"product_cat-sports-nutrition","10":"brand_woo-hr-labs","12":"first","13":"outofstock","14":"taxable","15":"shipping-taxable","16":"purchasable","17":"product-type-simple"},"jetpack_sharing_enabled":true,"brands":[{"id":2181,"name":"\u017dmogi\u0161k\u0173j\u0173 i\u0161tekli\u0173 laboratorijos","slug":"hr-labs"}],"_links":{"self":[{"href":"https:\/\/veganova.eu\/lt\/wp-json\/wp\/v2\/product\/54551","targetHints":{"allow":["GET"]}}],"collection":[{"href":"https:\/\/veganova.eu\/lt\/wp-json\/wp\/v2\/product"}],"about":[{"href":"https:\/\/veganova.eu\/lt\/wp-json\/wp\/v2\/types\/product"}],"replies":[{"embeddable":true,"href":"https:\/\/veganova.eu\/lt\/wp-json\/wp\/v2\/comments?post=54551"}],"version-history":[{"count":3,"href":"https:\/\/veganova.eu\/lt\/wp-json\/wp\/v2\/product\/54551\/revisions"}],"predecessor-version":[{"id":59540,"href":"https:\/\/veganova.eu\/lt\/wp-json\/wp\/v2\/product\/54551\/revisions\/59540"}],"wp:featuredmedia":[{"embeddable":true,"href":"https:\/\/veganova.eu\/lt\/wp-json\/wp\/v2\/media\/55874"}],"wp:attachment":[{"href":"https:\/\/veganova.eu\/lt\/wp-json\/wp\/v2\/media?parent=54551"}],"wp:term":[{"taxonomy":"pwb-brand","embeddable":true,"href":"https:\/\/veganova.eu\/lt\/wp-json\/wp\/v2\/pwb-brand?post=54551"},{"taxonomy":"product_brand","embeddable":true,"href":"https:\/\/veganova.eu\/lt\/wp-json\/wp\/v2\/product_brand?post=54551"},{"taxonomy":"product_cat","embeddable":true,"href":"https:\/\/veganova.eu\/lt\/wp-json\/wp\/v2\/product_cat?post=54551"},{"taxonomy":"product_tag","embeddable":true,"href":"https:\/\/veganova.eu\/lt\/wp-json\/wp\/v2\/product_tag?post=54551"}],"curies":[{"name":"wp","href":"https:\/\/api.w.org\/{rel}","templated":true}]}}