{"id":54593,"date":"2025-05-17T16:00:06","date_gmt":"2025-05-17T14:00:06","guid":{"rendered":"https:\/\/veganova.eu\/?post_type=product&#038;p=54593"},"modified":"2026-04-21T07:26:25","modified_gmt":"2026-04-21T05:26:25","slug":"applied-nutrition-endurance-energy-isotonic-energy-gel-vimto-20-x-60g","status":"publish","type":"product","link":"https:\/\/veganova.eu\/lt\/shop\/applied-nutrition-endurance-energy-isotonic-energy-gel-vimto-20-x-60g\/","title":{"rendered":"Applied Nutrition Endurance Energy Isotonic Energy Gel, Vimto &#8211; 20 x 60g"},"content":{"rendered":"<h3>Applied Nutrition Endurance Energy Isotonic Energy Gel, Vimto &#8211; 20 x 60g<\/h3>\n<p>I\u0161tverm\u0117s greitis - degal\u0173 energija<br \/>\nIsotonic Energy Gel<br \/>\n23g Carbohydrates | Zero Sugar<\/p>\n<p>Endurance Velocity-Fuel Energy delivers 23g of fast absorbing carbohydrates packed into a convenient sized gel sachet.<\/p>\n<p>PAGRINDINIAI PRIVALUMAI<br \/>\nInformuoto sporto partija, skirta sportininkams<br \/>\n23g Carbohydrates<br \/>\nZero Sugar<\/p>","protected":false},"excerpt":{"rendered":"<p>Applied Nutrition Endurance Energy Isotonic Energy Gel, Vimto &#8211; 20 x 60g. Endurance Velocity-Fuel Energy Isotonic Energy Gel 23g Carbohydrates | Zero Sugar  Endurance Velocity-Fuel Energy delivers 23g of fast absorbing carbohydrates packed into a convenient sized gel sachet. KEY BENEFITS Informed-Sport Batch Tested for Athletes 23g Carbohydrates Zero Sugar.<\/p>","protected":false},"featured_media":55912,"comment_status":"closed","ping_status":"closed","template":"","meta":{"advanced_seo_description":"","jetpack_seo_html_title":"","jetpack_seo_noindex":false},"pwb-brand":[202],"product_brand":[4592],"product_cat":[203,132],"product_tag":[],"class_list":{"0":"post-54593","1":"product","2":"type-product","3":"status-publish","4":"has-post-thumbnail","6":"pwb-brand-applied-nutrition","7":"product_brand-applied-nutrition","8":"product_cat-pre-workout","9":"product_cat-sports-nutrition","10":"brand_woo-applied-nutrition","12":"first","13":"instock","14":"taxable","15":"shipping-taxable","16":"purchasable","17":"product-type-simple"},"jetpack_sharing_enabled":true,"brands":[{"id":202,"name":"Taikomoji mityba","slug":"applied-nutrition"}],"_links":{"self":[{"href":"https:\/\/veganova.eu\/lt\/wp-json\/wp\/v2\/product\/54593","targetHints":{"allow":["GET"]}}],"collection":[{"href":"https:\/\/veganova.eu\/lt\/wp-json\/wp\/v2\/product"}],"about":[{"href":"https:\/\/veganova.eu\/lt\/wp-json\/wp\/v2\/types\/product"}],"replies":[{"embeddable":true,"href":"https:\/\/veganova.eu\/lt\/wp-json\/wp\/v2\/comments?post=54593"}],"version-history":[{"count":4,"href":"https:\/\/veganova.eu\/lt\/wp-json\/wp\/v2\/product\/54593\/revisions"}],"predecessor-version":[{"id":59560,"href":"https:\/\/veganova.eu\/lt\/wp-json\/wp\/v2\/product\/54593\/revisions\/59560"}],"wp:featuredmedia":[{"embeddable":true,"href":"https:\/\/veganova.eu\/lt\/wp-json\/wp\/v2\/media\/55912"}],"wp:attachment":[{"href":"https:\/\/veganova.eu\/lt\/wp-json\/wp\/v2\/media?parent=54593"}],"wp:term":[{"taxonomy":"pwb-brand","embeddable":true,"href":"https:\/\/veganova.eu\/lt\/wp-json\/wp\/v2\/pwb-brand?post=54593"},{"taxonomy":"product_brand","embeddable":true,"href":"https:\/\/veganova.eu\/lt\/wp-json\/wp\/v2\/product_brand?post=54593"},{"taxonomy":"product_cat","embeddable":true,"href":"https:\/\/veganova.eu\/lt\/wp-json\/wp\/v2\/product_cat?post=54593"},{"taxonomy":"product_tag","embeddable":true,"href":"https:\/\/veganova.eu\/lt\/wp-json\/wp\/v2\/product_tag?post=54593"}],"curies":[{"name":"wp","href":"https:\/\/api.w.org\/{rel}","templated":true}]}}