{"id":55061,"date":"2025-05-17T16:01:14","date_gmt":"2025-05-17T14:01:14","guid":{"rendered":"https:\/\/veganova.eu\/?post_type=product&#038;p=55061"},"modified":"2026-04-21T07:26:44","modified_gmt":"2026-04-21T05:26:44","slug":"trained-by-jp-oh-mega-v-180-softgels-2","status":"publish","type":"product","link":"https:\/\/veganova.eu\/lt\/shop\/trained-by-jp-oh-mega-v-180-softgels-2\/","title":{"rendered":"\"Trained by JP Oh-Mega V\" - 180 mink\u0161t\u0173j\u0173 kapsuli\u0173"},"content":{"rendered":"<h3>\"Trained by JP Oh-Mega V\" - 180 mink\u0161t\u0173j\u0173 kapsuli\u0173<\/h3>\n<p>M\u016bs\u0173 nepakei\u010diam\u0173j\u0173 riebal\u0173 r\u016bg\u0161\u010di\u0173 kapsul\u0117se yra optimali omega 3, 6 ir 9 riebal\u0173 r\u016bg\u0161\u010di\u0173 koncentracija i\u0161 auk\u0161\u010diausios kokyb\u0117s lin\u0173 s\u0117men\u0173 aliejaus.<\/p>\n<p>Sveikatai ir darbingumui labai svarbu gauti nepakei\u010diam\u0173j\u0173 riebal\u0173 r\u016bg\u0161\u010di\u0173 i\u0161 \u012fvairi\u0173 \u0161altini\u0173, tod\u0117l m\u016bs\u0173 vegani\u0161kos Omega kapsul\u0117s yra idealus b\u016bdas u\u017etikrinti, kad patenkintum\u0117te savo EFA poreikius.<\/p>","protected":false},"excerpt":{"rendered":"<p>Trained by JP Oh-Mega V &#8211; 180 softgels. Our essential fatty acid capsule provides optimal concentrations of omega 3, 6 and 9 from the highest quality flax seed oil. Obtaining our essential fatty acids from a diversity of sources is vital for health and performance, therefore using our Vegan friendly Omega capsules is an ideal way to ensure your meeting your EFA demands.<\/p>","protected":false},"featured_media":55614,"comment_status":"closed","ping_status":"closed","template":"","meta":{"advanced_seo_description":"","jetpack_seo_html_title":"","jetpack_seo_noindex":false},"pwb-brand":[2217],"product_brand":[4954],"product_cat":[2600],"product_tag":[],"class_list":{"0":"post-55061","1":"product","2":"type-product","3":"status-publish","4":"has-post-thumbnail","6":"pwb-brand-trained-by-jp","7":"product_brand-trained-by-jp","8":"product_cat-inflammation","9":"brand_woo-trained-by-jp","11":"first","12":"instock","13":"taxable","14":"shipping-taxable","15":"purchasable","16":"product-type-simple"},"jetpack_sharing_enabled":true,"brands":[{"id":2217,"name":"Apmokytas JP","slug":"trained-by-jp"}],"_links":{"self":[{"href":"https:\/\/veganova.eu\/lt\/wp-json\/wp\/v2\/product\/55061","targetHints":{"allow":["GET"]}}],"collection":[{"href":"https:\/\/veganova.eu\/lt\/wp-json\/wp\/v2\/product"}],"about":[{"href":"https:\/\/veganova.eu\/lt\/wp-json\/wp\/v2\/types\/product"}],"replies":[{"embeddable":true,"href":"https:\/\/veganova.eu\/lt\/wp-json\/wp\/v2\/comments?post=55061"}],"version-history":[{"count":4,"href":"https:\/\/veganova.eu\/lt\/wp-json\/wp\/v2\/product\/55061\/revisions"}],"predecessor-version":[{"id":59770,"href":"https:\/\/veganova.eu\/lt\/wp-json\/wp\/v2\/product\/55061\/revisions\/59770"}],"wp:featuredmedia":[{"embeddable":true,"href":"https:\/\/veganova.eu\/lt\/wp-json\/wp\/v2\/media\/55614"}],"wp:attachment":[{"href":"https:\/\/veganova.eu\/lt\/wp-json\/wp\/v2\/media?parent=55061"}],"wp:term":[{"taxonomy":"pwb-brand","embeddable":true,"href":"https:\/\/veganova.eu\/lt\/wp-json\/wp\/v2\/pwb-brand?post=55061"},{"taxonomy":"product_brand","embeddable":true,"href":"https:\/\/veganova.eu\/lt\/wp-json\/wp\/v2\/product_brand?post=55061"},{"taxonomy":"product_cat","embeddable":true,"href":"https:\/\/veganova.eu\/lt\/wp-json\/wp\/v2\/product_cat?post=55061"},{"taxonomy":"product_tag","embeddable":true,"href":"https:\/\/veganova.eu\/lt\/wp-json\/wp\/v2\/product_tag?post=55061"}],"curies":[{"name":"wp","href":"https:\/\/api.w.org\/{rel}","templated":true}]}}