{"id":8718,"date":"2023-10-01T17:12:20","date_gmt":"2023-10-01T15:12:20","guid":{"rendered":"https:\/\/veganova.eu\/?post_type=product&#038;p=8718"},"modified":"2026-04-21T07:25:04","modified_gmt":"2026-04-21T05:25:04","slug":"natural-vitality-calm-gummies-raspberry-lemon-60-gummies","status":"publish","type":"product","link":"https:\/\/veganova.eu\/lt\/shop\/natural-vitality-calm-gummies-raspberry-lemon-60-gummies\/","title":{"rendered":"Natural Vitality Calm Gummies, Avie\u010di\u0173 citrina - 60 guminuk\u0173"},"content":{"rendered":"<h3>Natural Vitality Calm Gummies, Avie\u010di\u0173 citrina - 60 guminuk\u0173<\/h3>\n<p>Mes MYLIME magn\u012f d\u0117l jo teigiamo poveikio nuotaikai - ir taip yra nuo pat pirmojo CALM produkto pasirodymo 1982 m. Ta\u010diau faktas yra tas, kad magnis yra b\u016btinas daugiau nei 300 organizmo proces\u0173, ta\u010diau dauguma i\u0161 m\u016bs\u0173 jo negauna pakankamai. Taigi, net jei vartojate magnio, kad nusiramintum\u0117te, j\u016bs taip pat darote kur kas daugiau d\u0117l savo bendros sveikatos ir gerov\u0117s.<\/p>\n<p>SUBALANSUOTA NUOTAIKA<br \/>\nM\u016bs\u0173 m\u0117gstamiausia magnio nauda, \u017einoma, yra ta, kad jis padeda palaikyti subalansuot\u0105 nuotaik\u0105 ir sveik\u0105 reakcij\u0105 \u012f stres\u0105. Jis taip pat ma\u017eina \u012ftamp\u0105 ir padeda atsipalaiduoti.*<\/p>\n<p>SLEEP<br \/>\nMagnis gali pad\u0117ti j\u016bs\u0173 protui ir k\u016bnui atsipalaiduoti ir u\u017emigti.*<\/p>\n<p>RAUMEN\u0172 FUNKCIJA<br \/>\nKai sakome, kad magnis yra b\u016btinas mineralas, turime omenyje b\u016btent tai. Jis reikalingas j\u016bs\u0173 raumenims susitraukti ir atsipalaiduoti. Tai rei\u0161kia, kad kuo esate aktyvesni, tuo daugiau jo gali prireikti, kad jis pad\u0117t\u0173 reguliuoti sveik\u0105 raumen\u0173 funkcij\u0105*.<\/p>\n<p>BRAIN &amp; NERVOUS SYSTEM FUNCTION<br \/>\nMagnis saugo nerv\u0173 gleivin\u0119 ir padeda nervams bendrauti tarpusavyje. Galiausiai visa tai palaiko bendr\u0105 nerv\u0173 ir smegen\u0173 funkcij\u0105.*<\/p>\n<p>\u0160IRDIES IR KRAUJAGYSLI\u0172 SVEIKATA<br \/>\nDar viena prie\u017eastis myl\u0117ti magn\u012f? J\u016bs\u0173 \u0161irdis. Jis ne tik padeda palaikyti sveik\u0105 kraujosp\u016bd\u012f, bet ir reikalingas normaliam \u0161irdies susitraukimui*.<\/p>\n<p>KAUL\u0172 TANKIS<br \/>\nKasdieninis magnio kiekis padeda i\u0161laikyti sveikus kaulus. Kai jo negaunate pakankamai, gali sutrikti j\u016bs\u0173 organizmo geb\u0117jimas \u012fsisavinti kalc\u012f ir vitamin\u0105 D.*.<\/p>","protected":false},"excerpt":{"rendered":"<p>Vegani\u0161kas maisto papildas \"Natural Vitality Calm Gummies\", kurio sud\u0117tyje yra magnio, puikiai tinka sveikam miegui, gerai nuotaikai, tinkamai raumen\u0173, smegen\u0173, nerv\u0173 sistemos, sveikos \u0161irdies ir stipri\u0173 kaul\u0173 funkcijai u\u017etikrinti. Maisto papildas \u017eelatinos pavidalo. Skonis: Sud\u0117tis: avie\u010di\u0173 ir citrin\u0173 (avie\u010di\u0173, citrin\u0173). Pakuot\u0117s turinys: Sud\u0117tis: 60 \u017eelatin\u0173.<\/p>","protected":false},"featured_media":12305,"comment_status":"closed","ping_status":"closed","template":"","meta":{"advanced_seo_description":"","jetpack_seo_html_title":"","jetpack_seo_noindex":false},"pwb-brand":[422],"product_brand":[4732],"product_cat":[286,143],"product_tag":[1146,1158,1208,1150,1079,1126,1403],"class_list":{"0":"post-8718","1":"product","2":"type-product","3":"status-publish","4":"has-post-thumbnail","6":"pwb-brand-natural-vitality","7":"product_brand-natural-vitality","8":"product_cat-for-a-better-mood","9":"product_cat-health-issues","10":"product_tag-good-mood","11":"product_tag-heart","12":"product_tag-muscles","13":"product_tag-nervous-system","14":"product_tag-relaxation","15":"product_tag-stress","16":"product_tag-well-being","17":"brand_woo-natural-vitality","19":"first","20":"outofstock","21":"sale","22":"taxable","23":"shipping-taxable","24":"purchasable","25":"product-type-simple"},"jetpack_sharing_enabled":true,"brands":[{"id":422,"name":"Nat\u016bralus gyvybingumas","slug":"natural-vitality"}],"_links":{"self":[{"href":"https:\/\/veganova.eu\/lt\/wp-json\/wp\/v2\/product\/8718","targetHints":{"allow":["GET"]}}],"collection":[{"href":"https:\/\/veganova.eu\/lt\/wp-json\/wp\/v2\/product"}],"about":[{"href":"https:\/\/veganova.eu\/lt\/wp-json\/wp\/v2\/types\/product"}],"replies":[{"embeddable":true,"href":"https:\/\/veganova.eu\/lt\/wp-json\/wp\/v2\/comments?post=8718"}],"version-history":[{"count":1,"href":"https:\/\/veganova.eu\/lt\/wp-json\/wp\/v2\/product\/8718\/revisions"}],"predecessor-version":[{"id":58635,"href":"https:\/\/veganova.eu\/lt\/wp-json\/wp\/v2\/product\/8718\/revisions\/58635"}],"wp:featuredmedia":[{"embeddable":true,"href":"https:\/\/veganova.eu\/lt\/wp-json\/wp\/v2\/media\/12305"}],"wp:attachment":[{"href":"https:\/\/veganova.eu\/lt\/wp-json\/wp\/v2\/media?parent=8718"}],"wp:term":[{"taxonomy":"pwb-brand","embeddable":true,"href":"https:\/\/veganova.eu\/lt\/wp-json\/wp\/v2\/pwb-brand?post=8718"},{"taxonomy":"product_brand","embeddable":true,"href":"https:\/\/veganova.eu\/lt\/wp-json\/wp\/v2\/product_brand?post=8718"},{"taxonomy":"product_cat","embeddable":true,"href":"https:\/\/veganova.eu\/lt\/wp-json\/wp\/v2\/product_cat?post=8718"},{"taxonomy":"product_tag","embeddable":true,"href":"https:\/\/veganova.eu\/lt\/wp-json\/wp\/v2\/product_tag?post=8718"}],"curies":[{"name":"wp","href":"https:\/\/api.w.org\/{rel}","templated":true}]}}