{"id":8734,"date":"2023-10-01T17:12:25","date_gmt":"2023-10-01T15:12:25","guid":{"rendered":"https:\/\/veganova.eu\/?post_type=product&#038;p=8734"},"modified":"2026-04-21T07:25:04","modified_gmt":"2026-04-21T05:25:04","slug":"kiki-health-cognitive-60-vcaps","status":"publish","type":"product","link":"https:\/\/veganova.eu\/lt\/shop\/kiki-health-cognitive-60-vcaps\/","title":{"rendered":"KIKI Health Cognitive - 60 vcaps"},"content":{"rendered":"<h3>KIKI Health Cognitive - 60 vcaps<\/h3>\n<p>M\u016bs\u0173 ekspert\u0173 komanda suk\u016br\u0117 \u0161\u012f nauj\u0105 galing\u0173 ingredient\u0173 mi\u0161in\u012f, kurie visi padeda palaikyti smegenis, atmint\u012f, stres\u0105 ir protin\u0119 veikl\u0105.<\/p>\n<p>Kiekviena sudedamoji dalis buvo tausojan\u010diai gaunama i\u0161 auk\u0161tos kokyb\u0117s tiek\u0117j\u0173, kad b\u016bt\u0173 u\u017etikrintas grynumas ir veiksmingumas.<\/p>\n<p>Tai nauja patentuota formul\u0117, kurioje derinami nootropiniai ir adaptogeniniai preparatai, skatinantys kognityvin\u012f vystym\u0105si.<\/p>\n<p>Be jodo i\u0161 j\u016br\u0173 j\u016br\u017eoli\u0173, kuris palaiko pa\u017einimo ir neurologin\u0119 funkcij\u0105 ir yra labai svarbus protiniam darbingumui ir aktyvumui, m\u016bs\u0173 \"Cognitive\" kapsul\u0117se taip pat yra auk\u0161tos kokyb\u0117s brahmi, li\u016bt\u0173 nendr\u0117s, cholino, gotu kolos ir medetk\u0173 ekstrakt\u0173.<\/p>\n<p>\u0160ios sudedamosios dalys kartu palaiko smegen\u0173 ir psichikos funkcijas.<\/p>","protected":false},"excerpt":{"rendered":"<p>Vegani\u0161kas maisto papildas KIKI Health Cognitive, kurio sud\u0117tyje yra brahmi, li\u016bt\u0173 nendr\u0117s, gotu kola, cholino ir ginkmed\u017eio ekstrakto, skirtas sveikoms smegen\u0173 funkcijoms, atmin\u010diai gerinti ir didesniam protiniam stresui \u012fveikti. Pakuot\u0117s turinys: Sud\u0117tis: 60 vegani\u0161k\u0173 kapsuli\u0173.<\/p>","protected":false},"featured_media":52780,"comment_status":"closed","ping_status":"closed","template":"","meta":{"advanced_seo_description":"","jetpack_seo_html_title":"","jetpack_seo_noindex":false},"pwb-brand":[166],"product_brand":[4573],"product_cat":[294,143],"product_tag":[1221,1223,1078],"class_list":{"0":"post-8734","1":"product","2":"type-product","3":"status-publish","4":"has-post-thumbnail","6":"pwb-brand-kiki-health","7":"product_brand-kiki-health","8":"product_cat-for-seniors","9":"product_cat-health-issues","10":"product_tag-brain","11":"product_tag-memory","12":"product_tag-psyche","13":"brand_woo-kiki-health","15":"first","16":"instock","17":"taxable","18":"shipping-taxable","19":"purchasable","20":"product-type-simple"},"jetpack_sharing_enabled":true,"brands":[{"id":166,"name":"KIKI sveikata","slug":"kiki-health"}],"_links":{"self":[{"href":"https:\/\/veganova.eu\/lt\/wp-json\/wp\/v2\/product\/8734","targetHints":{"allow":["GET"]}}],"collection":[{"href":"https:\/\/veganova.eu\/lt\/wp-json\/wp\/v2\/product"}],"about":[{"href":"https:\/\/veganova.eu\/lt\/wp-json\/wp\/v2\/types\/product"}],"replies":[{"embeddable":true,"href":"https:\/\/veganova.eu\/lt\/wp-json\/wp\/v2\/comments?post=8734"}],"version-history":[{"count":1,"href":"https:\/\/veganova.eu\/lt\/wp-json\/wp\/v2\/product\/8734\/revisions"}],"predecessor-version":[{"id":58642,"href":"https:\/\/veganova.eu\/lt\/wp-json\/wp\/v2\/product\/8734\/revisions\/58642"}],"wp:featuredmedia":[{"embeddable":true,"href":"https:\/\/veganova.eu\/lt\/wp-json\/wp\/v2\/media\/52780"}],"wp:attachment":[{"href":"https:\/\/veganova.eu\/lt\/wp-json\/wp\/v2\/media?parent=8734"}],"wp:term":[{"taxonomy":"pwb-brand","embeddable":true,"href":"https:\/\/veganova.eu\/lt\/wp-json\/wp\/v2\/pwb-brand?post=8734"},{"taxonomy":"product_brand","embeddable":true,"href":"https:\/\/veganova.eu\/lt\/wp-json\/wp\/v2\/product_brand?post=8734"},{"taxonomy":"product_cat","embeddable":true,"href":"https:\/\/veganova.eu\/lt\/wp-json\/wp\/v2\/product_cat?post=8734"},{"taxonomy":"product_tag","embeddable":true,"href":"https:\/\/veganova.eu\/lt\/wp-json\/wp\/v2\/product_tag?post=8734"}],"curies":[{"name":"wp","href":"https:\/\/api.w.org\/{rel}","templated":true}]}}