{"id":8746,"date":"2023-10-01T17:12:27","date_gmt":"2023-10-01T15:12:27","guid":{"rendered":"https:\/\/veganova.eu\/?post_type=product&#038;p=8746"},"modified":"2026-04-21T07:25:05","modified_gmt":"2026-04-21T05:25:05","slug":"naughty-boy-cream-of-the-crop-berry-blue-pancakes-2000g","status":"publish","type":"product","link":"https:\/\/veganova.eu\/lt\/shop\/naughty-boy-cream-of-the-crop-berry-blue-pancakes-2000g\/","title":{"rendered":"\"Naughty Boy Cream of The Crop\", \"Berry Blue\" blyneliai - 2000g"},"content":{"rendered":"<h3>\"Naughty Boy Cream of The Crop\", \"Berry Blue\" blyneliai - 2000g<\/h3>\n<p>\"Cream of the Crop\" yra skanios tir\u0161tos ir kremin\u0117s tekst\u016bros, kuri\u0105 galima rinktis i\u0161 9 skani\u0173 skoni\u0173. \"Cream of the Crop\" yra labai lengvai vir\u0161kinamas ir jame n\u0117ra cukraus.<\/p>\n<p>\"Cream of the Crop\" neturi glitimo, tod\u0117l puikiai tinka netoleruojantiems glitimo ir yra protingas pasirinkimas pusry\u010di\u0173 dribsniams. \"Cream of the Crop\" idealiai tinka energijai didinti, raumenims auginti ir angliavandeniams krauti i\u0161tverm\u0117s sportininkams.<\/p>\n<p>\"Cream of the Crop\" puikiai dera su baltym\u0173 milteliais ir rie\u0161ut\u0173 sviestais.<\/p>\n<p>Draugi\u0161kas veganams<br \/>\nBe glitimo<br \/>\nBe sojos<br \/>\nNe GMO<br \/>\nJoki\u0173 dirbtini\u0173 da\u017eikli\u0173<\/p>","protected":false},"excerpt":{"rendered":"<p>Vegan nutritional supplement Naughty Boy Cream of The Crop is an ideal breakfast for athletes with complex carbohydrates. Without GMO, gluten, artificial colors and soy. Flavor: Berry Blue Pancakes\/pancakes with blueberries. Package contents: 2000g.<\/p>","protected":false},"featured_media":52774,"comment_status":"closed","ping_status":"closed","template":"","meta":{"advanced_seo_description":"","jetpack_seo_html_title":"","jetpack_seo_noindex":false},"pwb-brand":[488],"product_brand":[4785],"product_cat":[225,132],"product_tag":[1186,1452,1187],"class_list":{"0":"post-8746","1":"product","2":"type-product","3":"status-publish","4":"has-post-thumbnail","6":"pwb-brand-naughty-boy","7":"product_brand-naughty-boy","8":"product_cat-carbohydrates","9":"product_cat-sports-nutrition","10":"product_tag-breakfast-for-athletes","11":"product_tag-complex-carbohydrates","12":"product_tag-healthy-carbohydrates","13":"brand_woo-naughty-boy","15":"first","16":"outofstock","17":"taxable","18":"shipping-taxable","19":"purchasable","20":"product-type-simple"},"jetpack_sharing_enabled":true,"brands":[{"id":488,"name":"Naughty Boy","slug":"naughty-boy"}],"_links":{"self":[{"href":"https:\/\/veganova.eu\/lt\/wp-json\/wp\/v2\/product\/8746","targetHints":{"allow":["GET"]}}],"collection":[{"href":"https:\/\/veganova.eu\/lt\/wp-json\/wp\/v2\/product"}],"about":[{"href":"https:\/\/veganova.eu\/lt\/wp-json\/wp\/v2\/types\/product"}],"replies":[{"embeddable":true,"href":"https:\/\/veganova.eu\/lt\/wp-json\/wp\/v2\/comments?post=8746"}],"version-history":[{"count":1,"href":"https:\/\/veganova.eu\/lt\/wp-json\/wp\/v2\/product\/8746\/revisions"}],"predecessor-version":[{"id":58648,"href":"https:\/\/veganova.eu\/lt\/wp-json\/wp\/v2\/product\/8746\/revisions\/58648"}],"wp:featuredmedia":[{"embeddable":true,"href":"https:\/\/veganova.eu\/lt\/wp-json\/wp\/v2\/media\/52774"}],"wp:attachment":[{"href":"https:\/\/veganova.eu\/lt\/wp-json\/wp\/v2\/media?parent=8746"}],"wp:term":[{"taxonomy":"pwb-brand","embeddable":true,"href":"https:\/\/veganova.eu\/lt\/wp-json\/wp\/v2\/pwb-brand?post=8746"},{"taxonomy":"product_brand","embeddable":true,"href":"https:\/\/veganova.eu\/lt\/wp-json\/wp\/v2\/product_brand?post=8746"},{"taxonomy":"product_cat","embeddable":true,"href":"https:\/\/veganova.eu\/lt\/wp-json\/wp\/v2\/product_cat?post=8746"},{"taxonomy":"product_tag","embeddable":true,"href":"https:\/\/veganova.eu\/lt\/wp-json\/wp\/v2\/product_tag?post=8746"}],"curies":[{"name":"wp","href":"https:\/\/api.w.org\/{rel}","templated":true}]}}