{"id":8752,"date":"2023-10-01T17:12:29","date_gmt":"2023-10-01T15:12:29","guid":{"rendered":"https:\/\/veganova.eu\/?post_type=product&#038;p=8752"},"modified":"2026-04-21T07:25:05","modified_gmt":"2026-04-21T05:25:05","slug":"naughty-boy-creatine-capsules-120-caps","status":"publish","type":"product","link":"https:\/\/veganova.eu\/lt\/shop\/naughty-boy-creatine-capsules-120-caps\/","title":{"rendered":"Naughty Boy Kreatinas, kapsul\u0117s - 120 kapsuli\u0173"},"content":{"rendered":"<h3>Naughty Boy Kreatinas, kapsul\u0117s - 120 kapsuli\u0173<\/h3>\n<p>NaughtyBoy Flavoured Micronised Creatine Powder &#8211; 60 Servings.<\/p>\n<p>Our micronised creatine powder contains one of the most studied forms of creatine available. Creatine monohydrate has been scientifically shown to increase endurance performance and strength in both men and women.<\/p>","protected":false},"excerpt":{"rendered":"<p>The vegan nutritional supplement in capsule form with creatine content Naughty Boy Creatine is ideal for both men and women and an increase in sports performance as well as strength. Package contents: 120 capsules.<\/p>","protected":false},"featured_media":52767,"comment_status":"closed","ping_status":"closed","template":"","meta":{"advanced_seo_description":"","jetpack_seo_html_title":"","jetpack_seo_noindex":false},"pwb-brand":[488],"product_brand":[4785],"product_cat":[272,132],"product_tag":[1457,860,1496],"class_list":{"0":"post-8752","1":"product","2":"type-product","3":"status-publish","4":"has-post-thumbnail","6":"pwb-brand-naughty-boy","7":"product_brand-naughty-boy","8":"product_cat-creatines","9":"product_cat-sports-nutrition","10":"product_tag-endurance","11":"product_tag-energy","12":"product_tag-power-boost","13":"brand_woo-naughty-boy","15":"first","16":"instock","17":"taxable","18":"shipping-taxable","19":"purchasable","20":"product-type-simple"},"jetpack_sharing_enabled":true,"brands":[{"id":488,"name":"Naughty Boy","slug":"naughty-boy"}],"_links":{"self":[{"href":"https:\/\/veganova.eu\/lt\/wp-json\/wp\/v2\/product\/8752","targetHints":{"allow":["GET"]}}],"collection":[{"href":"https:\/\/veganova.eu\/lt\/wp-json\/wp\/v2\/product"}],"about":[{"href":"https:\/\/veganova.eu\/lt\/wp-json\/wp\/v2\/types\/product"}],"replies":[{"embeddable":true,"href":"https:\/\/veganova.eu\/lt\/wp-json\/wp\/v2\/comments?post=8752"}],"version-history":[{"count":1,"href":"https:\/\/veganova.eu\/lt\/wp-json\/wp\/v2\/product\/8752\/revisions"}],"predecessor-version":[{"id":58650,"href":"https:\/\/veganova.eu\/lt\/wp-json\/wp\/v2\/product\/8752\/revisions\/58650"}],"wp:featuredmedia":[{"embeddable":true,"href":"https:\/\/veganova.eu\/lt\/wp-json\/wp\/v2\/media\/52767"}],"wp:attachment":[{"href":"https:\/\/veganova.eu\/lt\/wp-json\/wp\/v2\/media?parent=8752"}],"wp:term":[{"taxonomy":"pwb-brand","embeddable":true,"href":"https:\/\/veganova.eu\/lt\/wp-json\/wp\/v2\/pwb-brand?post=8752"},{"taxonomy":"product_brand","embeddable":true,"href":"https:\/\/veganova.eu\/lt\/wp-json\/wp\/v2\/product_brand?post=8752"},{"taxonomy":"product_cat","embeddable":true,"href":"https:\/\/veganova.eu\/lt\/wp-json\/wp\/v2\/product_cat?post=8752"},{"taxonomy":"product_tag","embeddable":true,"href":"https:\/\/veganova.eu\/lt\/wp-json\/wp\/v2\/product_tag?post=8752"}],"curies":[{"name":"wp","href":"https:\/\/api.w.org\/{rel}","templated":true}]}}