{"id":8772,"date":"2023-10-01T17:12:34","date_gmt":"2023-10-01T15:12:34","guid":{"rendered":"https:\/\/veganova.eu\/?post_type=product&#038;p=8772"},"modified":"2026-04-21T07:25:06","modified_gmt":"2026-04-21T05:25:06","slug":"enzymedica-digest-30-caps","status":"publish","type":"product","link":"https:\/\/veganova.eu\/lt\/shop\/enzymedica-digest-30-caps\/","title":{"rendered":"\"Enzymedica Digest\" - 30 kapsuli\u0173"},"content":{"rendered":"<h3>\"Enzymedica Digest\" - 30 kapsuli\u0173<\/h3>\n<p>Visapusi\u0161ki fermentai kasdieniam maistui skaidyti!<br \/>\n\"Digest Complete\" sud\u0117tyje yra ferment\u0173, skaidan\u010di\u0173 2 kartus daugiau nei \"Digest Basic\".<br \/>\n\u0160i formul\u0117 veiksmingai skaido angliavandenius, riebalus, l\u0105stelien\u0105 ir baltymus - visk\u0105, kas paprastai randama kasdieniniame maiste. Ji taip pat pagreitina vir\u0161kinim\u0105 ir skatina maistini\u0173 med\u017eiag\u0173 \u012fsisavinim\u0105. \u0160ie fermentai padeda kasdien\u012f maist\u0105 paversti visos dienos energija. M\u016bs\u0173 patentuoti \"Thera-blend\" fermentai yra moksli\u0161kai suformuluoti taip, kad u\u017etikrint\u0173 viso k\u016bno rezultatus.<\/p>","protected":false},"excerpt":{"rendered":"<p>\"Enzymedica Digest Vegan\" vir\u0161kinimo fermentai apr\u016bpina organizm\u0105 visais fermentais, kad b\u016bt\u0173 atkurtas sutrik\u0119s vir\u0161kinimas po netinkamos mitybos, netinkamo gyvenimo b\u016bdo ar su am\u017eiumi susijusi\u0173 vir\u0161kinimo sutrikim\u0173. Speciali ferment\u0173 formul\u0117 pad\u0117s organizmui tinkamai apdoroti angliavandenius, riebalus, l\u0105stelien\u0105 ir baltymus. Pakuot\u0117s turinys: Sud\u0117tis: 30 kapsuli\u0173.<\/p>","protected":false},"featured_media":12112,"comment_status":"closed","ping_status":"closed","template":"","meta":{"advanced_seo_description":"","jetpack_seo_html_title":"","jetpack_seo_noindex":false},"pwb-brand":[467],"product_brand":[4767],"product_cat":[596],"product_tag":[1190,1191],"class_list":{"0":"post-8772","1":"product","2":"type-product","3":"status-publish","4":"has-post-thumbnail","6":"pwb-brand-enzymedica","7":"product_brand-enzymedica","8":"product_cat-digestion","9":"product_tag-digestive-enzymes","10":"product_tag-digestive-problems","11":"brand_woo-enzymedica","13":"first","14":"instock","15":"sale","16":"taxable","17":"shipping-taxable","18":"purchasable","19":"product-type-simple"},"jetpack_sharing_enabled":true,"brands":[{"id":467,"name":"Enzymedica","slug":"enzymedica"}],"_links":{"self":[{"href":"https:\/\/veganova.eu\/lt\/wp-json\/wp\/v2\/product\/8772","targetHints":{"allow":["GET"]}}],"collection":[{"href":"https:\/\/veganova.eu\/lt\/wp-json\/wp\/v2\/product"}],"about":[{"href":"https:\/\/veganova.eu\/lt\/wp-json\/wp\/v2\/types\/product"}],"replies":[{"embeddable":true,"href":"https:\/\/veganova.eu\/lt\/wp-json\/wp\/v2\/comments?post=8772"}],"version-history":[{"count":1,"href":"https:\/\/veganova.eu\/lt\/wp-json\/wp\/v2\/product\/8772\/revisions"}],"predecessor-version":[{"id":58660,"href":"https:\/\/veganova.eu\/lt\/wp-json\/wp\/v2\/product\/8772\/revisions\/58660"}],"wp:featuredmedia":[{"embeddable":true,"href":"https:\/\/veganova.eu\/lt\/wp-json\/wp\/v2\/media\/12112"}],"wp:attachment":[{"href":"https:\/\/veganova.eu\/lt\/wp-json\/wp\/v2\/media?parent=8772"}],"wp:term":[{"taxonomy":"pwb-brand","embeddable":true,"href":"https:\/\/veganova.eu\/lt\/wp-json\/wp\/v2\/pwb-brand?post=8772"},{"taxonomy":"product_brand","embeddable":true,"href":"https:\/\/veganova.eu\/lt\/wp-json\/wp\/v2\/product_brand?post=8772"},{"taxonomy":"product_cat","embeddable":true,"href":"https:\/\/veganova.eu\/lt\/wp-json\/wp\/v2\/product_cat?post=8772"},{"taxonomy":"product_tag","embeddable":true,"href":"https:\/\/veganova.eu\/lt\/wp-json\/wp\/v2\/product_tag?post=8772"}],"curies":[{"name":"wp","href":"https:\/\/api.w.org\/{rel}","templated":true}]}}