{"id":9000,"date":"2023-10-01T17:13:33","date_gmt":"2023-10-01T15:13:33","guid":{"rendered":"https:\/\/veganova.eu\/?post_type=product&#038;p=9000"},"modified":"2026-04-21T07:25:14","modified_gmt":"2026-04-21T05:25:14","slug":"garden-of-life-mykind-organics-mens-multi-gummies-organic-berry-120-vegan-gummy-drops","status":"publish","type":"product","link":"https:\/\/veganova.eu\/lt\/shop\/garden-of-life-mykind-organics-mens-multi-gummies-organic-berry-120-vegan-gummy-drops\/","title":{"rendered":"Garden of Life Mykind Organics Multi Gummies vyrams, ekologi\u0161kos uogos - 120 vegani\u0161k\u0173 guminuk\u0173 la\u0161\u0173"},"content":{"rendered":"<h3>Garden of Life Mykind Organics Multi Gummies vyrams, ekologi\u0161kos uogos - 120 vegani\u0161k\u0173 guminuk\u0173 la\u0161\u0173<\/h3>\n<p>Certified USDA and non-GMO project verified, mykind Men&#8217;s Multi Gummies are designed for men. A blend with nine whole fruits, they are free from synthetic vitamins, processed sugar and syrups, corn starch, or pig gelatine. Made with pectin from non-GMO apples and orange peel, they come in a tasty berry chew.<\/p>\n<p>These convenient chews don\u2019t include any animal products either. Instead, they\u2019re made with true, wholefood ingredients. That makes them not just and non-GMO, but vegan, gluten free and kosher.<\/p>\n<p>mykind Men&#8217;s Multi Gummies Benefits<\/p>\n<p>Contains 800IU vegan vitamin D3<br \/>\nA source of vitamin E and folate<\/p>\n<p>Informacija apie mityb\u0105 :<\/p>\n<p>Vegan<br \/>\nVegetari\u0161kas<br \/>\nBe glitimo<br \/>\nKosher<br \/>\nBe pieno produkt\u0173<br \/>\nBe sojos<\/p>","protected":false},"excerpt":{"rendered":"<p>Nutritional multivitamin supplement developed specifically for men&#8217;s needs Garden of Life Mykind Organics Men&#8217;s Multi Gummies in organic form, vegan certification. Flavor: berry. Package contents: 120 vegan gelatins.<\/p>","protected":false},"featured_media":52622,"comment_status":"closed","ping_status":"closed","template":"","meta":{"advanced_seo_description":"","jetpack_seo_html_title":"","jetpack_seo_noindex":false},"pwb-brand":[303],"product_brand":[4625],"product_cat":[321],"product_tag":[922,923],"class_list":{"0":"post-9000","1":"product","2":"type-product","3":"status-publish","4":"has-post-thumbnail","6":"pwb-brand-garden-of-life","7":"product_brand-garden-of-life","8":"product_cat-for-men","9":"product_tag-for-men","10":"product_tag-vitamins-for-men","11":"brand_woo-garden-of-life","13":"first","14":"instock","15":"taxable","16":"shipping-taxable","17":"purchasable","18":"product-type-simple"},"jetpack_sharing_enabled":true,"brands":[{"id":303,"name":"Gyvenimo sodas","slug":"garden-of-life"}],"_links":{"self":[{"href":"https:\/\/veganova.eu\/lt\/wp-json\/wp\/v2\/product\/9000","targetHints":{"allow":["GET"]}}],"collection":[{"href":"https:\/\/veganova.eu\/lt\/wp-json\/wp\/v2\/product"}],"about":[{"href":"https:\/\/veganova.eu\/lt\/wp-json\/wp\/v2\/types\/product"}],"replies":[{"embeddable":true,"href":"https:\/\/veganova.eu\/lt\/wp-json\/wp\/v2\/comments?post=9000"}],"version-history":[{"count":1,"href":"https:\/\/veganova.eu\/lt\/wp-json\/wp\/v2\/product\/9000\/revisions"}],"predecessor-version":[{"id":58762,"href":"https:\/\/veganova.eu\/lt\/wp-json\/wp\/v2\/product\/9000\/revisions\/58762"}],"wp:featuredmedia":[{"embeddable":true,"href":"https:\/\/veganova.eu\/lt\/wp-json\/wp\/v2\/media\/52622"}],"wp:attachment":[{"href":"https:\/\/veganova.eu\/lt\/wp-json\/wp\/v2\/media?parent=9000"}],"wp:term":[{"taxonomy":"pwb-brand","embeddable":true,"href":"https:\/\/veganova.eu\/lt\/wp-json\/wp\/v2\/pwb-brand?post=9000"},{"taxonomy":"product_brand","embeddable":true,"href":"https:\/\/veganova.eu\/lt\/wp-json\/wp\/v2\/product_brand?post=9000"},{"taxonomy":"product_cat","embeddable":true,"href":"https:\/\/veganova.eu\/lt\/wp-json\/wp\/v2\/product_cat?post=9000"},{"taxonomy":"product_tag","embeddable":true,"href":"https:\/\/veganova.eu\/lt\/wp-json\/wp\/v2\/product_tag?post=9000"}],"curies":[{"name":"wp","href":"https:\/\/api.w.org\/{rel}","templated":true}]}}