{"id":50242,"date":"2024-11-02T17:46:38","date_gmt":"2024-11-02T16:46:38","guid":{"rendered":"https:\/\/veganova.eu\/?page_id=50242"},"modified":"2024-12-01T17:43:41","modified_gmt":"2024-12-01T16:43:41","slug":"on-sale","status":"publish","type":"page","link":"https:\/\/veganova.eu\/lv\/on-sale\/","title":{"rendered":"P\u0101rdo\u0161an\u0101"},"content":{"rendered":"<div data-elementor-type=\"wp-page\" data-elementor-id=\"50242\" class=\"elementor elementor-50242\">\n\t\t\t\t<div class=\"elementor-element elementor-element-f6a292c e-flex e-con-boxed e-con e-parent\" data-id=\"f6a292c\" data-element_type=\"container\" data-e-type=\"container\">\n\t\t\t\t\t<div class=\"e-con-inner\">\n\t\t\t\t<div class=\"elementor-element elementor-element-233c1dc elementor-widget elementor-widget-heading\" data-id=\"233c1dc\" data-element_type=\"widget\" data-e-type=\"widget\" data-widget_type=\"heading.default\">\n\t\t\t\t<div class=\"elementor-widget-container\">\n\t\t\t\t\t<h2 class=\"elementor-heading-title elementor-size-default\">Izv\u0113lieties savu iecien\u012bt\u0101ko produktu par p\u0101rdo\u0161anas cenu!<\/h2>\t\t\t\t<\/div>\n\t\t\t\t<\/div>\n\t\t\t\t<div class=\"elementor-element elementor-element-b56b35c elementor-widget elementor-widget-spacer\" data-id=\"b56b35c\" data-element_type=\"widget\" data-e-type=\"widget\" data-widget_type=\"spacer.default\">\n\t\t\t\t<div class=\"elementor-widget-container\">\n\t\t\t\t\t\t\t<div class=\"elementor-spacer\">\n\t\t\t<div class=\"elementor-spacer-inner\"><\/div>\n\t\t<\/div>\n\t\t\t\t\t\t<\/div>\n\t\t\t\t<\/div>\n\t\t\t\t<div class=\"elementor-element elementor-element-622abcd elementor-widget elementor-widget-bzotech-products-global\" data-id=\"622abcd\" data-element_type=\"widget\" data-e-type=\"widget\" data-widget_type=\"bzotech-products-global.default\">\n\t\t\t\t<div class=\"elementor-widget-container\">\n\t\t\t\t\t<div data-column-grid=\"\" class=\"elbzotech-products-wrap js-content-wrap product-grid-view  filter-  shop-grid-product-item-style4\" data-column=\"3\" data-column-widescreen=\"\" data-column-laptop=\"\" data-column-tablet-extra=\"\" data-column-tablet=\"\" data-column-mobile-extra=\"\" data-column-mobile=\"2\">        <div class=\"js-content-main list-product-wrap bzotech-row\">    \t<p class=\"title14\">Sorry, products not found.<\/p>\t<\/div>\r\n\t<\/div>\t\t\t\t<\/div>\n\t\t\t\t<\/div>\n\t\t\t\t\t<\/div>\n\t\t\t\t<\/div>\n\t\t\t\t<\/div>","protected":false},"excerpt":{"rendered":"<p>Pick your favorite product for sale price! &lt;!&#8211; bzotech_woocommerce_thumbnail_loop have $size and $animation &#8211;&gt; new-2%On Sale &lt;a href=&#8221;https:\/\/veganova.eu\/shop\/efectiv-nutrition-zm-pro-120-caps\/&#8221;&gt; &lt;img width=&#8221;450&#8243; height=&#8221;450&#8243; src=&#8221;https:\/\/veganova.eu\/wp-content\/uploads\/2024\/11\/P46829-450&#215;450.jpg&#8221; alt=&#8221;&#8221; decoding=&#8221;async&#8221; srcset=&#8221;https:\/\/veganova.eu\/wp-content\/uploads\/2024\/11\/P46829-450&#215;450.jpg 450w, https:\/\/veganova.eu\/wp-content\/uploads\/2024\/11\/P46829-600&#215;600.jpg 600w, https:\/\/veganova.eu\/wp-content\/uploads\/2024\/11\/P46829-100&#215;100.jpg 100w, https:\/\/veganova.eu\/wp-content\/uploads\/2024\/11\/P46829-150&#215;150.jpg 150w, https:\/\/veganova.eu\/wp-content\/uploads\/2024\/11\/P46829-300&#215;300.jpg 300w, https:\/\/veganova.eu\/wp-content\/uploads\/2024\/11\/P46829-768&#215;768.jpg 768w, https:\/\/veganova.eu\/wp-content\/uploads\/2024\/11\/P46829-1024&#215;1024.jpg 1024w&#8221; sizes=&#8221;(max-width: 450px) 100vw, 450px&#8221; \/&gt; &lt;\/a&gt; &lt;input type=&#8221;hidden&#8221; name=&#8221;product-popup-content-ajax-nonce&#8221; value=&#8221;6d1c8c5fc3&#8243; \/&gt; &lt;a title=&#8221;Quick View&#8221; data-product-id=&#8221;48255&#8243; href=&#8221;https:\/\/veganova.eu\/shop\/efectiv-nutrition-zm-pro-120-caps\/&#8221;&gt;&lt;\/a&gt; &lt;input [&hellip;]<\/p>\n","protected":false},"author":1,"featured_media":0,"parent":0,"menu_order":0,"comment_status":"closed","ping_status":"closed","template":"","meta":{"advanced_seo_description":"","jetpack_seo_html_title":"","jetpack_seo_noindex":false,"footnotes":""},"class_list":["post-50242","page","type-page","status-publish","hentry"],"jetpack_sharing_enabled":true,"jetpack_shortlink":"https:\/\/wp.me\/PeA86S-d4m","_links":{"self":[{"href":"https:\/\/veganova.eu\/lv\/wp-json\/wp\/v2\/pages\/50242","targetHints":{"allow":["GET"]}}],"collection":[{"href":"https:\/\/veganova.eu\/lv\/wp-json\/wp\/v2\/pages"}],"about":[{"href":"https:\/\/veganova.eu\/lv\/wp-json\/wp\/v2\/types\/page"}],"author":[{"embeddable":true,"href":"https:\/\/veganova.eu\/lv\/wp-json\/wp\/v2\/users\/1"}],"replies":[{"embeddable":true,"href":"https:\/\/veganova.eu\/lv\/wp-json\/wp\/v2\/comments?post=50242"}],"version-history":[{"count":3,"href":"https:\/\/veganova.eu\/lv\/wp-json\/wp\/v2\/pages\/50242\/revisions"}],"predecessor-version":[{"id":53978,"href":"https:\/\/veganova.eu\/lv\/wp-json\/wp\/v2\/pages\/50242\/revisions\/53978"}],"wp:attachment":[{"href":"https:\/\/veganova.eu\/lv\/wp-json\/wp\/v2\/media?parent=50242"}],"curies":[{"name":"wp","href":"https:\/\/api.w.org\/{rel}","templated":true}]}}