{"id":14631,"date":"2023-11-13T19:29:53","date_gmt":"2023-11-13T18:29:53","guid":{"rendered":"https:\/\/veganova.eu\/?post_type=product&#038;p=14631"},"modified":"2026-04-21T07:25:27","modified_gmt":"2026-04-21T05:25:27","slug":"neocell-collagen-beauty-builder-150-tablets","status":"publish","type":"product","link":"https:\/\/veganova.eu\/lv\/shop\/neocell-collagen-beauty-builder-150-tablets\/","title":{"rendered":"NeoCell Kolag\u0113ns Beauty Builder - 150 tabletes"},"content":{"rendered":"<h3>NeoCell Kolag\u0113ns Beauty Builder - 150 tabletes<\/h3>\n<p>Sast\u0101vs, kas paredz\u0113ts jaun\u012bbai, mirdzo\u0161ai \u0101dai, vesel\u012bgiem matiem un nagiem, nodro\u0161ina audu mitrin\u0101\u0161anu ar hialuronsk\u0101bi un \u013cauj j\u016bsu iek\u0161\u0113jam skaistumam atsp\u012bd\u0113t. Collagen Beauty Builder aktiviz\u0113 J\u016bsu organismu \u0161\u016bnu l\u012bmen\u012b, un m\u016bsu hidroliz\u0113tais kolag\u0113ns var nodro\u0161in\u0101t da\u017eus aminosk\u0101bju celtniec\u012bbas blokus, kas nepiecie\u0161ami m\u016bsu organismam, lai veidotu kolag\u0113nu un veicin\u0101tu dabisko skaistumu no iek\u0161ienes.<\/p>","protected":false},"excerpt":{"rendered":"<p>Skaistumkop\u0161anas uztura bag\u0101tin\u0101t\u0101js NeoCell Collagen Beauty Builder Satur hidroliz\u0113tu liellopu kolag\u0113nu, prote\u012bnu, C vitam\u012bnu, biot\u012bnu, hialuronsk\u0101bi, alfa liposk\u0101bi un alfa liposk\u0101bi J\u016bsu mirdzo\u0161am un mirdzo\u0161am skaistumam no iek\u0161puses. Nesatur lipekli, NAV \u0122MO. Sast\u0101vs: Sast\u0101vs: 150 tabletes.<\/p>","protected":false},"featured_media":52465,"comment_status":"closed","ping_status":"closed","template":"","meta":{"advanced_seo_description":"","jetpack_seo_html_title":"","jetpack_seo_noindex":false},"pwb-brand":[703],"product_brand":[4862],"product_cat":[688,684],"product_tag":[],"class_list":{"0":"post-14631","1":"product","2":"type-product","3":"status-publish","4":"has-post-thumbnail","6":"pwb-brand-neocell","7":"product_brand-neocell","8":"product_cat-beauty-supplements","9":"product_cat-clean-beauty","10":"brand_woo-neocell","12":"first","13":"instock","14":"taxable","15":"shipping-taxable","16":"purchasable","17":"product-type-simple"},"jetpack_sharing_enabled":true,"brands":[{"id":703,"name":"NeoCell","slug":"neocell"}],"_links":{"self":[{"href":"https:\/\/veganova.eu\/lv\/wp-json\/wp\/v2\/product\/14631","targetHints":{"allow":["GET"]}}],"collection":[{"href":"https:\/\/veganova.eu\/lv\/wp-json\/wp\/v2\/product"}],"about":[{"href":"https:\/\/veganova.eu\/lv\/wp-json\/wp\/v2\/types\/product"}],"replies":[{"embeddable":true,"href":"https:\/\/veganova.eu\/lv\/wp-json\/wp\/v2\/comments?post=14631"}],"version-history":[{"count":1,"href":"https:\/\/veganova.eu\/lv\/wp-json\/wp\/v2\/product\/14631\/revisions"}],"predecessor-version":[{"id":58905,"href":"https:\/\/veganova.eu\/lv\/wp-json\/wp\/v2\/product\/14631\/revisions\/58905"}],"wp:featuredmedia":[{"embeddable":true,"href":"https:\/\/veganova.eu\/lv\/wp-json\/wp\/v2\/media\/52465"}],"wp:attachment":[{"href":"https:\/\/veganova.eu\/lv\/wp-json\/wp\/v2\/media?parent=14631"}],"wp:term":[{"taxonomy":"pwb-brand","embeddable":true,"href":"https:\/\/veganova.eu\/lv\/wp-json\/wp\/v2\/pwb-brand?post=14631"},{"taxonomy":"product_brand","embeddable":true,"href":"https:\/\/veganova.eu\/lv\/wp-json\/wp\/v2\/product_brand?post=14631"},{"taxonomy":"product_cat","embeddable":true,"href":"https:\/\/veganova.eu\/lv\/wp-json\/wp\/v2\/product_cat?post=14631"},{"taxonomy":"product_tag","embeddable":true,"href":"https:\/\/veganova.eu\/lv\/wp-json\/wp\/v2\/product_tag?post=14631"}],"curies":[{"name":"wp","href":"https:\/\/api.w.org\/{rel}","templated":true}]}}