{"id":14741,"date":"2023-11-13T19:30:38","date_gmt":"2023-11-13T18:30:38","guid":{"rendered":"https:\/\/veganova.eu\/?post_type=product&#038;p=14741"},"modified":"2026-04-21T07:25:30","modified_gmt":"2026-04-21T05:25:30","slug":"neocell-marine-collagen-120-caps","status":"publish","type":"product","link":"https:\/\/veganova.eu\/lv\/shop\/neocell-marine-collagen-120-caps\/","title":{"rendered":"NeoCell j\u016bras kolag\u0113ns - 120 kapsulas"},"content":{"rendered":"<h3>NeoCell j\u016bras kolag\u0113ns - 120 kapsulas<\/h3>\n<p>Barojiet savu sv\u0113tlaimi un izgaismojiet savu iek\u0161\u0113jo skaistumu ar m\u016bsu j\u016bras kolag\u0113nu. Veicinot starojo\u0161u, vesel\u012bgu un sp\u0113c\u012bgu \u0101du, tas apvieno kolag\u0113nu un hialuronsk\u0101bi, kas siner\u0123iski darbojas kop\u0101 ar vita-miner\u0101lu mais\u012bjumu, lai atbalst\u012btu vesel\u012bga kolag\u0113na veido\u0161anos un jaun\u012bbas un mirdzuma pilnu \u0101du.<\/p>","protected":false},"excerpt":{"rendered":"<p>Skaistumkop\u0161anas uztura bag\u0101tin\u0101t\u0101js NeoCell Marine Collagen starojo\u0161ai, vesel\u012bgai un mirdzo\u0161ai \u0101dai. Sast\u0101vs: j\u016bras neocell kolag\u0113ns, C vitam\u012bns, hialuronsk\u0101be, B6 un B12 vitam\u012bni, magnijs, cinks un var\u0161. Izgaismojiet savu iek\u0161\u0113jo skaistumu. Sast\u0101vs: 120 kapsulas.<\/p>","protected":false},"featured_media":52358,"comment_status":"closed","ping_status":"closed","template":"","meta":{"advanced_seo_description":"","jetpack_seo_html_title":"","jetpack_seo_noindex":false},"pwb-brand":[703],"product_brand":[4862],"product_cat":[688,684],"product_tag":[],"class_list":{"0":"post-14741","1":"product","2":"type-product","3":"status-publish","4":"has-post-thumbnail","6":"pwb-brand-neocell","7":"product_brand-neocell","8":"product_cat-beauty-supplements","9":"product_cat-clean-beauty","10":"brand_woo-neocell","12":"first","13":"instock","14":"taxable","15":"shipping-taxable","16":"purchasable","17":"product-type-simple"},"jetpack_sharing_enabled":true,"brands":[{"id":703,"name":"NeoCell","slug":"neocell"}],"_links":{"self":[{"href":"https:\/\/veganova.eu\/lv\/wp-json\/wp\/v2\/product\/14741","targetHints":{"allow":["GET"]}}],"collection":[{"href":"https:\/\/veganova.eu\/lv\/wp-json\/wp\/v2\/product"}],"about":[{"href":"https:\/\/veganova.eu\/lv\/wp-json\/wp\/v2\/types\/product"}],"replies":[{"embeddable":true,"href":"https:\/\/veganova.eu\/lv\/wp-json\/wp\/v2\/comments?post=14741"}],"version-history":[{"count":1,"href":"https:\/\/veganova.eu\/lv\/wp-json\/wp\/v2\/product\/14741\/revisions"}],"predecessor-version":[{"id":58946,"href":"https:\/\/veganova.eu\/lv\/wp-json\/wp\/v2\/product\/14741\/revisions\/58946"}],"wp:featuredmedia":[{"embeddable":true,"href":"https:\/\/veganova.eu\/lv\/wp-json\/wp\/v2\/media\/52358"}],"wp:attachment":[{"href":"https:\/\/veganova.eu\/lv\/wp-json\/wp\/v2\/media?parent=14741"}],"wp:term":[{"taxonomy":"pwb-brand","embeddable":true,"href":"https:\/\/veganova.eu\/lv\/wp-json\/wp\/v2\/pwb-brand?post=14741"},{"taxonomy":"product_brand","embeddable":true,"href":"https:\/\/veganova.eu\/lv\/wp-json\/wp\/v2\/product_brand?post=14741"},{"taxonomy":"product_cat","embeddable":true,"href":"https:\/\/veganova.eu\/lv\/wp-json\/wp\/v2\/product_cat?post=14741"},{"taxonomy":"product_tag","embeddable":true,"href":"https:\/\/veganova.eu\/lv\/wp-json\/wp\/v2\/product_tag?post=14741"}],"curies":[{"name":"wp","href":"https:\/\/api.w.org\/{rel}","templated":true}]}}