{"id":2745,"date":"2023-10-01T17:01:17","date_gmt":"2023-10-01T15:01:17","guid":{"rendered":"https:\/\/veganova.eu\/?post_type=product&#038;p=2745"},"modified":"2026-04-27T02:22:31","modified_gmt":"2026-04-27T00:22:31","slug":"doctors-best-fully-active-b-complex-with-quatrefolic-30-kaps","status":"publish","type":"product","link":"https:\/\/veganova.eu\/lv\/shop\/doctors-best-fully-active-b-complex-with-quatrefolic-30-kaps\/","title":{"rendered":"Doctor's Best Piln\u012bb\u0101 akt\u012bvs B-komplekss ar \u010detrfolijsk\u0101bi (30 kapsulas)"},"content":{"rendered":"<h3>Doctor's Best Piln\u012bb\u0101 akt\u012bvs B-komplekss ar \u010detrfolijsk\u0101bi<\/h3>\n<ul>\n<li>Doctor's Best Fully Active B komplekss nodro\u0161ina ener\u0123iju un pal\u012bdz p\u0101rvar\u0113t stresu.<\/li>\n<li>B grupas vitam\u012bni ir nepiecie\u0161ami ener\u0123ijas ra\u017eo\u0161anai no p\u0101rtikas, k\u0101 ar\u012b vesel\u012bgas DNS, g\u0113nu, \u0161\u016bnu, audu, org\u0101nu un enz\u012bmu funkciju veido\u0161anai un uztur\u0113\u0161anai.<\/li>\n<li>B grupas vitam\u012bni ir dz\u012bv\u012bbas pamats; cilv\u0113ks tos nevar sara\u017eot, t\u0101p\u0113c tie ir j\u0101ieg\u016bst ar uzturu.<\/li>\n<li>Doctor's Best Fully Active B komplekss nodro\u0161ina tikai lab\u0101k\u0101s izmantojam\u0101s B vitam\u012bna formas, tostarp piln\u012bgi akt\u012bvo fol\u0101tu, kas ir akt\u012bv\u0101kais fol\u0101ts organism\u0101, un MTHF (metil- tetra-hidro-fol\u0101tu). Tas nodro\u0161ina piln\u012bgi akt\u012bvu B12 vitam\u012bnu metilkobalam\u012bna (metil-B12) form\u0101, kas pal\u012bdz nodro\u0161in\u0101t lielisku uzs\u016bk\u0161anos iek\u0161\u0137\u012bgi.<\/li>\n<li>Best Fully Active B komplekss ir pilna spektra B vitam\u012bnu papildin\u0101jums, kas ir r\u016bp\u012bgi izstr\u0101d\u0101ts optim\u0101lai uzs\u016bk\u0161an\u0101s un izmanto\u0161anas nodro\u0161in\u0101\u0161anai.<\/li>\n<li>\u0160is prepar\u0101ts nodro\u0161ina B grupas vitam\u012bnus to dro\u0161\u0101kaj\u0101, vislab\u0101k panesamaj\u0101 un bio\u0137\u012bmiski akt\u012bv\u0101kaj\u0101 form\u0101.<\/li>\n<\/ul>","protected":false},"excerpt":{"rendered":"<p>Veg\u0101nu uztura bag\u0101tin\u0101t\u0101js Doctor's Best Fully Active B-Complex with Quatrefolic ir B grupas vitam\u012bnu komplekss akt\u012bv\u0101kaj\u0101 form\u0101. Tas nesatur lipekli un nesatur \u0122MO. Iepakojum\u0101 ir: 30 kapsulas.<\/p>","protected":false},"featured_media":51677,"comment_status":"closed","ping_status":"closed","template":"","meta":{"advanced_seo_description":"","jetpack_seo_html_title":"","jetpack_seo_noindex":false},"pwb-brand":[147],"product_brand":[4565],"product_cat":[153,152],"product_tag":[860,1094,1150],"class_list":{"0":"post-2745","1":"product","2":"type-product","3":"status-publish","4":"has-post-thumbnail","6":"pwb-brand-doctors-best","7":"product_brand-doctors-best","8":"product_cat-vitamins","9":"product_cat-vitamins-and-minerals","10":"product_tag-energy","11":"product_tag-metabolism","12":"product_tag-nervous-system","13":"brand_woo-doctors-best","15":"first","16":"instock","17":"taxable","18":"shipping-taxable","19":"purchasable","20":"product-type-simple"},"jetpack_sharing_enabled":true,"brands":[{"id":147,"name":"Doctor's Best","slug":"doctors-best"}],"_links":{"self":[{"href":"https:\/\/veganova.eu\/lv\/wp-json\/wp\/v2\/product\/2745","targetHints":{"allow":["GET"]}}],"collection":[{"href":"https:\/\/veganova.eu\/lv\/wp-json\/wp\/v2\/product"}],"about":[{"href":"https:\/\/veganova.eu\/lv\/wp-json\/wp\/v2\/types\/product"}],"replies":[{"embeddable":true,"href":"https:\/\/veganova.eu\/lv\/wp-json\/wp\/v2\/comments?post=2745"}],"version-history":[{"count":1,"href":"https:\/\/veganova.eu\/lv\/wp-json\/wp\/v2\/product\/2745\/revisions"}],"predecessor-version":[{"id":57309,"href":"https:\/\/veganova.eu\/lv\/wp-json\/wp\/v2\/product\/2745\/revisions\/57309"}],"wp:featuredmedia":[{"embeddable":true,"href":"https:\/\/veganova.eu\/lv\/wp-json\/wp\/v2\/media\/51677"}],"wp:attachment":[{"href":"https:\/\/veganova.eu\/lv\/wp-json\/wp\/v2\/media?parent=2745"}],"wp:term":[{"taxonomy":"pwb-brand","embeddable":true,"href":"https:\/\/veganova.eu\/lv\/wp-json\/wp\/v2\/pwb-brand?post=2745"},{"taxonomy":"product_brand","embeddable":true,"href":"https:\/\/veganova.eu\/lv\/wp-json\/wp\/v2\/product_brand?post=2745"},{"taxonomy":"product_cat","embeddable":true,"href":"https:\/\/veganova.eu\/lv\/wp-json\/wp\/v2\/product_cat?post=2745"},{"taxonomy":"product_tag","embeddable":true,"href":"https:\/\/veganova.eu\/lv\/wp-json\/wp\/v2\/product_tag?post=2745"}],"curies":[{"name":"wp","href":"https:\/\/api.w.org\/{rel}","templated":true}]}}