{"id":2898,"date":"2023-10-01T17:02:26","date_gmt":"2023-10-01T15:02:26","guid":{"rendered":"https:\/\/veganova.eu\/?post_type=product&#038;p=2898"},"modified":"2026-04-21T07:23:34","modified_gmt":"2026-04-21T05:23:34","slug":"doctors-best-benfotiamine-150-alpha-lipoic-acid-300-60-kaps","status":"publish","type":"product","link":"https:\/\/veganova.eu\/lv\/shop\/doctors-best-benfotiamine-150-alpha-lipoic-acid-300-60-kaps\/","title":{"rendered":"\u0100rsta lab\u0101kais benfotiam\u012bns 150 + alfa-liposk\u0101be 300 (60 kapsulas)"},"content":{"rendered":"<h3>\u0100rsta lab\u0101kais benfotiam\u012bns 150 + alfa-liposk\u0101be 300 (60 kapsulas)<\/h3>\n<p>Kas ir Doctor's Best Benfotiamine + alfa-liposk\u0101be?<br \/>\nBenfotiam\u012bns (S-benzoiltiam\u012bna-O-monofosf\u0101ts) ir sint\u0113tisks tiam\u012bna (B1 vitam\u012bna) atvasin\u0101jums. Benfotiam\u012bns \u0161\u0137\u012bst taukos, ir lab\u0101k biolo\u0123iski pieejams un fiziolo\u0123iski akt\u012bvs nek\u0101 tiam\u012bns. Benfotiam\u012bns pal\u012bdz uztur\u0113t vesel\u012bgas \u0161\u016bnas glikozes kl\u0101tb\u016btn\u0113 asin\u012bs, aizsarg\u0101 pret oksidat\u012bvo stresu un veicina vesel\u012bgu noveco\u0161anu. Alfa-liposk\u0101be atbalsta organisma aizsardz\u012bbu pret br\u012bvajiem radik\u0101\u013ciem un p\u0101rstr\u0101d\u0101 antioksidantu uzturvielas, piem\u0113ram, C vitam\u012bnu un E vitam\u012bnu. Alfa-liposk\u0101be ir s\u0113ru saturo\u0161a tauksk\u0101be, t\u0101 \u0161\u0137\u012bst gan \u016bden\u012b, gan taukos un da\u017ek\u0101rt tiek saukta par \"univers\u0101lo antioksidantu\".<\/p>\n<p>K\u0101 tas darbojas?<br \/>\nBenfotiam\u012bns paaugstina tiam\u012bna pirofosf\u0101ta, biolo\u0123iski akt\u012bva tiam\u012bna koenz\u012bma, l\u012bmeni asin\u012bs un stimul\u0113 transketol\u0101zi, \u0161\u016bnu enz\u012bmu, kas ir b\u016btisks norm\u0101la glikozes metabolisma ce\u013cu uztur\u0113\u0161anai. Pier\u0101d\u012bts, ka benfotiam\u012bns izraisa vid\u0113ji 5 reizes liel\u0101ku tiam\u012bna l\u012bme\u0146a paaugstin\u0101\u0161anos asin\u012bs nek\u0101 tiam\u012bna mononitr\u0101ts, vienlaikus palielinot tiam\u012bna koncentr\u0101ciju eritroc\u012btos. Benfotiam\u012bns viegli iek\u013c\u016bst zarnu \u0161\u016bn\u0101s un p\u0101rv\u0113r\u0161as tiam\u012bn\u0101. Alfa-liposk\u0101be ir galvenais faktors \u0161\u016bnu proces\u0101, kur\u0101 notiek glikozes metabolisms ener\u0123ijas ra\u017eo\u0161anai. Novecojot samazin\u0101s aknu sp\u0113ja p\u0101rstr\u0101d\u0101t askorb\u012bnsk\u0101bi p\u0113c oksidat\u012bv\u0101 stresa. R-liposk\u0101be p\u0113c divu ned\u0113\u013cu ilgas papildin\u0101\u0161anas novecoju\u0161\u0101m \u017eurk\u0101m nov\u0113rsa ar vecumu saist\u012bto askorb\u012bnsk\u0101bes p\u0101rstr\u0101des un koncentr\u0101cijas samazin\u0101\u0161anos aknu \u0161\u016bn\u0101s. Noveco\u0161ana ir saist\u012bta ar oksidat\u012bvo stresu smadzen\u0113s. Smadze\u0146u augstais vielmai\u0146as \u0101trums un to neironi ar ilgu dz\u012bves ciklu padara t\u0101s \u012bpa\u0161i neaizsarg\u0101tas pret oksidat\u012bvo stresu. T\u0101 k\u0101 alfa-liposk\u0101be p\u0101rtrauc \u0161\u016bnu oksidat\u012bvos procesus gan oksid\u0113t\u0101, gan reduc\u0113t\u0101 form\u0101, tai ir modul\u0113jo\u0161a noz\u012bme smadzen\u0113s un nervu sist\u0113m\u0101.<\/p>","protected":false},"excerpt":{"rendered":"<p>Veg\u0101niskais uztura bag\u0101tin\u0101t\u0101js Doctor's Best Benfotiamine 150 Alpha-Lipoic Acid 300 ir piem\u0113rots vesel\u012bgam cukura l\u012bmenim asin\u012bs, aizsarg\u0101 pret oksidat\u012bvo stresu un pal\u0113nina \u0161\u016bnu noveco\u0161anos. Iepakojum\u0101 ir: 60 kapsulas. Nesatur lipekli un \u0122MO.<\/p>","protected":false},"featured_media":53246,"comment_status":"closed","ping_status":"closed","template":"","meta":{"advanced_seo_description":"","jetpack_seo_html_title":"","jetpack_seo_noindex":false},"pwb-brand":[147],"product_brand":[4565],"product_cat":[2592,596,152,177],"product_tag":[1159,1093,1204],"class_list":{"0":"post-2898","1":"product","2":"type-product","3":"status-publish","4":"has-post-thumbnail","6":"pwb-brand-doctors-best","7":"product_brand-doctors-best","8":"product_cat-detox","9":"product_cat-digestion","10":"product_cat-vitamins-and-minerals","11":"product_cat-weight-loss","12":"product_tag-aging","13":"product_tag-antioxidant","14":"product_tag-healthy-blood-sugar","15":"brand_woo-doctors-best","17":"first","18":"instock","19":"sale","20":"taxable","21":"shipping-taxable","22":"purchasable","23":"product-type-simple"},"jetpack_sharing_enabled":true,"brands":[{"id":147,"name":"Doctor's Best","slug":"doctors-best"}],"_links":{"self":[{"href":"https:\/\/veganova.eu\/lv\/wp-json\/wp\/v2\/product\/2898","targetHints":{"allow":["GET"]}}],"collection":[{"href":"https:\/\/veganova.eu\/lv\/wp-json\/wp\/v2\/product"}],"about":[{"href":"https:\/\/veganova.eu\/lv\/wp-json\/wp\/v2\/types\/product"}],"replies":[{"embeddable":true,"href":"https:\/\/veganova.eu\/lv\/wp-json\/wp\/v2\/comments?post=2898"}],"version-history":[{"count":1,"href":"https:\/\/veganova.eu\/lv\/wp-json\/wp\/v2\/product\/2898\/revisions"}],"predecessor-version":[{"id":57449,"href":"https:\/\/veganova.eu\/lv\/wp-json\/wp\/v2\/product\/2898\/revisions\/57449"}],"wp:featuredmedia":[{"embeddable":true,"href":"https:\/\/veganova.eu\/lv\/wp-json\/wp\/v2\/media\/53246"}],"wp:attachment":[{"href":"https:\/\/veganova.eu\/lv\/wp-json\/wp\/v2\/media?parent=2898"}],"wp:term":[{"taxonomy":"pwb-brand","embeddable":true,"href":"https:\/\/veganova.eu\/lv\/wp-json\/wp\/v2\/pwb-brand?post=2898"},{"taxonomy":"product_brand","embeddable":true,"href":"https:\/\/veganova.eu\/lv\/wp-json\/wp\/v2\/product_brand?post=2898"},{"taxonomy":"product_cat","embeddable":true,"href":"https:\/\/veganova.eu\/lv\/wp-json\/wp\/v2\/product_cat?post=2898"},{"taxonomy":"product_tag","embeddable":true,"href":"https:\/\/veganova.eu\/lv\/wp-json\/wp\/v2\/product_tag?post=2898"}],"curies":[{"name":"wp","href":"https:\/\/api.w.org\/{rel}","templated":true}]}}