{"id":2978,"date":"2023-10-01T17:02:43","date_gmt":"2023-10-01T15:02:43","guid":{"rendered":"https:\/\/veganova.eu\/?post_type=product&#038;p=2978"},"modified":"2026-04-25T02:20:30","modified_gmt":"2026-04-25T00:20:30","slug":"doctors-best-stabilized-r-lipoic-acid-with-bioenhanced-na-rala-200mg-60-kaps","status":"publish","type":"product","link":"https:\/\/veganova.eu\/lv\/shop\/doctors-best-stabilized-r-lipoic-acid-with-bioenhanced-na-rala-200mg-60-kaps\/","title":{"rendered":"Doctor's Best Stabiliz\u0113ta R-liposk\u0101be ar biolo\u0123iski uzlabotu Na-RALA, 200 mg (60 kapsulas)"},"content":{"rendered":"<h3>Doctor's Best stabiliz\u0113ta R-liposk\u0101be ar biolo\u0123iski uzlabotu Na-RALA<\/h3>\n<ul>\n<li>Alfa-liposk\u0101be ir s\u0113ru saturo\u0161a tauksk\u0101be, kas dabiski sastopama organism\u0101.<\/li>\n<li>Ar vecumu samazin\u0101s m\u016bsu sp\u0113ja sintez\u0113t alfa-liposk\u0101bi.<\/li>\n<li>Lab\u0101k\u0101 alfa-liposk\u0101be darbojas k\u0101 koenz\u012bms og\u013chidr\u0101tu metabolism\u0101 un ir nepiecie\u0161ama acetil CoA sint\u0113zei, kas ir galvenais metabol\u012bts \u0161\u016bnu proces\u0101, kur\u0101 glikoze (cukurs asin\u012bs) tiek p\u0101rv\u0113rsta ener\u0123ij\u0101.<\/li>\n<li>Liposk\u0101bi bie\u017ei d\u0113v\u0113 par \"univers\u0101lo antioksidantu\".<\/li>\n<\/ul>","protected":false},"excerpt":{"rendered":"<p>Veg\u0101niskais uztura bag\u0101tin\u0101t\u0101js Doctor's Best Stabiliz\u0113ta R-liposk\u0101be ar biolo\u0123iski uzlabotu Na-RALA 200 mg, iepakojum\u0101 ir: 60 kapsulas. Nesatur lipekli un \u0122MO.<\/p>","protected":false},"featured_media":11982,"comment_status":"closed","ping_status":"closed","template":"","meta":{"advanced_seo_description":"","jetpack_seo_html_title":"","jetpack_seo_noindex":false},"pwb-brand":[147],"product_brand":[4565],"product_cat":[174,132],"product_tag":[1093,860,1235,1094],"class_list":{"0":"post-2978","1":"product","2":"type-product","3":"status-publish","4":"has-post-thumbnail","6":"pwb-brand-doctors-best","7":"product_brand-doctors-best","8":"product_cat-amino-acids","9":"product_cat-sports-nutrition","10":"product_tag-antioxidant","11":"product_tag-energy","12":"product_tag-free-radical-scavenger","13":"product_tag-metabolism","14":"brand_woo-doctors-best","16":"first","17":"instock","18":"taxable","19":"shipping-taxable","20":"purchasable","21":"product-type-simple"},"jetpack_sharing_enabled":true,"brands":[{"id":147,"name":"Doctor's Best","slug":"doctors-best"}],"_links":{"self":[{"href":"https:\/\/veganova.eu\/lv\/wp-json\/wp\/v2\/product\/2978","targetHints":{"allow":["GET"]}}],"collection":[{"href":"https:\/\/veganova.eu\/lv\/wp-json\/wp\/v2\/product"}],"about":[{"href":"https:\/\/veganova.eu\/lv\/wp-json\/wp\/v2\/types\/product"}],"replies":[{"embeddable":true,"href":"https:\/\/veganova.eu\/lv\/wp-json\/wp\/v2\/comments?post=2978"}],"version-history":[{"count":1,"href":"https:\/\/veganova.eu\/lv\/wp-json\/wp\/v2\/product\/2978\/revisions"}],"predecessor-version":[{"id":57484,"href":"https:\/\/veganova.eu\/lv\/wp-json\/wp\/v2\/product\/2978\/revisions\/57484"}],"wp:featuredmedia":[{"embeddable":true,"href":"https:\/\/veganova.eu\/lv\/wp-json\/wp\/v2\/media\/11982"}],"wp:attachment":[{"href":"https:\/\/veganova.eu\/lv\/wp-json\/wp\/v2\/media?parent=2978"}],"wp:term":[{"taxonomy":"pwb-brand","embeddable":true,"href":"https:\/\/veganova.eu\/lv\/wp-json\/wp\/v2\/pwb-brand?post=2978"},{"taxonomy":"product_brand","embeddable":true,"href":"https:\/\/veganova.eu\/lv\/wp-json\/wp\/v2\/product_brand?post=2978"},{"taxonomy":"product_cat","embeddable":true,"href":"https:\/\/veganova.eu\/lv\/wp-json\/wp\/v2\/product_cat?post=2978"},{"taxonomy":"product_tag","embeddable":true,"href":"https:\/\/veganova.eu\/lv\/wp-json\/wp\/v2\/product_tag?post=2978"}],"curies":[{"name":"wp","href":"https:\/\/api.w.org\/{rel}","templated":true}]}}