{"id":3375,"date":"2023-10-01T17:05:11","date_gmt":"2023-10-01T15:05:11","guid":{"rendered":"https:\/\/veganova.eu\/?post_type=product&#038;p=3375"},"modified":"2026-04-21T07:24:00","modified_gmt":"2026-04-21T05:24:00","slug":"now-foods-candida-support-90-kaps","status":"publish","type":"product","link":"https:\/\/veganova.eu\/lv\/shop\/now-foods-candida-support-90-kaps\/","title":{"rendered":"NOW Foods Candida atbalsts (90 kapsulas)"},"content":{"rendered":"<h3>NOW Foods Candida atbalsts (90 kapsulas)<\/h3>\n<p>With Pau D&#8217;Arco, Oregano Oil, Black Walnut &amp; Caprylic Acid<br \/>\nAtbalsta vesel\u012bgu zarnu floras l\u012bdzsvaru<br \/>\nCandida albicans ir dab\u0101 sastopams raugs, kas parasti atrodas zarn\u0101s k\u0101 da\u013ca no norm\u0101las zarnu floras. Candida Support ir tradicion\u0101lu augu sast\u0101vda\u013cu (Pau D'Arco, meln\u0101 valrieksta un raudenes e\u013c\u013cas), biot\u012bna (B kompleksa vitam\u012bna) un kaprilsk\u0101bes (dab\u0101 sastopamas tauksk\u0101bes, kas ieg\u016bta no augu e\u013c\u013c\u0101m) kombin\u0101cija, kas var pal\u012bdz\u0113t uztur\u0113t vesel\u012bgu zarnu bakt\u0113riju l\u012bdzsvaru. Lai gan Candida Support nav paredz\u0113ts Candida albicans izvad\u012b\u0161anai no zarn\u0101m, tas var pal\u012bdz\u0113t uztur\u0113t vesel\u012bgu zarnu floras l\u012bdzsvaru.<\/p>","protected":false},"excerpt":{"rendered":"<p>Vegan nutritional supplement NOW Foods Candida Support contains extracts of oregano and black walnut to support healthy intestinal flora. A great helper for excessive candida in the intestines or female organs. The package contains: 90 capsules. Gluten-free, GMO-free.<\/p>","protected":false},"featured_media":51628,"comment_status":"closed","ping_status":"closed","template":"","meta":{"advanced_seo_description":"","jetpack_seo_html_title":"","jetpack_seo_noindex":false},"pwb-brand":[173],"product_brand":[4580],"product_cat":[596],"product_tag":[599,601,602,603],"class_list":{"0":"post-3375","1":"product","2":"type-product","3":"status-publish","4":"has-post-thumbnail","6":"pwb-brand-now-foods","7":"product_brand-now-foods","8":"product_cat-digestion","9":"product_tag-gluten-free","10":"product_tag-non-gmo","11":"product_tag-vegan","12":"product_tag-vege","13":"brand_woo-now-foods","15":"first","16":"instock","17":"sale","18":"taxable","19":"shipping-taxable","20":"purchasable","21":"product-type-simple"},"jetpack_sharing_enabled":true,"brands":[{"id":173,"name":"NOW Foods","slug":"now-foods"}],"_links":{"self":[{"href":"https:\/\/veganova.eu\/lv\/wp-json\/wp\/v2\/product\/3375","targetHints":{"allow":["GET"]}}],"collection":[{"href":"https:\/\/veganova.eu\/lv\/wp-json\/wp\/v2\/product"}],"about":[{"href":"https:\/\/veganova.eu\/lv\/wp-json\/wp\/v2\/types\/product"}],"replies":[{"embeddable":true,"href":"https:\/\/veganova.eu\/lv\/wp-json\/wp\/v2\/comments?post=3375"}],"version-history":[{"count":1,"href":"https:\/\/veganova.eu\/lv\/wp-json\/wp\/v2\/product\/3375\/revisions"}],"predecessor-version":[{"id":57809,"href":"https:\/\/veganova.eu\/lv\/wp-json\/wp\/v2\/product\/3375\/revisions\/57809"}],"wp:featuredmedia":[{"embeddable":true,"href":"https:\/\/veganova.eu\/lv\/wp-json\/wp\/v2\/media\/51628"}],"wp:attachment":[{"href":"https:\/\/veganova.eu\/lv\/wp-json\/wp\/v2\/media?parent=3375"}],"wp:term":[{"taxonomy":"pwb-brand","embeddable":true,"href":"https:\/\/veganova.eu\/lv\/wp-json\/wp\/v2\/pwb-brand?post=3375"},{"taxonomy":"product_brand","embeddable":true,"href":"https:\/\/veganova.eu\/lv\/wp-json\/wp\/v2\/product_brand?post=3375"},{"taxonomy":"product_cat","embeddable":true,"href":"https:\/\/veganova.eu\/lv\/wp-json\/wp\/v2\/product_cat?post=3375"},{"taxonomy":"product_tag","embeddable":true,"href":"https:\/\/veganova.eu\/lv\/wp-json\/wp\/v2\/product_tag?post=3375"}],"curies":[{"name":"wp","href":"https:\/\/api.w.org\/{rel}","templated":true}]}}