{"id":3455,"date":"2023-10-01T17:05:44","date_gmt":"2023-10-01T15:05:44","guid":{"rendered":"https:\/\/veganova.eu\/?post_type=product&#038;p=3455"},"modified":"2026-04-22T22:03:46","modified_gmt":"2026-04-22T20:03:46","slug":"now-foods-gaba-chewable-with-taurine-inositol-and-l-theanine-90-chewables","status":"publish","type":"product","link":"https:\/\/veganova.eu\/lv\/shop\/now-foods-gaba-chewable-with-taurine-inositol-and-l-theanine-90-chewables\/","title":{"rendered":"NOW Foods GABA ko\u0161\u013c\u0101jam\u0101 viela ar taur\u012bnu, inozitolu un L-tean\u012bnu (90 ko\u0161\u013c\u0101jam\u0101s tabletes)"},"content":{"rendered":"<h3>NOW Foods GABA ko\u0161\u013c\u0101jam\u0101 viela ar taur\u012bnu, inozitolu un L-tean\u012bnu<\/h3>\n<ul>\n<li>Veicina relaks\u0101ciju<\/li>\n<li>mazina nervu spriedzi<\/li>\n<li>Plus taur\u012bns, inozitols un L-tean\u012bns<\/li>\n<li>Saldin\u0101ts ar ksil\u012btu<\/li>\n<li>GABA (gamma-aminosviestsk\u0101be) ir aminosk\u0101be, kas nav olbaltumviela un cilv\u0113ka smadzen\u0113s darbojas k\u0101 neirotransmiters.<\/li>\n<li>GABA dabiski veidojas organism\u0101, un t\u0101s kl\u0101tb\u016btne centr\u0101laj\u0101 nervu sist\u0113m\u0101 var pal\u012bdz\u0113t veicin\u0101t relaks\u0101ciju un mazin\u0101t nervu spriedzi.<\/li>\n<li>NOW ko\u0161\u013c\u0101jam\u0101 GABA ar gardu apels\u012bnu gar\u0161u apvieno \u0161o dab\u0101 sastopamo neiromediatoru ar relaks\u0113jo\u0161\u0101m aminosk\u0101b\u0113m taur\u012bnu un tean\u012bnu, kas papildina to funkcijas.<\/li>\n<\/ul>","protected":false},"excerpt":{"rendered":"<p>Veg\u0101nu uztura bag\u0101tin\u0101t\u0101js NOW Foods GABA Chewable ar taur\u012bnu, inozitolu un L-tean\u012bnu, iepakojum\u0101 ir: 90 m\u012bkst\u0101s tabletes. Nesatur lipekli un \u0122MO.<\/p>","protected":false},"featured_media":53547,"comment_status":"closed","ping_status":"closed","template":"","meta":{"advanced_seo_description":"","jetpack_seo_html_title":"","jetpack_seo_noindex":false},"pwb-brand":[173],"product_brand":[4580],"product_cat":[174,132],"product_tag":[1343,1150,1079,1126],"class_list":{"0":"post-3455","1":"product","2":"type-product","3":"status-publish","4":"has-post-thumbnail","6":"pwb-brand-now-foods","7":"product_brand-now-foods","8":"product_cat-amino-acids","9":"product_cat-sports-nutrition","10":"product_tag-calming-the-mind","11":"product_tag-nervous-system","12":"product_tag-relaxation","13":"product_tag-stress","14":"brand_woo-now-foods","16":"first","17":"instock","18":"taxable","19":"shipping-taxable","20":"purchasable","21":"product-type-simple"},"jetpack_sharing_enabled":true,"brands":[{"id":173,"name":"NOW Foods","slug":"now-foods"}],"_links":{"self":[{"href":"https:\/\/veganova.eu\/lv\/wp-json\/wp\/v2\/product\/3455","targetHints":{"allow":["GET"]}}],"collection":[{"href":"https:\/\/veganova.eu\/lv\/wp-json\/wp\/v2\/product"}],"about":[{"href":"https:\/\/veganova.eu\/lv\/wp-json\/wp\/v2\/types\/product"}],"replies":[{"embeddable":true,"href":"https:\/\/veganova.eu\/lv\/wp-json\/wp\/v2\/comments?post=3455"}],"version-history":[{"count":1,"href":"https:\/\/veganova.eu\/lv\/wp-json\/wp\/v2\/product\/3455\/revisions"}],"predecessor-version":[{"id":57881,"href":"https:\/\/veganova.eu\/lv\/wp-json\/wp\/v2\/product\/3455\/revisions\/57881"}],"wp:featuredmedia":[{"embeddable":true,"href":"https:\/\/veganova.eu\/lv\/wp-json\/wp\/v2\/media\/53547"}],"wp:attachment":[{"href":"https:\/\/veganova.eu\/lv\/wp-json\/wp\/v2\/media?parent=3455"}],"wp:term":[{"taxonomy":"pwb-brand","embeddable":true,"href":"https:\/\/veganova.eu\/lv\/wp-json\/wp\/v2\/pwb-brand?post=3455"},{"taxonomy":"product_brand","embeddable":true,"href":"https:\/\/veganova.eu\/lv\/wp-json\/wp\/v2\/product_brand?post=3455"},{"taxonomy":"product_cat","embeddable":true,"href":"https:\/\/veganova.eu\/lv\/wp-json\/wp\/v2\/product_cat?post=3455"},{"taxonomy":"product_tag","embeddable":true,"href":"https:\/\/veganova.eu\/lv\/wp-json\/wp\/v2\/product_tag?post=3455"}],"curies":[{"name":"wp","href":"https:\/\/api.w.org\/{rel}","templated":true}]}}