{"id":3461,"date":"2023-10-01T17:05:49","date_gmt":"2023-10-01T15:05:49","guid":{"rendered":"https:\/\/veganova.eu\/?post_type=product&#038;p=3461"},"modified":"2026-04-21T07:24:07","modified_gmt":"2026-04-21T05:24:07","slug":"now-foods-garlic-5000-odor-controlled-90-tablets","status":"publish","type":"product","link":"https:\/\/veganova.eu\/lv\/shop\/now-foods-garlic-5000-odor-controlled-90-tablets\/","title":{"rendered":"NOW Foods \u0136iploki 5000, ar kontrol\u0113tu arom\u0101tu (90 tab)"},"content":{"rendered":"<h3>NOW Foods Garlic 5000<\/h3>\n<ul>\n<li>5,000 mcg of allicin potential<\/li>\n<li>One tablet daily<\/li>\n<li>Enteric coated<\/li>\n<li>This garlic the product is standardized to provide allicin precursors that are converted to allicin when ingested.<\/li>\n<li>It is coated with an enteric coating, so this conversion occurs in the upper part of the intestine for optimal absorption and protection from the pungent smell of garlic.<\/li>\n<li>Allicin precursor levels are achieved through a special process that keeps garlic moisture low.<\/li>\n<li>This process preserves allicin potential while retaining all the natural properties of whole fresh garlic.<\/li>\n<li>Enjoy the benefits of this garlic tablet (odorless)<\/li>\n<\/ul>","protected":false},"excerpt":{"rendered":"<p>Vegan nutritional supplement NOW Foods Garlic 5000, Odor Controlled, with a concentrated suspension from Cesk, odorless and easy to digest. The package contains: 90 tablets. Gluten-free.<\/p>","protected":false},"featured_media":51651,"comment_status":"closed","ping_status":"closed","template":"","meta":{"advanced_seo_description":"","jetpack_seo_html_title":"","jetpack_seo_noindex":false},"pwb-brand":[173],"product_brand":[4580],"product_cat":[597,2600,149],"product_tag":[1164,1117,1336,1153,1166],"class_list":{"0":"post-3461","1":"product","2":"type-product","3":"status-publish","4":"has-post-thumbnail","6":"pwb-brand-now-foods","7":"product_brand-now-foods","8":"product_cat-body-immunity","9":"product_cat-inflammation","10":"product_cat-superfoods","11":"product_tag-bacteria","12":"product_tag-immunity","13":"product_tag-seasonal-diseases","14":"product_tag-vessels","15":"product_tag-viruses","16":"brand_woo-now-foods","18":"first","19":"outofstock","20":"taxable","21":"shipping-taxable","22":"purchasable","23":"product-type-simple"},"jetpack_sharing_enabled":true,"brands":[{"id":173,"name":"NOW Foods","slug":"now-foods"}],"_links":{"self":[{"href":"https:\/\/veganova.eu\/lv\/wp-json\/wp\/v2\/product\/3461","targetHints":{"allow":["GET"]}}],"collection":[{"href":"https:\/\/veganova.eu\/lv\/wp-json\/wp\/v2\/product"}],"about":[{"href":"https:\/\/veganova.eu\/lv\/wp-json\/wp\/v2\/types\/product"}],"replies":[{"embeddable":true,"href":"https:\/\/veganova.eu\/lv\/wp-json\/wp\/v2\/comments?post=3461"}],"version-history":[{"count":1,"href":"https:\/\/veganova.eu\/lv\/wp-json\/wp\/v2\/product\/3461\/revisions"}],"predecessor-version":[{"id":57887,"href":"https:\/\/veganova.eu\/lv\/wp-json\/wp\/v2\/product\/3461\/revisions\/57887"}],"wp:featuredmedia":[{"embeddable":true,"href":"https:\/\/veganova.eu\/lv\/wp-json\/wp\/v2\/media\/51651"}],"wp:attachment":[{"href":"https:\/\/veganova.eu\/lv\/wp-json\/wp\/v2\/media?parent=3461"}],"wp:term":[{"taxonomy":"pwb-brand","embeddable":true,"href":"https:\/\/veganova.eu\/lv\/wp-json\/wp\/v2\/pwb-brand?post=3461"},{"taxonomy":"product_brand","embeddable":true,"href":"https:\/\/veganova.eu\/lv\/wp-json\/wp\/v2\/product_brand?post=3461"},{"taxonomy":"product_cat","embeddable":true,"href":"https:\/\/veganova.eu\/lv\/wp-json\/wp\/v2\/product_cat?post=3461"},{"taxonomy":"product_tag","embeddable":true,"href":"https:\/\/veganova.eu\/lv\/wp-json\/wp\/v2\/product_tag?post=3461"}],"curies":[{"name":"wp","href":"https:\/\/api.w.org\/{rel}","templated":true}]}}