{"id":3594,"date":"2023-10-01T17:06:49","date_gmt":"2023-10-01T15:06:49","guid":{"rendered":"https:\/\/veganova.eu\/?post_type=product&#038;p=3594"},"modified":"2026-04-21T07:24:16","modified_gmt":"2026-04-21T05:24:16","slug":"now-foods-methyl-b-12-5000mcg-90-kaps","status":"publish","type":"product","link":"https:\/\/veganova.eu\/lv\/shop\/now-foods-methyl-b-12-5000mcg-90-kaps\/","title":{"rendered":"NOW Foods Metil B-12, 5000mcg (90 kapsulas)"},"content":{"rendered":"<h3>NOW Foods Metil B-12<\/h3>\n<ul>\n<li>B\u016btiski ener\u0123ijas ra\u017eo\u0161anai<\/li>\n<li>Hipoaler\u0123isks<\/li>\n<li>B-12 vitam\u012bns ir nepiecie\u0161ams ener\u0123ijas ra\u017eo\u0161anai no taukiem un olbaltumviel\u0101m, un ir labi zin\u0101ms, ka tam ir liela noz\u012bme DNS sint\u0113z\u0113, k\u0101 ar\u012b homociste\u012bna metabolism\u0101.<\/li>\n<li>Metilkobalam\u012bns ir B-12 vitam\u012bna koenz\u012bma forma, kas ir \u012bpa\u0161i svar\u012bga vesel\u012bgas nervu sist\u0113mas uztur\u0113\u0161anai.<\/li>\n<li>Uztura avoti ir gandr\u012bz tikai dz\u012bvnieku izcelsmes (ga\u013ca un piena produkti), t\u0101p\u0113c B-12 papildin\u0101\u0161ana var b\u016bt \u012bpa\u0161i svar\u012bga stingriem ve\u0123et\u0101rie\u0161iem.<\/li>\n<li>NOW Methyl B-12 ir ve\u0123et\u0101rietis\/veg\u0101ns (nav ieg\u016bts no dz\u012bvniekiem).<\/li>\n<li>\u0160im produktam var b\u016bt dabiskas kr\u0101su vari\u0101cijas.<\/li>\n<\/ul>","protected":false},"excerpt":{"rendered":"<p>Vegan nutritional supplement NOW Foods Methyl B-12 5000 mcg, package contains: 90 lozenges. Gluten-free.<\/p>","protected":false},"featured_media":53511,"comment_status":"closed","ping_status":"closed","template":"","meta":{"advanced_seo_description":"","jetpack_seo_html_title":"","jetpack_seo_noindex":false},"pwb-brand":[173],"product_brand":[4580],"product_cat":[153,152],"product_tag":[860,1094,1150],"class_list":{"0":"post-3594","1":"product","2":"type-product","3":"status-publish","4":"has-post-thumbnail","6":"pwb-brand-now-foods","7":"product_brand-now-foods","8":"product_cat-vitamins","9":"product_cat-vitamins-and-minerals","10":"product_tag-energy","11":"product_tag-metabolism","12":"product_tag-nervous-system","13":"brand_woo-now-foods","15":"first","16":"instock","17":"taxable","18":"shipping-taxable","19":"purchasable","20":"product-type-simple"},"jetpack_sharing_enabled":true,"brands":[{"id":173,"name":"NOW Foods","slug":"now-foods"}],"_links":{"self":[{"href":"https:\/\/veganova.eu\/lv\/wp-json\/wp\/v2\/product\/3594","targetHints":{"allow":["GET"]}}],"collection":[{"href":"https:\/\/veganova.eu\/lv\/wp-json\/wp\/v2\/product"}],"about":[{"href":"https:\/\/veganova.eu\/lv\/wp-json\/wp\/v2\/types\/product"}],"replies":[{"embeddable":true,"href":"https:\/\/veganova.eu\/lv\/wp-json\/wp\/v2\/comments?post=3594"}],"version-history":[{"count":1,"href":"https:\/\/veganova.eu\/lv\/wp-json\/wp\/v2\/product\/3594\/revisions"}],"predecessor-version":[{"id":58002,"href":"https:\/\/veganova.eu\/lv\/wp-json\/wp\/v2\/product\/3594\/revisions\/58002"}],"wp:featuredmedia":[{"embeddable":true,"href":"https:\/\/veganova.eu\/lv\/wp-json\/wp\/v2\/media\/53511"}],"wp:attachment":[{"href":"https:\/\/veganova.eu\/lv\/wp-json\/wp\/v2\/media?parent=3594"}],"wp:term":[{"taxonomy":"pwb-brand","embeddable":true,"href":"https:\/\/veganova.eu\/lv\/wp-json\/wp\/v2\/pwb-brand?post=3594"},{"taxonomy":"product_brand","embeddable":true,"href":"https:\/\/veganova.eu\/lv\/wp-json\/wp\/v2\/product_brand?post=3594"},{"taxonomy":"product_cat","embeddable":true,"href":"https:\/\/veganova.eu\/lv\/wp-json\/wp\/v2\/product_cat?post=3594"},{"taxonomy":"product_tag","embeddable":true,"href":"https:\/\/veganova.eu\/lv\/wp-json\/wp\/v2\/product_tag?post=3594"}],"curies":[{"name":"wp","href":"https:\/\/api.w.org\/{rel}","templated":true}]}}