{"id":3718,"date":"2023-10-01T17:07:41","date_gmt":"2023-10-01T15:07:41","guid":{"rendered":"https:\/\/veganova.eu\/?post_type=product&#038;p=3718"},"modified":"2026-04-26T02:21:34","modified_gmt":"2026-04-26T00:21:34","slug":"now-foods-super-antioxidants-120-kaps","status":"publish","type":"product","link":"https:\/\/veganova.eu\/lv\/shop\/now-foods-super-antioxidants-120-kaps\/","title":{"rendered":"NOW Foods Super antioksidanti (120 kapsulas)"},"content":{"rendered":"<h3>NOW Foods Super antioksidanti<\/h3>\n<ul>\n<li>Ar augu ekstraktiem.<\/li>\n<li>Uztur optim\u0101lu vesel\u012bbu.<\/li>\n<li>\u0160is kompleksais sp\u0113c\u012bgu augu un aug\u013cu ekstraktu mais\u012bjums ir izstr\u0101d\u0101ts, lai nodro\u0161in\u0101tu pla\u0161u flavono\u012bdu spektru ar zin\u0101tniski pier\u0101d\u012btu br\u012bvo radik\u0101\u013cu att\u012br\u012b\u0161anas aktivit\u0101ti.<\/li>\n<li>\u0160ie augi un aug\u013ci jau gadsimtiem ilgi ir paz\u012bstami vis\u0101 pasaul\u0113, jo tie pal\u012bdz uztur\u0113t optim\u0101lu labsaj\u016btu.<\/li>\n<li>\u0160im produktam var rasties dabiskas kr\u0101su at\u0161\u0137ir\u012bbas.<\/li>\n<\/ul>","protected":false},"excerpt":{"rendered":"<p>Veg\u0101nu uztura bag\u0101tin\u0101t\u0101js NOW Foods Super Antioksidanti ar dab\u012bgiem ekstraktiem, kas bag\u0101ti ar antioksidantiem. Iepakojum\u0101 ir: 120 kapsulas. Bez lipek\u013ca, bez cukura.<\/p>","protected":false},"featured_media":51526,"comment_status":"closed","ping_status":"closed","template":"","meta":{"advanced_seo_description":"","jetpack_seo_html_title":"","jetpack_seo_noindex":false},"pwb-brand":[173],"product_brand":[4580],"product_cat":[2593,2592,597,152],"product_tag":[1159,1093,1302,1380],"class_list":{"0":"post-3718","1":"product","2":"type-product","3":"status-publish","4":"has-post-thumbnail","6":"pwb-brand-now-foods","7":"product_brand-now-foods","8":"product_cat-antioxidants","9":"product_cat-detox","10":"product_cat-body-immunity","11":"product_cat-vitamins-and-minerals","12":"product_tag-aging","13":"product_tag-antioxidant","14":"product_tag-medicinal-herbs","15":"product_tag-oxidative-stress","16":"brand_woo-now-foods","18":"first","19":"instock","20":"taxable","21":"shipping-taxable","22":"purchasable","23":"product-type-simple"},"jetpack_sharing_enabled":true,"brands":[{"id":173,"name":"NOW Foods","slug":"now-foods"}],"_links":{"self":[{"href":"https:\/\/veganova.eu\/lv\/wp-json\/wp\/v2\/product\/3718","targetHints":{"allow":["GET"]}}],"collection":[{"href":"https:\/\/veganova.eu\/lv\/wp-json\/wp\/v2\/product"}],"about":[{"href":"https:\/\/veganova.eu\/lv\/wp-json\/wp\/v2\/types\/product"}],"replies":[{"embeddable":true,"href":"https:\/\/veganova.eu\/lv\/wp-json\/wp\/v2\/comments?post=3718"}],"version-history":[{"count":1,"href":"https:\/\/veganova.eu\/lv\/wp-json\/wp\/v2\/product\/3718\/revisions"}],"predecessor-version":[{"id":58107,"href":"https:\/\/veganova.eu\/lv\/wp-json\/wp\/v2\/product\/3718\/revisions\/58107"}],"wp:featuredmedia":[{"embeddable":true,"href":"https:\/\/veganova.eu\/lv\/wp-json\/wp\/v2\/media\/51526"}],"wp:attachment":[{"href":"https:\/\/veganova.eu\/lv\/wp-json\/wp\/v2\/media?parent=3718"}],"wp:term":[{"taxonomy":"pwb-brand","embeddable":true,"href":"https:\/\/veganova.eu\/lv\/wp-json\/wp\/v2\/pwb-brand?post=3718"},{"taxonomy":"product_brand","embeddable":true,"href":"https:\/\/veganova.eu\/lv\/wp-json\/wp\/v2\/product_brand?post=3718"},{"taxonomy":"product_cat","embeddable":true,"href":"https:\/\/veganova.eu\/lv\/wp-json\/wp\/v2\/product_cat?post=3718"},{"taxonomy":"product_tag","embeddable":true,"href":"https:\/\/veganova.eu\/lv\/wp-json\/wp\/v2\/product_tag?post=3718"}],"curies":[{"name":"wp","href":"https:\/\/api.w.org\/{rel}","templated":true}]}}