{"id":47687,"date":"2024-09-15T12:27:02","date_gmt":"2024-09-15T10:27:02","guid":{"rendered":"https:\/\/veganova.eu\/?post_type=product&#038;p=47687"},"modified":"2026-04-21T07:25:51","modified_gmt":"2026-04-21T05:25:51","slug":"enzymedica-acid-soothe-30-caps","status":"publish","type":"product","link":"https:\/\/veganova.eu\/lv\/shop\/enzymedica-acid-soothe-30-caps\/","title":{"rendered":"Enzymedica Acid Soothe - 30 kapsulas"},"content":{"rendered":"<h3>Enzymedica Acid Soothe - 30 kapsulas<\/h3>\n<p>Ne\u013caujiet neregul\u0101r\u0101m gr\u0113mas l\u0113km\u0113m attur\u0113t j\u016bs no iecien\u012bt\u0101kajiem \u0113dieniem.<\/p>\n<p>T\u0101 k\u0101 neregul\u0101ras gr\u0113mas ir saist\u012btas ne tikai ar ku\u0146\u0123a sk\u0101bi, m\u0113s rad\u012bj\u0101m produktu visiem aspektiem - ar gar\u0161augiem gremo\u0161anas trakta nomierin\u0101\u0161anai, cinka karnoz\u012bnu zarnu g\u013cot\u0101das atjauno\u0161anai un fermentiem trauc\u0113jo\u0161o produktu sadal\u012b\u0161anai. Vien\u012bgais, kas jums atliek, ir atkal baud\u012bt \u0113dienu.<\/p>","protected":false},"excerpt":{"rendered":"<p>Enzymedica Acid Soothe ar gar\u0161augiem gremo\u0161anas trakta nomierin\u0101\u0161anai, cinka karnoz\u012bnu zarnu g\u013cot\u0101das atjauno\u0161anai un fermentiem trauc\u0113jo\u0161o produktu \u0161\u0137el\u0161anai. Sast\u0101vs: Sast\u0101vs: 30 kapsulas. Sertifik\u0101ts: veg\u0101ns, bez \u0122MO.<\/p>","protected":false},"featured_media":51932,"comment_status":"closed","ping_status":"closed","template":"","meta":{"advanced_seo_description":"","jetpack_seo_html_title":"","jetpack_seo_noindex":false},"pwb-brand":[467],"product_brand":[4767],"product_cat":[596,143],"product_tag":[],"class_list":{"0":"post-47687","1":"product","2":"type-product","3":"status-publish","4":"has-post-thumbnail","6":"pwb-brand-enzymedica","7":"product_brand-enzymedica","8":"product_cat-digestion","9":"product_cat-health-issues","10":"brand_woo-enzymedica","12":"first","13":"instock","14":"sale","15":"taxable","16":"shipping-taxable","17":"purchasable","18":"product-type-simple"},"jetpack_sharing_enabled":true,"brands":[{"id":467,"name":"Enzymedica","slug":"enzymedica"}],"_links":{"self":[{"href":"https:\/\/veganova.eu\/lv\/wp-json\/wp\/v2\/product\/47687","targetHints":{"allow":["GET"]}}],"collection":[{"href":"https:\/\/veganova.eu\/lv\/wp-json\/wp\/v2\/product"}],"about":[{"href":"https:\/\/veganova.eu\/lv\/wp-json\/wp\/v2\/types\/product"}],"replies":[{"embeddable":true,"href":"https:\/\/veganova.eu\/lv\/wp-json\/wp\/v2\/comments?post=47687"}],"version-history":[{"count":1,"href":"https:\/\/veganova.eu\/lv\/wp-json\/wp\/v2\/product\/47687\/revisions"}],"predecessor-version":[{"id":59187,"href":"https:\/\/veganova.eu\/lv\/wp-json\/wp\/v2\/product\/47687\/revisions\/59187"}],"wp:featuredmedia":[{"embeddable":true,"href":"https:\/\/veganova.eu\/lv\/wp-json\/wp\/v2\/media\/51932"}],"wp:attachment":[{"href":"https:\/\/veganova.eu\/lv\/wp-json\/wp\/v2\/media?parent=47687"}],"wp:term":[{"taxonomy":"pwb-brand","embeddable":true,"href":"https:\/\/veganova.eu\/lv\/wp-json\/wp\/v2\/pwb-brand?post=47687"},{"taxonomy":"product_brand","embeddable":true,"href":"https:\/\/veganova.eu\/lv\/wp-json\/wp\/v2\/product_brand?post=47687"},{"taxonomy":"product_cat","embeddable":true,"href":"https:\/\/veganova.eu\/lv\/wp-json\/wp\/v2\/product_cat?post=47687"},{"taxonomy":"product_tag","embeddable":true,"href":"https:\/\/veganova.eu\/lv\/wp-json\/wp\/v2\/product_tag?post=47687"}],"curies":[{"name":"wp","href":"https:\/\/api.w.org\/{rel}","templated":true}]}}