{"id":5094,"date":"2023-10-01T17:08:35","date_gmt":"2023-10-01T15:08:35","guid":{"rendered":"https:\/\/veganova.eu\/?post_type=product&#038;p=5094"},"modified":"2026-05-05T02:31:19","modified_gmt":"2026-05-05T00:31:19","slug":"doctors-best-d-ribose-powder-250g","status":"publish","type":"product","link":"https:\/\/veganova.eu\/lv\/shop\/doctors-best-d-ribose-powder-250g\/","title":{"rendered":"Doctor's Best D-Ribose, pulveris (250g)"},"content":{"rendered":"<h3>Doctor's Best D-Ribose, pulveris (250g)<\/h3>\n<p>Uz zin\u0101tni balst\u012bts uzturs<br \/>\n850 mg<br \/>\nUztura bag\u0101tin\u0101t\u0101js<br \/>\nPal\u012bdz uzlabot ATP ener\u0123ijas ra\u017eo\u0161anu<br \/>\nVeg\u0101ns<br \/>\nBez \u0122MO \/ bez lipek\u013ca \/ bez sojas<br \/>\nDoctor's Best D-riboze ir unik\u0101ls 5 og\u013chidr\u0101tu og\u013chidr\u0101ts, kas ir ATP (adenoz\u012bna trifosf\u0101ta), visu \u0161\u016bnu ener\u0123ijas avota, pamatelements. Riboze ir s\u0101kumpunkts un \u0101trumu ierobe\u017eojo\u0161s savienojums \u0161o fundament\u0101lo \u0161\u016bnu savienojumu sint\u0113z\u0113. Ribozes pieejam\u012bba nosaka \u0101trumu, ar k\u0101du t\u0101s var sara\u017eot m\u016bsu \u0161\u016bnas un audi. P\u0113t\u012bjumi liecina, ka ribozes piedevas var uzlabot sirds ener\u0123ijas l\u012bmeni un atbalst\u012bt sirds un asinsvadu vielmai\u0146u. Turpm\u0101ki p\u0113t\u012bjumi liecina, ka ribozei ir svar\u012bga noz\u012bme musku\u013cu ener\u0123ijas atjauno\u0161an\u0101 p\u0113c treni\u0146a. Fiziskie vingrin\u0101jumi palielina br\u012bvo radik\u0101\u013cu veido\u0161anos musku\u013cu audos. Riboze var stiprin\u0101t un atbalst\u012bt organisma b\u016btisk\u0101s antioksidantu aizsargsp\u0113jas.<\/p>\n<p>Pal\u012bdz atbalst\u012bt ener\u0123ijas ra\u017eo\u0161anu sird\u012b un musku\u013cos<br \/>\nPal\u012bdz veicin\u0101t musku\u013cu atjauno\u0161anos p\u0113c treni\u0146a<br \/>\nPal\u012bdz samazin\u0101t br\u012bvo radik\u0101\u013cu veido\u0161anos fizisk\u0101s slodzes laik\u0101<\/p>","protected":false},"excerpt":{"rendered":"<p>Vegan nutritional supplement Doctor&#8217;s Best D-Ribose, Powder is suitable for regeneration after training and at the same time supports the production of energy in the heart and muscles. The package contains: 250g (powder).<\/p>","protected":false},"featured_media":53023,"comment_status":"closed","ping_status":"closed","template":"","meta":{"advanced_seo_description":"","jetpack_seo_html_title":"","jetpack_seo_noindex":false},"pwb-brand":[147],"product_brand":[4565],"product_cat":[152],"product_tag":[860,856,1158,1208,1197],"class_list":{"0":"post-5094","1":"product","2":"type-product","3":"status-publish","4":"has-post-thumbnail","6":"pwb-brand-doctors-best","7":"product_brand-doctors-best","8":"product_cat-vitamins-and-minerals","9":"product_tag-energy","10":"product_tag-for-athletes","11":"product_tag-heart","12":"product_tag-muscles","13":"product_tag-regeneration","14":"brand_woo-doctors-best","16":"first","17":"instock","18":"taxable","19":"shipping-taxable","20":"purchasable","21":"product-type-simple"},"jetpack_sharing_enabled":true,"brands":[{"id":147,"name":"Doctor's Best","slug":"doctors-best"}],"_links":{"self":[{"href":"https:\/\/veganova.eu\/lv\/wp-json\/wp\/v2\/product\/5094","targetHints":{"allow":["GET"]}}],"collection":[{"href":"https:\/\/veganova.eu\/lv\/wp-json\/wp\/v2\/product"}],"about":[{"href":"https:\/\/veganova.eu\/lv\/wp-json\/wp\/v2\/types\/product"}],"replies":[{"embeddable":true,"href":"https:\/\/veganova.eu\/lv\/wp-json\/wp\/v2\/comments?post=5094"}],"version-history":[{"count":1,"href":"https:\/\/veganova.eu\/lv\/wp-json\/wp\/v2\/product\/5094\/revisions"}],"predecessor-version":[{"id":58207,"href":"https:\/\/veganova.eu\/lv\/wp-json\/wp\/v2\/product\/5094\/revisions\/58207"}],"wp:featuredmedia":[{"embeddable":true,"href":"https:\/\/veganova.eu\/lv\/wp-json\/wp\/v2\/media\/53023"}],"wp:attachment":[{"href":"https:\/\/veganova.eu\/lv\/wp-json\/wp\/v2\/media?parent=5094"}],"wp:term":[{"taxonomy":"pwb-brand","embeddable":true,"href":"https:\/\/veganova.eu\/lv\/wp-json\/wp\/v2\/pwb-brand?post=5094"},{"taxonomy":"product_brand","embeddable":true,"href":"https:\/\/veganova.eu\/lv\/wp-json\/wp\/v2\/product_brand?post=5094"},{"taxonomy":"product_cat","embeddable":true,"href":"https:\/\/veganova.eu\/lv\/wp-json\/wp\/v2\/product_cat?post=5094"},{"taxonomy":"product_tag","embeddable":true,"href":"https:\/\/veganova.eu\/lv\/wp-json\/wp\/v2\/product_tag?post=5094"}],"curies":[{"name":"wp","href":"https:\/\/api.w.org\/{rel}","templated":true}]}}