{"id":5201,"date":"2023-10-01T17:09:23","date_gmt":"2023-10-01T15:09:23","guid":{"rendered":"https:\/\/veganova.eu\/?post_type=product&#038;p=5201"},"modified":"2026-04-21T07:24:39","modified_gmt":"2026-04-21T05:24:39","slug":"now-foods-celery-seed-extract-60-kaps","status":"publish","type":"product","link":"https:\/\/veganova.eu\/lv\/shop\/now-foods-celery-seed-extract-60-kaps\/","title":{"rendered":"NOW Foods Selerijas s\u0113klu ekstrakts (60 kapsulas)"},"content":{"rendered":"<h3>NOW Foods Selerijas s\u0113klu ekstrakts (60 kapsulas)<\/h3>\n<p>Vesel\u012bga asinsvadu funkcija<br \/>\nPlus Horse Chestnut &amp; Hawthorn Extracts<br \/>\nNOW Selerijas s\u0113klu ekstrakts pied\u0101v\u0101 pla\u0161u bioakt\u012bvo savienojumu kl\u0101stu, tostarp dabiskos ftal\u012bdus, piem\u0113ram, 3-n-butilftal\u012bdu (3nB). 3nB ir pla\u0161i p\u0113t\u012bts, jo tas veicina asinsvadu vesel\u012bbu, \u012bpa\u0161i smadzen\u0113s. \u0160\u012b produkta sast\u0101v\u0101 ir zirgkasta\u0146a s\u0113klu ekstrakts, kas jau sen zin\u0101ms k\u0101 vesel\u012bgas asinsvadu funkcijas pal\u012bgs. \u0160\u012bs formulas papildin\u0101\u0161anai ir iek\u013cauts ar\u012b vilk\u0101beles ekstrakts ar daudz\u0101m fenola sast\u0101vda\u013c\u0101m.<\/p>","protected":false},"excerpt":{"rendered":"<p>Veg\u0101nisks uztura bag\u0101tin\u0101t\u0101js NOW Foods Selerijas s\u0113klu ekstrakts - ekstrakts no selerijas s\u0113kl\u0101m, iepakojum\u0101 ir: 60 kapsulas. Nesatur lipekli un \u0122MO.<\/p>","protected":false},"featured_media":51557,"comment_status":"closed","ping_status":"closed","template":"","meta":{"advanced_seo_description":"","jetpack_seo_html_title":"","jetpack_seo_noindex":false},"pwb-brand":[173],"product_brand":[4580],"product_cat":[149],"product_tag":[1200,1221,1153],"class_list":{"0":"post-5201","1":"product","2":"type-product","3":"status-publish","4":"has-post-thumbnail","6":"pwb-brand-now-foods","7":"product_brand-now-foods","8":"product_cat-superfoods","9":"product_tag-blood-circulation","10":"product_tag-brain","11":"product_tag-vessels","12":"brand_woo-now-foods","14":"first","15":"instock","16":"taxable","17":"shipping-taxable","18":"purchasable","19":"product-type-simple"},"jetpack_sharing_enabled":true,"brands":[{"id":173,"name":"NOW Foods","slug":"now-foods"}],"_links":{"self":[{"href":"https:\/\/veganova.eu\/lv\/wp-json\/wp\/v2\/product\/5201","targetHints":{"allow":["GET"]}}],"collection":[{"href":"https:\/\/veganova.eu\/lv\/wp-json\/wp\/v2\/product"}],"about":[{"href":"https:\/\/veganova.eu\/lv\/wp-json\/wp\/v2\/types\/product"}],"replies":[{"embeddable":true,"href":"https:\/\/veganova.eu\/lv\/wp-json\/wp\/v2\/comments?post=5201"}],"version-history":[{"count":1,"href":"https:\/\/veganova.eu\/lv\/wp-json\/wp\/v2\/product\/5201\/revisions"}],"predecessor-version":[{"id":58309,"href":"https:\/\/veganova.eu\/lv\/wp-json\/wp\/v2\/product\/5201\/revisions\/58309"}],"wp:featuredmedia":[{"embeddable":true,"href":"https:\/\/veganova.eu\/lv\/wp-json\/wp\/v2\/media\/51557"}],"wp:attachment":[{"href":"https:\/\/veganova.eu\/lv\/wp-json\/wp\/v2\/media?parent=5201"}],"wp:term":[{"taxonomy":"pwb-brand","embeddable":true,"href":"https:\/\/veganova.eu\/lv\/wp-json\/wp\/v2\/pwb-brand?post=5201"},{"taxonomy":"product_brand","embeddable":true,"href":"https:\/\/veganova.eu\/lv\/wp-json\/wp\/v2\/product_brand?post=5201"},{"taxonomy":"product_cat","embeddable":true,"href":"https:\/\/veganova.eu\/lv\/wp-json\/wp\/v2\/product_cat?post=5201"},{"taxonomy":"product_tag","embeddable":true,"href":"https:\/\/veganova.eu\/lv\/wp-json\/wp\/v2\/product_tag?post=5201"}],"curies":[{"name":"wp","href":"https:\/\/api.w.org\/{rel}","templated":true}]}}