{"id":5245,"date":"2023-10-01T17:09:46","date_gmt":"2023-10-01T15:09:46","guid":{"rendered":"https:\/\/veganova.eu\/?post_type=product&#038;p=5245"},"modified":"2026-04-29T02:24:35","modified_gmt":"2026-04-29T00:24:35","slug":"san-rawfusion-natural-chocolate-931g","status":"publish","type":"product","link":"https:\/\/veganova.eu\/lv\/shop\/san-rawfusion-natural-chocolate-931g\/","title":{"rendered":"SAN RawFusion, dab\u012bg\u0101 \u0161okol\u0101de (931g)"},"content":{"rendered":"<h3>SAN RawFusion<\/h3>\n<ul>\n<li>Jauna augu izcelsmes prote\u012bnu paaudze<\/li>\n<li>Vair\u0101k nek\u0101 gadu ilgas intens\u012bvas aukst\u0101s ekstr\u016bzijas tehnolo\u0123iju izp\u0113tes un izstr\u0101des rezult\u0101t\u0101 ir rad\u012bta nep\u0101rsp\u0113jama, veg\u0101niem apstiprin\u0101ta prote\u012bna formula, ko pied\u0101v\u0101 SAN.<\/li>\n<li>RAWFUSION ir ne tikai \u0123en\u0113tiski nemodific\u0113ts, piln\u012bgi dab\u012bgs un bez alerg\u0113niem augu izcelsmes olbaltumvielu avots, bet ar\u012b pied\u0101v\u0101 21 gramu m\u016bsu pa\u0161u biolo\u0123iski raudz\u0113tu olbaltumvielu porcij\u0101, t\u0101p\u0113c tas ir ide\u0101li piem\u0113rots ikvienam.<\/li>\n<li>RAWFUSION ekskluz\u012bvais mais\u012bjums no zir\u0146u prote\u012bna izol\u0101ta, diedz\u0113ta br\u016bno r\u012bsu prote\u012bna koncentr\u0101ta, arti\u0161oku prote\u012bna koncentr\u0101ta un EFA bag\u0101tas saulespu\u0137u e\u013c\u013cas matricas nodro\u0161ina \u0161o patent\u0113to formulu, kas ir ide\u0101li piem\u0113rota veg\u0101niem un ir augsts olbaltumvielu saturs un sapr\u0101t\u012bga izv\u0113le ar\u012b tiem, kas nav veg\u0101ni.<\/li>\n<li>Paties\u012bb\u0101 RAWFUSION aminosk\u0101bju profils ar vair\u0101k nek\u0101 4,5 gramiem BCAAs porcij\u0101 ir l\u012bdzv\u0113rt\u012bgs piena olbaltumvielu profilam, ta\u010du bez piena vai dz\u012bvnieku olbaltumvielu tr\u016bkumiem.<\/li>\n<\/ul>","protected":false},"excerpt":{"rendered":"<p>Vegan nutritional supplement containing vegetable protein and amino acids SAN RawFusion is a mixture of peas, brown rice, artichokes and sunflower oil. Contains 21g of protein and 4.5g of BCAA per serving. Flavor: Natural Chocolate, package contains: 931g. Gluten-free, GMO-free.<\/p>","protected":false},"featured_media":51542,"comment_status":"closed","ping_status":"closed","template":"","meta":{"advanced_seo_description":"","jetpack_seo_html_title":"","jetpack_seo_noindex":false},"pwb-brand":[431],"product_brand":[4740],"product_cat":[132,133],"product_tag":[1445,1378,1443],"class_list":{"0":"post-5245","1":"product","2":"type-product","3":"status-publish","4":"has-post-thumbnail","6":"pwb-brand-san","7":"product_brand-san","8":"product_cat-sports-nutrition","9":"product_cat-vegan-proteins","10":"product_tag-protein-for-men","11":"product_tag-protein-with-amino-acids","12":"product_tag-vegetable-protein","13":"brand_woo-san","15":"first","16":"instock","17":"featured","18":"taxable","19":"shipping-taxable","20":"purchasable","21":"product-type-simple"},"jetpack_sharing_enabled":true,"brands":[{"id":431,"name":"SAN","slug":"san"}],"_links":{"self":[{"href":"https:\/\/veganova.eu\/lv\/wp-json\/wp\/v2\/product\/5245","targetHints":{"allow":["GET"]}}],"collection":[{"href":"https:\/\/veganova.eu\/lv\/wp-json\/wp\/v2\/product"}],"about":[{"href":"https:\/\/veganova.eu\/lv\/wp-json\/wp\/v2\/types\/product"}],"replies":[{"embeddable":true,"href":"https:\/\/veganova.eu\/lv\/wp-json\/wp\/v2\/comments?post=5245"}],"version-history":[{"count":1,"href":"https:\/\/veganova.eu\/lv\/wp-json\/wp\/v2\/product\/5245\/revisions"}],"predecessor-version":[{"id":58349,"href":"https:\/\/veganova.eu\/lv\/wp-json\/wp\/v2\/product\/5245\/revisions\/58349"}],"wp:featuredmedia":[{"embeddable":true,"href":"https:\/\/veganova.eu\/lv\/wp-json\/wp\/v2\/media\/51542"}],"wp:attachment":[{"href":"https:\/\/veganova.eu\/lv\/wp-json\/wp\/v2\/media?parent=5245"}],"wp:term":[{"taxonomy":"pwb-brand","embeddable":true,"href":"https:\/\/veganova.eu\/lv\/wp-json\/wp\/v2\/pwb-brand?post=5245"},{"taxonomy":"product_brand","embeddable":true,"href":"https:\/\/veganova.eu\/lv\/wp-json\/wp\/v2\/product_brand?post=5245"},{"taxonomy":"product_cat","embeddable":true,"href":"https:\/\/veganova.eu\/lv\/wp-json\/wp\/v2\/product_cat?post=5245"},{"taxonomy":"product_tag","embeddable":true,"href":"https:\/\/veganova.eu\/lv\/wp-json\/wp\/v2\/product_tag?post=5245"}],"curies":[{"name":"wp","href":"https:\/\/api.w.org\/{rel}","templated":true}]}}