{"id":5342,"date":"2023-10-01T17:10:36","date_gmt":"2023-10-01T15:10:36","guid":{"rendered":"https:\/\/veganova.eu\/?post_type=product&#038;p=5342"},"modified":"2026-04-21T07:24:48","modified_gmt":"2026-04-21T05:24:48","slug":"trace-minerals-ionic-selenium-liquid-59-ml","status":"publish","type":"product","link":"https:\/\/veganova.eu\/lv\/shop\/trace-minerals-ionic-selenium-liquid-59-ml\/","title":{"rendered":"Trace Minerals Jonu sel\u0113ns \u0161\u0137idrums (59 ml)"},"content":{"rendered":"<h3>Trace Minerals Jonu sel\u0113ns \u0161\u0137idrums (59 ml)<\/h3>\n<p>Joniskais sel\u0113ns ir bag\u0101t\u012bgs, koncentr\u0113ts \u0161\u0137idrs uztura bag\u0101tin\u0101t\u0101js, kas nodro\u0161ina sel\u0113nu jonu form\u0101 - organism\u0101 vispla\u0161\u0101k atpaz\u012bstam\u0101 form\u0101. Da\u017ei zin\u0101tniski pier\u0101d\u012bjumi liecina, ka sel\u0113na lieto\u0161ana var samazin\u0101t da\u017eu v\u0113\u017ea formu risku, tom\u0113r FDA ir noteikusi, ka \u0161ie pier\u0101d\u012bjumi ir ierobe\u017eoti un nav p\u0101rliecino\u0161i. Satur ar\u012b pilnu koncentr\u0113tu jonu mikroelementu spektru.<\/p>","protected":false},"excerpt":{"rendered":"<p>Veg\u0101nu uztura bag\u0101tin\u0101t\u0101js Trace Minerals Ionic Selenium Liquid nodro\u0161ina jonu sel\u0113nu augst\u0101 koncentr\u0101cij\u0101. Papildin\u0101ts ar augstas kvalit\u0101tes jonu mikroelementiem. Iepakojum\u0101 ir: Iepakojum\u0101: 59 ml. Nesatur lipekli un \u0122MO.<\/p>","protected":false},"featured_media":52908,"comment_status":"closed","ping_status":"closed","template":"","meta":{"advanced_seo_description":"","jetpack_seo_html_title":"","jetpack_seo_noindex":false},"pwb-brand":[451],"product_brand":[4756],"product_cat":[203,2598,132],"product_tag":[1182],"class_list":{"0":"post-5342","1":"product","2":"type-product","3":"status-publish","4":"has-post-thumbnail","6":"pwb-brand-trace-minerals","7":"product_brand-trace-minerals","8":"product_cat-pre-workout","9":"product_cat-recovery","10":"product_cat-sports-nutrition","11":"product_tag-hydration","12":"brand_woo-trace-minerals","14":"first","15":"instock","16":"taxable","17":"shipping-taxable","18":"purchasable","19":"product-type-simple"},"jetpack_sharing_enabled":true,"brands":[{"id":451,"name":"Mikroelementi","slug":"trace-minerals"}],"_links":{"self":[{"href":"https:\/\/veganova.eu\/lv\/wp-json\/wp\/v2\/product\/5342","targetHints":{"allow":["GET"]}}],"collection":[{"href":"https:\/\/veganova.eu\/lv\/wp-json\/wp\/v2\/product"}],"about":[{"href":"https:\/\/veganova.eu\/lv\/wp-json\/wp\/v2\/types\/product"}],"replies":[{"embeddable":true,"href":"https:\/\/veganova.eu\/lv\/wp-json\/wp\/v2\/comments?post=5342"}],"version-history":[{"count":1,"href":"https:\/\/veganova.eu\/lv\/wp-json\/wp\/v2\/product\/5342\/revisions"}],"predecessor-version":[{"id":58435,"href":"https:\/\/veganova.eu\/lv\/wp-json\/wp\/v2\/product\/5342\/revisions\/58435"}],"wp:featuredmedia":[{"embeddable":true,"href":"https:\/\/veganova.eu\/lv\/wp-json\/wp\/v2\/media\/52908"}],"wp:attachment":[{"href":"https:\/\/veganova.eu\/lv\/wp-json\/wp\/v2\/media?parent=5342"}],"wp:term":[{"taxonomy":"pwb-brand","embeddable":true,"href":"https:\/\/veganova.eu\/lv\/wp-json\/wp\/v2\/pwb-brand?post=5342"},{"taxonomy":"product_brand","embeddable":true,"href":"https:\/\/veganova.eu\/lv\/wp-json\/wp\/v2\/product_brand?post=5342"},{"taxonomy":"product_cat","embeddable":true,"href":"https:\/\/veganova.eu\/lv\/wp-json\/wp\/v2\/product_cat?post=5342"},{"taxonomy":"product_tag","embeddable":true,"href":"https:\/\/veganova.eu\/lv\/wp-json\/wp\/v2\/product_tag?post=5342"}],"curies":[{"name":"wp","href":"https:\/\/api.w.org\/{rel}","templated":true}]}}