{"id":54819,"date":"2025-05-17T16:00:39","date_gmt":"2025-05-17T14:00:39","guid":{"rendered":"https:\/\/veganova.eu\/?post_type=product&#038;p=54819"},"modified":"2026-04-21T07:26:34","modified_gmt":"2026-04-21T05:26:34","slug":"osavi-iodine-oral-spray-150mcg-cherry-25-ml","status":"publish","type":"product","link":"https:\/\/veganova.eu\/lv\/shop\/osavi-iodine-oral-spray-150mcg-cherry-25-ml\/","title":{"rendered":"Osavi Iodine Oral Spray, 150mcg (Cherry) &#8211; 25 ml."},"content":{"rendered":"<h3>Osavi Iodine Oral Spray, 150mcg (Cherry) &#8211; 25 ml.<\/h3>\n<p>Food supplement in the form of an oral spray containing iodine (potassium iodide) and natural cherry flavour. Contains sweetener (xylitol).<\/p>\n<p>Noticing deteriorating skin condition? Struggling with memory and concentration? Want to support proper thyroid function? Consider iodine supplementation.<\/p>\n<p>Iodine is a key element for maintaining health. It contributes to the proper energy metabolism of the body and supports the normal production of thyroid hormones, which are essential for the thyroid\u2019s function. The thyroid regulates metabolism, influences body weight, and energy production. Additionally, iodine plays a crucial role in the optimal functioning of the nervous system. It is especially important for maintaining cognitive functions, such as learning, memory, and concentration. Iodine is also vital for keeping skin healthy.<\/p>\n<p>Our food supplement contains a high dose of iodine\u2014150 \u00b5g per serving in the form of potassium iodide (100% of the recommended daily intake). This modern spray-form supplementation is a convenient and easy way to apply iodine, eliminating the need to swallow large capsules or tablets. There\u2019s no need for water or dilution either. The supplement is sweetened with xylitol and has a natural, delicious cherry flavor.<\/p>\n<p>The recommended daily dosage is 1 pressing, providing 150 \u00b5g of iodine. For first-time use, press the pump 3\u20134 times to activate it, then shake before each use. The supplement comes in a compact, convenient bottle, sufficient for four months of daily use.<\/p>\n<p>Why would someone benefit from supplementing with Iodine 150 \u03bcg?<br \/>\n&#8211; Iodine contributes to normal cognitive function.<br \/>\n&#8211; Iodine contributes to normal energy-yielding metabolism.<br \/>\n&#8211; Iodine contributes to normal functioning of the nervous system.<br \/>\n&#8211; Iodine contributes to the maintenance of normal skin.<br \/>\n&#8211; Iodine contributes to the normal production of thyroid hormones and normal thyroid function.<\/p>\n<p>What is special about spray Iodine 150 \u03bcg?<br \/>\n&#8211; High content of iodine (150 \u03bcg).<br \/>\n&#8211; A new form of supplementation.<br \/>\n&#8211; 4 months&#8217; supply in one small, convenient bottle.<br \/>\n&#8211; Only 1 application daily.<br \/>\n&#8211; With xylitol as a natural sweetener.<br \/>\n&#8211; With natural cherry flavour.<br \/>\n&#8211; Easy to use: you do not need to take it with a glass of water or dissolve it, a comfortable application for people who have problems with swallowing &#8211; no more capsules or tablets!<br \/>\n- Piem\u0113rots ve\u0123et\u0101rie\u0161iem un veg\u0101niem.<br \/>\n- Bez cukura, bez lipek\u013ca, bez laktozes, bez laktozes, bez sojas, bez \u0122MO.<\/p>","protected":false},"excerpt":{"rendered":"<p>Osavi Iodine Oral Spray, 150mcg (Cherry) &#8211; 25 ml. Food supplement in the form of an oral spray containing iodine (potassium iodide) and natural cherry flavour. Contains sweetener (xylitol).<\/p>","protected":false},"featured_media":55921,"comment_status":"closed","ping_status":"closed","template":"","meta":{"advanced_seo_description":"","jetpack_seo_html_title":"","jetpack_seo_noindex":false},"pwb-brand":[379],"product_brand":[4700],"product_cat":[2594],"product_tag":[],"class_list":{"0":"post-54819","1":"product","2":"type-product","3":"status-publish","4":"has-post-thumbnail","6":"pwb-brand-osavi","7":"product_brand-osavi","8":"product_cat-thyroid","9":"brand_woo-osavi","11":"first","12":"instock","13":"taxable","14":"shipping-taxable","15":"purchasable","16":"product-type-simple"},"jetpack_sharing_enabled":true,"brands":[{"id":379,"name":"Osavi","slug":"osavi"}],"_links":{"self":[{"href":"https:\/\/veganova.eu\/lv\/wp-json\/wp\/v2\/product\/54819","targetHints":{"allow":["GET"]}}],"collection":[{"href":"https:\/\/veganova.eu\/lv\/wp-json\/wp\/v2\/product"}],"about":[{"href":"https:\/\/veganova.eu\/lv\/wp-json\/wp\/v2\/types\/product"}],"replies":[{"embeddable":true,"href":"https:\/\/veganova.eu\/lv\/wp-json\/wp\/v2\/comments?post=54819"}],"version-history":[{"count":4,"href":"https:\/\/veganova.eu\/lv\/wp-json\/wp\/v2\/product\/54819\/revisions"}],"predecessor-version":[{"id":59658,"href":"https:\/\/veganova.eu\/lv\/wp-json\/wp\/v2\/product\/54819\/revisions\/59658"}],"wp:featuredmedia":[{"embeddable":true,"href":"https:\/\/veganova.eu\/lv\/wp-json\/wp\/v2\/media\/55921"}],"wp:attachment":[{"href":"https:\/\/veganova.eu\/lv\/wp-json\/wp\/v2\/media?parent=54819"}],"wp:term":[{"taxonomy":"pwb-brand","embeddable":true,"href":"https:\/\/veganova.eu\/lv\/wp-json\/wp\/v2\/pwb-brand?post=54819"},{"taxonomy":"product_brand","embeddable":true,"href":"https:\/\/veganova.eu\/lv\/wp-json\/wp\/v2\/product_brand?post=54819"},{"taxonomy":"product_cat","embeddable":true,"href":"https:\/\/veganova.eu\/lv\/wp-json\/wp\/v2\/product_cat?post=54819"},{"taxonomy":"product_tag","embeddable":true,"href":"https:\/\/veganova.eu\/lv\/wp-json\/wp\/v2\/product_tag?post=54819"}],"curies":[{"name":"wp","href":"https:\/\/api.w.org\/{rel}","templated":true}]}}