{"id":55157,"date":"2025-05-17T16:01:29","date_gmt":"2025-05-17T14:01:29","guid":{"rendered":"https:\/\/veganova.eu\/?post_type=product&#038;p=55157"},"modified":"2026-04-21T07:26:47","modified_gmt":"2026-04-21T05:26:47","slug":"natures-answer-quercetin-blend-60-vcaps","status":"publish","type":"product","link":"https:\/\/veganova.eu\/lv\/shop\/natures-answer-quercetin-blend-60-vcaps\/","title":{"rendered":"Nature&#8217;s Answer Quercetin Blend &#8211; 60 vcaps"},"content":{"rendered":"<h3>Nature&#8217;s Answer Quercetin Blend &#8211; 60 vcaps<\/h3>\n<p>Supports a Healthy Immune System<br \/>\n    With Zinc, Copper and Bromelain<br \/>\n    Supports Upper Respiratory Health<br \/>\n    20x More Absorption<br \/>\n    250 mg of Quercetin Phytosome Per Serving<br \/>\n    Discover Nature&#8217;s Answer<br \/>\n    and Trust the Difference..<br \/>\n    Bez \u0122MO<br \/>\n    Veg\u0101ns<br \/>\n    Bez lipek\u013ca<br \/>\n    Uztura bag\u0101tin\u0101t\u0101js<\/p>","protected":false},"excerpt":{"rendered":"<p>Nature&#8217;s Answer Quercetin Blend &#8211; 60 vcaps. Supports a Healthy Immune System     With Zinc, Copper and Bromelain     Supports Upper Respiratory Health     20x More Absorption     250 mg of Quercetin Phytosome Per Serving     Discover Nature&#8217;s Answer     and Trust the Difference.. Non-GMO     Vegan     Gluten Free     Dietary Supplement.<\/p>","protected":false},"featured_media":55622,"comment_status":"closed","ping_status":"closed","template":"","meta":{"advanced_seo_description":"","jetpack_seo_html_title":"","jetpack_seo_noindex":false},"pwb-brand":[4467],"product_brand":[4986],"product_cat":[597],"product_tag":[],"class_list":{"0":"post-55157","1":"product","2":"type-product","3":"status-publish","4":"has-post-thumbnail","6":"pwb-brand-natures-answer","7":"product_brand-natures-answer","8":"product_cat-body-immunity","9":"brand_woo-natures-answer","11":"first","12":"instock","13":"taxable","14":"shipping-taxable","15":"purchasable","16":"product-type-simple"},"jetpack_sharing_enabled":true,"brands":[{"id":4467,"name":"Nature's Answer","slug":"natures-answer"}],"_links":{"self":[{"href":"https:\/\/veganova.eu\/lv\/wp-json\/wp\/v2\/product\/55157","targetHints":{"allow":["GET"]}}],"collection":[{"href":"https:\/\/veganova.eu\/lv\/wp-json\/wp\/v2\/product"}],"about":[{"href":"https:\/\/veganova.eu\/lv\/wp-json\/wp\/v2\/types\/product"}],"replies":[{"embeddable":true,"href":"https:\/\/veganova.eu\/lv\/wp-json\/wp\/v2\/comments?post=55157"}],"version-history":[{"count":4,"href":"https:\/\/veganova.eu\/lv\/wp-json\/wp\/v2\/product\/55157\/revisions"}],"predecessor-version":[{"id":59818,"href":"https:\/\/veganova.eu\/lv\/wp-json\/wp\/v2\/product\/55157\/revisions\/59818"}],"wp:featuredmedia":[{"embeddable":true,"href":"https:\/\/veganova.eu\/lv\/wp-json\/wp\/v2\/media\/55622"}],"wp:attachment":[{"href":"https:\/\/veganova.eu\/lv\/wp-json\/wp\/v2\/media?parent=55157"}],"wp:term":[{"taxonomy":"pwb-brand","embeddable":true,"href":"https:\/\/veganova.eu\/lv\/wp-json\/wp\/v2\/pwb-brand?post=55157"},{"taxonomy":"product_brand","embeddable":true,"href":"https:\/\/veganova.eu\/lv\/wp-json\/wp\/v2\/product_brand?post=55157"},{"taxonomy":"product_cat","embeddable":true,"href":"https:\/\/veganova.eu\/lv\/wp-json\/wp\/v2\/product_cat?post=55157"},{"taxonomy":"product_tag","embeddable":true,"href":"https:\/\/veganova.eu\/lv\/wp-json\/wp\/v2\/product_tag?post=55157"}],"curies":[{"name":"wp","href":"https:\/\/api.w.org\/{rel}","templated":true}]}}