{"id":8768,"date":"2023-10-01T17:12:33","date_gmt":"2023-10-01T15:12:33","guid":{"rendered":"https:\/\/veganova.eu\/?post_type=product&#038;p=8768"},"modified":"2026-04-21T07:25:06","modified_gmt":"2026-04-21T05:25:06","slug":"nutrend-delicious-vegan-latte-macchiato-450g","status":"publish","type":"product","link":"https:\/\/veganova.eu\/lv\/shop\/nutrend-delicious-vegan-latte-macchiato-450g\/","title":{"rendered":"Nutrend Delicious Vegan, Latte Macchiato - 450g"},"content":{"rendered":"<h3>Nutrend Delicious Vegan, Latte Macchiato - 450g<\/h3>\n<p>Gar\u0161\u012bgs un kr\u0113m\u012bgs olbaltumvielu superfood veg\u0101ns kokteilis<br \/>\nar sabalans\u0113tu uzturvielu formulu. \u010cetru veidu augu olbaltumvielu izv\u0113le ir pilnv\u0113rt\u012bgs pilnv\u0113rt\u012bgu olbaltumvielu avots, kas papildin\u0101ts ar svar\u012bg\u0101m uzturviel\u0101m.<\/p>\n<p>Piem\u0113rots tiem, kas izv\u0113las vesel\u012bgu dz\u012bvesveidu. Pateicoties augst\u0101k\u0101s kvalit\u0101tes sast\u0101vda\u013c\u0101m un unik\u0101lai formulai, tas nep\u0101rprotami ir n\u0101kotnes vied\u0101 p\u0101rtika.<\/p>\n<p>60% prote\u012bns<br \/>\n\u010cetru veidu augu olbaltumvielas (zir\u0146i, aunazir\u0146i, ka\u0146epes, \u0137irbji).<br \/>\nLab\u012bbas mais\u012bjums (auzas, amarants, gri\u0137i, prosa un kvinoja).<br \/>\nDigeZyme gremo\u0161anas fermentu mais\u012bjums<br \/>\nB2 un B12 vitam\u012bni<br \/>\nJods un dzelzs<br \/>\nOmega-3 tauksk\u0101bes<br \/>\nPiem\u0113rots veg\u0101niem<br \/>\nBez laktozes<br \/>\nBez glut\u0113na<\/p>","protected":false},"excerpt":{"rendered":"<p>Veg\u0101nu prote\u012bns Nutrend Delicious Vegan, kas satur augu olbaltumvielas no zir\u0146iem, aunazir\u0146iem, ka\u0146ep\u0113m un \u0137irbjiem. Prote\u012bns ir bag\u0101tin\u0101ts ar graudaugu mais\u012bjumu un DigeZyme: gremo\u0161anas fermentu mais\u012bjumu. Bag\u0101ts ar jodu, dzelzi, B2 un B12 vitam\u012bnu un Omega 3 tauksk\u0101b\u0113m. Olbaltumvielu saturs: 60%. Arom\u0101ts: Latte Macchiato. Iepakojuma saturs: 450g.<\/p>","protected":false},"featured_media":12205,"comment_status":"closed","ping_status":"closed","template":"","meta":{"advanced_seo_description":"","jetpack_seo_html_title":"","jetpack_seo_noindex":false},"pwb-brand":[375],"product_brand":[4697],"product_cat":[132,133],"product_tag":[1177,1210,1442,1409,1145],"class_list":{"0":"post-8768","1":"product","2":"type-product","3":"status-publish","4":"has-post-thumbnail","6":"pwb-brand-nutrend","7":"product_brand-nutrend","8":"product_cat-sports-nutrition","9":"product_cat-vegan-proteins","10":"product_tag-meal-replacement","11":"product_tag-protein-for-allergy-sufferers","12":"product_tag-protein-with-enzymes","13":"product_tag-protein-without-soy","14":"product_tag-vegan-protein","15":"brand_woo-nutrend","17":"first","18":"instock","19":"sale","20":"featured","21":"taxable","22":"shipping-taxable","23":"purchasable","24":"product-type-simple"},"jetpack_sharing_enabled":true,"brands":[{"id":375,"name":"Nutrend","slug":"nutrend"}],"_links":{"self":[{"href":"https:\/\/veganova.eu\/lv\/wp-json\/wp\/v2\/product\/8768","targetHints":{"allow":["GET"]}}],"collection":[{"href":"https:\/\/veganova.eu\/lv\/wp-json\/wp\/v2\/product"}],"about":[{"href":"https:\/\/veganova.eu\/lv\/wp-json\/wp\/v2\/types\/product"}],"replies":[{"embeddable":true,"href":"https:\/\/veganova.eu\/lv\/wp-json\/wp\/v2\/comments?post=8768"}],"version-history":[{"count":1,"href":"https:\/\/veganova.eu\/lv\/wp-json\/wp\/v2\/product\/8768\/revisions"}],"predecessor-version":[{"id":58658,"href":"https:\/\/veganova.eu\/lv\/wp-json\/wp\/v2\/product\/8768\/revisions\/58658"}],"wp:featuredmedia":[{"embeddable":true,"href":"https:\/\/veganova.eu\/lv\/wp-json\/wp\/v2\/media\/12205"}],"wp:attachment":[{"href":"https:\/\/veganova.eu\/lv\/wp-json\/wp\/v2\/media?parent=8768"}],"wp:term":[{"taxonomy":"pwb-brand","embeddable":true,"href":"https:\/\/veganova.eu\/lv\/wp-json\/wp\/v2\/pwb-brand?post=8768"},{"taxonomy":"product_brand","embeddable":true,"href":"https:\/\/veganova.eu\/lv\/wp-json\/wp\/v2\/product_brand?post=8768"},{"taxonomy":"product_cat","embeddable":true,"href":"https:\/\/veganova.eu\/lv\/wp-json\/wp\/v2\/product_cat?post=8768"},{"taxonomy":"product_tag","embeddable":true,"href":"https:\/\/veganova.eu\/lv\/wp-json\/wp\/v2\/product_tag?post=8768"}],"curies":[{"name":"wp","href":"https:\/\/api.w.org\/{rel}","templated":true}]}}