{"id":12623,"date":"2023-10-08T15:04:39","date_gmt":"2023-10-08T14:04:39","guid":{"rendered":"https:\/\/veganova.eu\/?page_id=12623"},"modified":"2025-08-12T20:15:37","modified_gmt":"2025-08-12T18:15:37","slug":"payment","status":"publish","type":"page","link":"https:\/\/veganova.eu\/pl\/payment\/","title":{"rendered":"P\u0142atno\u015b\u0107"},"content":{"rendered":"<h3 style=\"text-align: center;\">ABOUT PAYMENT<\/h3>\r\n<p style=\"text-align: center;\">\u00a0<\/p>\r\n<p style=\"text-align: center;\"><span style=\"text-decoration: underline;\">You can choose from 3 payment methods:<\/span><\/p>\r\n<p style=\"text-align: center;\">\u00a0<\/p>\r\n<ul>\r\n<li>Pay by card (Revolut payment gateway)<\/li>\r\n<li>Direct bank account payment (we have bank account at Revolut)<\/li>\r\n<li>Pay with your Revolut account<\/li>\r\n<\/ul>\r\n<p style=\"text-align: center;\">\u00a0<\/p>\r\n\r\n\r\n\r\n<p style=\"text-align: center;\">The order on our website requires payment in advance. If the payment of the order does not take place, your order will not be processed and sent.<\/p>\r\n<p style=\"text-align: center;\">If you choose pay by Direct bank account payment and didn&#8217;t received e-mail confirmation with payment details, please check your spam folder. You can also contact us at info@veganova.eu and we will provide you with information.\u00a0<\/p>","protected":false},"excerpt":{"rendered":"<p>ABOUT PAYMENT \u00a0 You can choose from 3 payment methods: \u00a0 Pay by card (Revolut payment gateway) Direct bank account payment (we have bank account at Revolut) Pay with your Revolut account \u00a0 The order on our website requires payment in advance. If the payment of the order does not take place, your order will [&hellip;]<\/p>\n","protected":false},"author":1,"featured_media":0,"parent":0,"menu_order":0,"comment_status":"closed","ping_status":"closed","template":"","meta":{"advanced_seo_description":"","jetpack_seo_html_title":"","jetpack_seo_noindex":false,"footnotes":""},"class_list":["post-12623","page","type-page","status-publish","hentry"],"jetpack_sharing_enabled":true,"jetpack_shortlink":"https:\/\/wp.me\/PeA86S-3hB","_links":{"self":[{"href":"https:\/\/veganova.eu\/pl\/wp-json\/wp\/v2\/pages\/12623","targetHints":{"allow":["GET"]}}],"collection":[{"href":"https:\/\/veganova.eu\/pl\/wp-json\/wp\/v2\/pages"}],"about":[{"href":"https:\/\/veganova.eu\/pl\/wp-json\/wp\/v2\/types\/page"}],"author":[{"embeddable":true,"href":"https:\/\/veganova.eu\/pl\/wp-json\/wp\/v2\/users\/1"}],"replies":[{"embeddable":true,"href":"https:\/\/veganova.eu\/pl\/wp-json\/wp\/v2\/comments?post=12623"}],"version-history":[{"count":4,"href":"https:\/\/veganova.eu\/pl\/wp-json\/wp\/v2\/pages\/12623\/revisions"}],"predecessor-version":[{"id":59921,"href":"https:\/\/veganova.eu\/pl\/wp-json\/wp\/v2\/pages\/12623\/revisions\/59921"}],"wp:attachment":[{"href":"https:\/\/veganova.eu\/pl\/wp-json\/wp\/v2\/media?parent=12623"}],"curies":[{"name":"wp","href":"https:\/\/api.w.org\/{rel}","templated":true}]}}