{"id":14597,"date":"2023-11-13T19:29:42","date_gmt":"2023-11-13T18:29:42","guid":{"rendered":"https:\/\/veganova.eu\/?post_type=product&#038;p=14597"},"modified":"2026-05-01T02:26:37","modified_gmt":"2026-05-01T00:26:37","slug":"now-foods-apricot-oil-473-ml","status":"publish","type":"product","link":"https:\/\/veganova.eu\/pl\/shop\/now-foods-apricot-oil-473-ml\/","title":{"rendered":"NOW Foods Apricot Oil - 473 ml."},"content":{"rendered":"<h3>NOW Foods Apricot Oil - 473 ml.<\/h3>\n<p>Zmi\u0119kcza drobne zmarszczki<br \/>\nNawil\u017ca suche w\u0142osy<br \/>\nStan: Sucha, starzej\u0105ca si\u0119 sk\u00f3ra lub \u0142amliwe w\u0142osy wymagaj\u0105ce leczenia.<\/p>\n<p>Rozwi\u0105zanie: 100% Pure Apricot Oil to odm\u0142adzaj\u0105cy naturalny olejek, kt\u00f3ry idealnie nadaje si\u0119 do zmi\u0119kczania drobnych zmarszczek i przywracania sk\u00f3rze zdrowego blasku. Bogaty w niezb\u0119dne kwasy t\u0142uszczowe, ten delikatny olejek ma doskona\u0142e w\u0142a\u015bciwo\u015bci regeneruj\u0105ce, kt\u00f3re promuj\u0105 mi\u0119kkie, promienne w\u0142osy i pomagaj\u0105 ukoi\u0107 such\u0105 sk\u00f3r\u0119. Podobne w strukturze i dzia\u0142aniu do ekstrakt\u00f3w z migda\u0142\u00f3w, oleje pochodz\u0105ce z pestek moreli naturalnie od\u017cywiaj\u0105 i nawil\u017caj\u0105 sk\u00f3r\u0119.<\/p>\n<p>Sk\u0142adnik: Prunus Armeniaca (Apricot) Kernel Oil.<\/p>\n<p>Zalecane u\u017cycie: Jako \u015brodek nawil\u017caj\u0105cy do cia\u0142a, na\u0142\u00f3\u017c kilka kropli 100% Pure Apricot Kernel Oil na wybrany obszar i delikatnie wmasuj. W przypadku suchych w\u0142os\u00f3w, na\u0142\u00f3\u017c kilka kropli na d\u0142o\u0144 i wmasuj w pasma w\u0142os\u00f3w.<\/p>","protected":false},"excerpt":{"rendered":"<p>NOW Foods Apricot Oil jest idealny na zmarszczki i starzej\u0105c\u0105 si\u0119 sk\u00f3r\u0119. Czysty i naturalny. Mo\u017cna go r\u00f3wnie\u017c stosowa\u0107 na w\u0142osy. Naturalnie od\u017cywia i nawil\u017ca. Zawarto\u015b\u0107: Olej morelowy i olej z pestek moreli. Opakowanie: 473 ml.<\/p>","protected":false},"featured_media":52490,"comment_status":"closed","ping_status":"closed","template":"","meta":{"advanced_seo_description":"","jetpack_seo_html_title":"","jetpack_seo_noindex":false},"pwb-brand":[173],"product_brand":[4580],"product_cat":[684,689],"product_tag":[1562,1342,1077,1071,930,1133],"class_list":{"0":"post-14597","1":"product","2":"type-product","3":"status-publish","4":"has-post-thumbnail","6":"pwb-brand-now-foods","7":"product_brand-now-foods","8":"product_cat-clean-beauty","9":"product_cat-natural-cosmetics","10":"product_tag-aging-skin","11":"product_tag-mature-skin","12":"product_tag-natural-cosmetics","13":"product_tag-natural-oils","14":"product_tag-radiant-skin","15":"product_tag-wrinkles","16":"brand_woo-now-foods","18":"first","19":"outofstock","20":"taxable","21":"shipping-taxable","22":"purchasable","23":"product-type-simple"},"jetpack_sharing_enabled":true,"brands":[{"id":173,"name":"NOW Foods","slug":"now-foods"}],"_links":{"self":[{"href":"https:\/\/veganova.eu\/pl\/wp-json\/wp\/v2\/product\/14597","targetHints":{"allow":["GET"]}}],"collection":[{"href":"https:\/\/veganova.eu\/pl\/wp-json\/wp\/v2\/product"}],"about":[{"href":"https:\/\/veganova.eu\/pl\/wp-json\/wp\/v2\/types\/product"}],"replies":[{"embeddable":true,"href":"https:\/\/veganova.eu\/pl\/wp-json\/wp\/v2\/comments?post=14597"}],"version-history":[{"count":1,"href":"https:\/\/veganova.eu\/pl\/wp-json\/wp\/v2\/product\/14597\/revisions"}],"predecessor-version":[{"id":58890,"href":"https:\/\/veganova.eu\/pl\/wp-json\/wp\/v2\/product\/14597\/revisions\/58890"}],"wp:featuredmedia":[{"embeddable":true,"href":"https:\/\/veganova.eu\/pl\/wp-json\/wp\/v2\/media\/52490"}],"wp:attachment":[{"href":"https:\/\/veganova.eu\/pl\/wp-json\/wp\/v2\/media?parent=14597"}],"wp:term":[{"taxonomy":"pwb-brand","embeddable":true,"href":"https:\/\/veganova.eu\/pl\/wp-json\/wp\/v2\/pwb-brand?post=14597"},{"taxonomy":"product_brand","embeddable":true,"href":"https:\/\/veganova.eu\/pl\/wp-json\/wp\/v2\/product_brand?post=14597"},{"taxonomy":"product_cat","embeddable":true,"href":"https:\/\/veganova.eu\/pl\/wp-json\/wp\/v2\/product_cat?post=14597"},{"taxonomy":"product_tag","embeddable":true,"href":"https:\/\/veganova.eu\/pl\/wp-json\/wp\/v2\/product_tag?post=14597"}],"curies":[{"name":"wp","href":"https:\/\/api.w.org\/{rel}","templated":true}]}}