{"id":14659,"date":"2023-11-13T19:30:02","date_gmt":"2023-11-13T18:30:02","guid":{"rendered":"https:\/\/veganova.eu\/?post_type=product&#038;p=14659"},"modified":"2026-04-21T07:25:27","modified_gmt":"2026-04-21T05:25:27","slug":"himalaya-energizing-day-cream-50g","status":"publish","type":"product","link":"https:\/\/veganova.eu\/pl\/shop\/himalaya-energizing-day-cream-50g\/","title":{"rendered":"Himalaya Energetyzuj\u0105cy krem na dzie\u0144 - 50g"},"content":{"rendered":"<h3>Himalaya Energetyzuj\u0105cy krem na dzie\u0144 - 50g<\/h3>\n<p>Himalaya Energizing Day Cream zapewnia sk\u00f3rze idealny pocz\u0105tek poranka. Ten niet\u0142usty, jedwabisty krem zosta\u0142 specjalnie opracowany, aby szybko wch\u0142ania\u0107 si\u0119 w sk\u00f3r\u0119 i zapewnia niezb\u0119dne dzia\u0142ania, kt\u00f3rych sk\u00f3ra potrzebuje, aby stawi\u0107 czo\u0142a ca\u0142emu dniu.<\/p>\n<p>Nawil\u017ca i energetyzuje sk\u00f3r\u0119<br \/>\nZapewnia ochron\u0119 przed promieniowaniem UV dzi\u0119ki zawarto\u015bci Spiked Ginger i Greater Galangal (SPF30).<br \/>\nDoskona\u0142a baza pod makija\u017c<br \/>\nPomaga poprawi\u0107 stan suchej, pozbawionej blasku sk\u00f3ry<br \/>\nSkuteczno\u015b\u0107 potwierdzona klinicznie<br \/>\nTestowany dermatologicznie<\/p>","protected":false},"excerpt":{"rendered":"<p>Himalaya Energizing Day Cream jest idealny dla suchej sk\u00f3ry, zapewnia naturaln\u0105 ochron\u0119 UV i jest doskona\u0142ym pocz\u0105tkiem dnia. Doskona\u0142a baza pod makija\u017c. Zawarto\u015b\u0107: 50g.<\/p>","protected":false},"featured_media":52438,"comment_status":"closed","ping_status":"closed","template":"","meta":{"advanced_seo_description":"","jetpack_seo_html_title":"","jetpack_seo_noindex":false},"pwb-brand":[690],"product_brand":[4859],"product_cat":[684,689],"product_tag":[],"class_list":{"0":"post-14659","1":"product","2":"type-product","3":"status-publish","4":"has-post-thumbnail","6":"pwb-brand-himalaya","7":"product_brand-himalaya","8":"product_cat-clean-beauty","9":"product_cat-natural-cosmetics","10":"brand_woo-himalaya","12":"first","13":"instock","14":"sale","15":"taxable","16":"shipping-taxable","17":"purchasable","18":"product-type-simple"},"jetpack_sharing_enabled":true,"brands":[{"id":690,"name":"Himalaje","slug":"himalaya"}],"_links":{"self":[{"href":"https:\/\/veganova.eu\/pl\/wp-json\/wp\/v2\/product\/14659","targetHints":{"allow":["GET"]}}],"collection":[{"href":"https:\/\/veganova.eu\/pl\/wp-json\/wp\/v2\/product"}],"about":[{"href":"https:\/\/veganova.eu\/pl\/wp-json\/wp\/v2\/types\/product"}],"replies":[{"embeddable":true,"href":"https:\/\/veganova.eu\/pl\/wp-json\/wp\/v2\/comments?post=14659"}],"version-history":[{"count":1,"href":"https:\/\/veganova.eu\/pl\/wp-json\/wp\/v2\/product\/14659\/revisions"}],"predecessor-version":[{"id":58915,"href":"https:\/\/veganova.eu\/pl\/wp-json\/wp\/v2\/product\/14659\/revisions\/58915"}],"wp:featuredmedia":[{"embeddable":true,"href":"https:\/\/veganova.eu\/pl\/wp-json\/wp\/v2\/media\/52438"}],"wp:attachment":[{"href":"https:\/\/veganova.eu\/pl\/wp-json\/wp\/v2\/media?parent=14659"}],"wp:term":[{"taxonomy":"pwb-brand","embeddable":true,"href":"https:\/\/veganova.eu\/pl\/wp-json\/wp\/v2\/pwb-brand?post=14659"},{"taxonomy":"product_brand","embeddable":true,"href":"https:\/\/veganova.eu\/pl\/wp-json\/wp\/v2\/product_brand?post=14659"},{"taxonomy":"product_cat","embeddable":true,"href":"https:\/\/veganova.eu\/pl\/wp-json\/wp\/v2\/product_cat?post=14659"},{"taxonomy":"product_tag","embeddable":true,"href":"https:\/\/veganova.eu\/pl\/wp-json\/wp\/v2\/product_tag?post=14659"}],"curies":[{"name":"wp","href":"https:\/\/api.w.org\/{rel}","templated":true}]}}