{"id":14689,"date":"2023-11-13T19:30:19","date_gmt":"2023-11-13T18:30:19","guid":{"rendered":"https:\/\/veganova.eu\/?post_type=product&#038;p=14689"},"modified":"2026-04-26T02:21:35","modified_gmt":"2026-04-26T00:21:35","slug":"applied-nutrition-hair-skin-nails-60-caps","status":"publish","type":"product","link":"https:\/\/veganova.eu\/pl\/shop\/applied-nutrition-hair-skin-nails-60-caps\/","title":{"rendered":"Applied Nutrition W\u0142osy, sk\u00f3ra i paznokcie - 60 kaps"},"content":{"rendered":"<h3>Applied Nutrition W\u0142osy, sk\u00f3ra i paznokcie - 60 kaps<\/h3>\n<p>Hair, Skin &amp; Nails Capsules<br \/>\n60 Capsules | 48g | 30 Servings<br \/>\nWITH ZINC, BIOTIN &amp; MARINE COLLAGEN FOR THE MAINTENANCE OF NORMAL HAIR, SKIN &amp; NAILS<br \/>\nFood Supplement<br \/>\nHair, Skin &amp; Nails capsules support your natural beauty regime. This product provides key nutrients for healthy hair, skin and nails including zinc, vitamins C &amp; E, biotin and collagen. Zinc contributes to the maintenance of normal hair, skin and nails. Look good and feel great.<\/p>\n<p>KLUCZOWE KORZY\u015aCI<\/p>\n<p>Support your natural beauty regime<br \/>\nWith zinc, biotin &amp; marine collagen<br \/>\nRo\u015blinna pow\u0142oka wegetaria\u0144ska dobrze nadaje si\u0119 dla konsument\u00f3w z ograniczeniami dietetycznymi, religijnymi lub kulturowymi.<br \/>\nProdukt z certyfikatem Halal<\/p>","protected":false},"excerpt":{"rendered":"<p>Beauty and health nutrition supplement Applied Nutrition for hair, skin and nails. Content marine collagen, zinc, biotin, vitamins, grape seed extract, hyaluronic acid, alpha lipoic acid and ashwagandha root extract. Halal certified. Content: 60 capsules.<\/p>","protected":false},"featured_media":52410,"comment_status":"closed","ping_status":"closed","template":"","meta":{"advanced_seo_description":"","jetpack_seo_html_title":"","jetpack_seo_noindex":false},"pwb-brand":[202],"product_brand":[4592],"product_cat":[688,684],"product_tag":[],"class_list":{"0":"post-14689","1":"product","2":"type-product","3":"status-publish","4":"has-post-thumbnail","6":"pwb-brand-applied-nutrition","7":"product_brand-applied-nutrition","8":"product_cat-beauty-supplements","9":"product_cat-clean-beauty","10":"brand_woo-applied-nutrition","12":"first","13":"instock","14":"taxable","15":"shipping-taxable","16":"purchasable","17":"product-type-simple"},"jetpack_sharing_enabled":true,"brands":[{"id":202,"name":"Od\u017cywianie stosowane","slug":"applied-nutrition"}],"_links":{"self":[{"href":"https:\/\/veganova.eu\/pl\/wp-json\/wp\/v2\/product\/14689","targetHints":{"allow":["GET"]}}],"collection":[{"href":"https:\/\/veganova.eu\/pl\/wp-json\/wp\/v2\/product"}],"about":[{"href":"https:\/\/veganova.eu\/pl\/wp-json\/wp\/v2\/types\/product"}],"replies":[{"embeddable":true,"href":"https:\/\/veganova.eu\/pl\/wp-json\/wp\/v2\/comments?post=14689"}],"version-history":[{"count":1,"href":"https:\/\/veganova.eu\/pl\/wp-json\/wp\/v2\/product\/14689\/revisions"}],"predecessor-version":[{"id":58926,"href":"https:\/\/veganova.eu\/pl\/wp-json\/wp\/v2\/product\/14689\/revisions\/58926"}],"wp:featuredmedia":[{"embeddable":true,"href":"https:\/\/veganova.eu\/pl\/wp-json\/wp\/v2\/media\/52410"}],"wp:attachment":[{"href":"https:\/\/veganova.eu\/pl\/wp-json\/wp\/v2\/media?parent=14689"}],"wp:term":[{"taxonomy":"pwb-brand","embeddable":true,"href":"https:\/\/veganova.eu\/pl\/wp-json\/wp\/v2\/pwb-brand?post=14689"},{"taxonomy":"product_brand","embeddable":true,"href":"https:\/\/veganova.eu\/pl\/wp-json\/wp\/v2\/product_brand?post=14689"},{"taxonomy":"product_cat","embeddable":true,"href":"https:\/\/veganova.eu\/pl\/wp-json\/wp\/v2\/product_cat?post=14689"},{"taxonomy":"product_tag","embeddable":true,"href":"https:\/\/veganova.eu\/pl\/wp-json\/wp\/v2\/product_tag?post=14689"}],"curies":[{"name":"wp","href":"https:\/\/api.w.org\/{rel}","templated":true}]}}