{"id":14741,"date":"2023-11-13T19:30:38","date_gmt":"2023-11-13T18:30:38","guid":{"rendered":"https:\/\/veganova.eu\/?post_type=product&#038;p=14741"},"modified":"2026-04-21T07:25:30","modified_gmt":"2026-04-21T05:25:30","slug":"neocell-marine-collagen-120-caps","status":"publish","type":"product","link":"https:\/\/veganova.eu\/pl\/shop\/neocell-marine-collagen-120-caps\/","title":{"rendered":"Kolagen morski NeoCell - 120 kaps"},"content":{"rendered":"<h3>Kolagen morski NeoCell - 120 kaps<\/h3>\n<p>Podaruj sobie b\u0142ogo\u015b\u0107 i roz\u015bwietl swoje wewn\u0119trzne pi\u0119kno dzi\u0119ki naszemu kolagenowi morskiemu. Wspiera promienn\u0105, zdrow\u0105 i siln\u0105 sk\u00f3r\u0119, \u0142\u0105czy kolagen i kwas hialuronowy, dzia\u0142aj\u0105c synergistycznie z mieszank\u0105 witaminowo-mineraln\u0105, aby wspiera\u0107 zdrowe tworzenie kolagenu i m\u0142odzie\u0144cz\u0105, promienn\u0105 sk\u00f3r\u0119.<\/p>","protected":false},"excerpt":{"rendered":"<p>Suplement diety NeoCell Marine Collagen dla promiennej, zdrowej i pe\u0142nej blasku sk\u00f3ry. Zawiera kolagen morski Neocell, witamin\u0119 C, kwas hialuronowy, witaminy B6 i B12, magnez, cynk i mied\u017a. Roz\u015bwietl swoje wewn\u0119trzne pi\u0119kno. Zawarto\u015b\u0107: 120 kapsu\u0142ek.<\/p>","protected":false},"featured_media":52358,"comment_status":"closed","ping_status":"closed","template":"","meta":{"advanced_seo_description":"","jetpack_seo_html_title":"","jetpack_seo_noindex":false},"pwb-brand":[703],"product_brand":[4862],"product_cat":[688,684],"product_tag":[],"class_list":{"0":"post-14741","1":"product","2":"type-product","3":"status-publish","4":"has-post-thumbnail","6":"pwb-brand-neocell","7":"product_brand-neocell","8":"product_cat-beauty-supplements","9":"product_cat-clean-beauty","10":"brand_woo-neocell","12":"first","13":"instock","14":"taxable","15":"shipping-taxable","16":"purchasable","17":"product-type-simple"},"jetpack_sharing_enabled":true,"brands":[{"id":703,"name":"NeoCell","slug":"neocell"}],"_links":{"self":[{"href":"https:\/\/veganova.eu\/pl\/wp-json\/wp\/v2\/product\/14741","targetHints":{"allow":["GET"]}}],"collection":[{"href":"https:\/\/veganova.eu\/pl\/wp-json\/wp\/v2\/product"}],"about":[{"href":"https:\/\/veganova.eu\/pl\/wp-json\/wp\/v2\/types\/product"}],"replies":[{"embeddable":true,"href":"https:\/\/veganova.eu\/pl\/wp-json\/wp\/v2\/comments?post=14741"}],"version-history":[{"count":1,"href":"https:\/\/veganova.eu\/pl\/wp-json\/wp\/v2\/product\/14741\/revisions"}],"predecessor-version":[{"id":58946,"href":"https:\/\/veganova.eu\/pl\/wp-json\/wp\/v2\/product\/14741\/revisions\/58946"}],"wp:featuredmedia":[{"embeddable":true,"href":"https:\/\/veganova.eu\/pl\/wp-json\/wp\/v2\/media\/52358"}],"wp:attachment":[{"href":"https:\/\/veganova.eu\/pl\/wp-json\/wp\/v2\/media?parent=14741"}],"wp:term":[{"taxonomy":"pwb-brand","embeddable":true,"href":"https:\/\/veganova.eu\/pl\/wp-json\/wp\/v2\/pwb-brand?post=14741"},{"taxonomy":"product_brand","embeddable":true,"href":"https:\/\/veganova.eu\/pl\/wp-json\/wp\/v2\/product_brand?post=14741"},{"taxonomy":"product_cat","embeddable":true,"href":"https:\/\/veganova.eu\/pl\/wp-json\/wp\/v2\/product_cat?post=14741"},{"taxonomy":"product_tag","embeddable":true,"href":"https:\/\/veganova.eu\/pl\/wp-json\/wp\/v2\/product_tag?post=14741"}],"curies":[{"name":"wp","href":"https:\/\/api.w.org\/{rel}","templated":true}]}}