{"id":14747,"date":"2023-11-13T19:30:41","date_gmt":"2023-11-13T18:30:41","guid":{"rendered":"https:\/\/veganova.eu\/?post_type=product&#038;p=14747"},"modified":"2026-04-21T07:25:31","modified_gmt":"2026-04-21T05:25:31","slug":"himalaya-mint-fresh-herbal-toothpaste-75-ml","status":"publish","type":"product","link":"https:\/\/veganova.eu\/pl\/shop\/himalaya-mint-fresh-herbal-toothpaste-75-ml\/","title":{"rendered":"Zio\u0142owa pasta do z\u0119b\u00f3w Himalaya Mint Fresh - 75 ml."},"content":{"rendered":"<h3>Zio\u0142owa pasta do z\u0119b\u00f3w Himalaya Mint Fresh - 75 ml.<\/h3>\n<p>Gama past do z\u0119b\u00f3w Himalaya Herbals Gum Expert zawiera Miswak i naturalne substancje \u015bci\u0105gaj\u0105ce, kt\u00f3re zapewniaj\u0105 zdrowie i ochron\u0119 dzi\u0105se\u0142. Pasta do z\u0119b\u00f3w Himalaya Herbals Mint Fresh Herbal Toothpaste zawiera orze\u017awiaj\u0105c\u0105 mi\u0119t\u0119 i koper indyjski, kt\u00f3re pomagaj\u0105 zapobiega\u0107 nieprzyjemnemu zapachowi z ust, zapewniaj\u0105c d\u0142ugotrwa\u0142y \u015bwie\u017cy oddech. Ta zio\u0142owa formu\u0142a zapewnia r\u00f3wnie\u017c 12-godzinn\u0105 ochron\u0119 przed szkodliwymi zarazkami i gromadzeniem si\u0119 p\u0142ytki naz\u0119bnej.<\/p>\n<p>\u015awie\u017cy oddech, zdrowe dzi\u0105s\u0142a, ochrona szkliwa<br \/>\nBez fluoru<br \/>\n100% Wegetaria\u0144ski<\/p>","protected":false},"excerpt":{"rendered":"<p>Naturalna pasta do z\u0119b\u00f3w Himalaya Mint Fresh Herbal nie zawiera fluoru, 100% wegetaria\u0144ska. Zawarto\u015b\u0107: 75ml.<\/p>","protected":false},"featured_media":52354,"comment_status":"closed","ping_status":"closed","template":"","meta":{"advanced_seo_description":"","jetpack_seo_html_title":"","jetpack_seo_noindex":false},"pwb-brand":[690],"product_brand":[4859],"product_cat":[684,689],"product_tag":[],"class_list":{"0":"post-14747","1":"product","2":"type-product","3":"status-publish","4":"has-post-thumbnail","6":"pwb-brand-himalaya","7":"product_brand-himalaya","8":"product_cat-clean-beauty","9":"product_cat-natural-cosmetics","10":"brand_woo-himalaya","12":"first","13":"instock","14":"taxable","15":"shipping-taxable","16":"purchasable","17":"product-type-simple"},"jetpack_sharing_enabled":true,"brands":[{"id":690,"name":"Himalaje","slug":"himalaya"}],"_links":{"self":[{"href":"https:\/\/veganova.eu\/pl\/wp-json\/wp\/v2\/product\/14747","targetHints":{"allow":["GET"]}}],"collection":[{"href":"https:\/\/veganova.eu\/pl\/wp-json\/wp\/v2\/product"}],"about":[{"href":"https:\/\/veganova.eu\/pl\/wp-json\/wp\/v2\/types\/product"}],"replies":[{"embeddable":true,"href":"https:\/\/veganova.eu\/pl\/wp-json\/wp\/v2\/comments?post=14747"}],"version-history":[{"count":1,"href":"https:\/\/veganova.eu\/pl\/wp-json\/wp\/v2\/product\/14747\/revisions"}],"predecessor-version":[{"id":58948,"href":"https:\/\/veganova.eu\/pl\/wp-json\/wp\/v2\/product\/14747\/revisions\/58948"}],"wp:featuredmedia":[{"embeddable":true,"href":"https:\/\/veganova.eu\/pl\/wp-json\/wp\/v2\/media\/52354"}],"wp:attachment":[{"href":"https:\/\/veganova.eu\/pl\/wp-json\/wp\/v2\/media?parent=14747"}],"wp:term":[{"taxonomy":"pwb-brand","embeddable":true,"href":"https:\/\/veganova.eu\/pl\/wp-json\/wp\/v2\/pwb-brand?post=14747"},{"taxonomy":"product_brand","embeddable":true,"href":"https:\/\/veganova.eu\/pl\/wp-json\/wp\/v2\/product_brand?post=14747"},{"taxonomy":"product_cat","embeddable":true,"href":"https:\/\/veganova.eu\/pl\/wp-json\/wp\/v2\/product_cat?post=14747"},{"taxonomy":"product_tag","embeddable":true,"href":"https:\/\/veganova.eu\/pl\/wp-json\/wp\/v2\/product_tag?post=14747"}],"curies":[{"name":"wp","href":"https:\/\/api.w.org\/{rel}","templated":true}]}}