{"id":14932,"date":"2023-11-18T11:05:05","date_gmt":"2023-11-18T10:05:05","guid":{"rendered":"https:\/\/veganova.eu\/?post_type=product&#038;p=14932"},"modified":"2026-04-21T07:25:36","modified_gmt":"2026-04-21T05:25:36","slug":"swanson-keratin-50mg-60-caps","status":"publish","type":"product","link":"https:\/\/veganova.eu\/pl\/shop\/swanson-keratin-50mg-60-caps\/","title":{"rendered":"Swanson Keratin, 50mg - 60 kapsu\u0142ek"},"content":{"rendered":"<h3>Swanson Keratin<\/h3>\n<ul>\n<li>Czyste witaminy keratynowe<\/li>\n<li>Wykonane z we\u0142ny tybeta\u0144skiej<\/li>\n<li>Wspomaga zdrowe stawy, sk\u00f3r\u0119, w\u0142osy i paznokcie<\/li>\n<\/ul>\n<p>Keratyny to grupa twardych, w\u0142\u00f3knistych bia\u0142ek, kt\u00f3re pomagaj\u0105 utrzyma\u0107 zdrowe stawy oraz wspieraj\u0105 sk\u00f3r\u0119, w\u0142osy i paznokcie. Keratyny maj\u0105 wyj\u0105tkowo wysok\u0105 zawarto\u015b\u0107 aminokwasu cysteiny, kt\u00f3ry sam w sobie jest bogatym \u017ar\u00f3d\u0142em cz\u0105steczek siarki, kt\u00f3re od\u017cywiaj\u0105 i wzmacniaj\u0105 tkanki chrz\u0119stne. Kiedy cz\u0105steczki siarki z cysteiny \u0142\u0105cz\u0105 si\u0119 ze sob\u0105, tworz\u0105 bardzo silne po\u0142\u0105czenia zwane \"mostkami cysteinowymi\". Mostki te zapewniaj\u0105 istotne wsparcie dla obci\u0105\u017conych staw\u00f3w. Keratyna Swanson Premium Brand\u00ae, pochodz\u0105ca z we\u0142ny tybeta\u0144skiej, dostarcza czystej, hydrolizowanej keratyny o jako\u015bci spo\u017cywczej, kt\u00f3ra od\u017cywia zdrowe tkanki \u0142\u0105czne i promuje zdrowie, si\u0142\u0119 i wygl\u0105d sk\u00f3ry, w\u0142os\u00f3w i paznokci.<\/p>","protected":false},"excerpt":{"rendered":"<p>Suplement diety Swanson Keratin Content naturalna keratyna z we\u0142ny tybeta\u0144skiej dla zdrowej sk\u00f3ry, w\u0142os\u00f3w i paznokci. Od\u017cywia zdrowe tkanki \u0142\u0105czne i promuje zdrowie, si\u0142\u0119 i wygl\u0105d sk\u00f3ry, w\u0142os\u00f3w i paznokci. Zawarto\u015b\u0107: 60 kapsu\u0142ek.<\/p>","protected":false},"featured_media":51215,"comment_status":"closed","ping_status":"closed","template":"","meta":{"advanced_seo_description":"","jetpack_seo_html_title":"","jetpack_seo_noindex":false},"pwb-brand":[450],"product_brand":[4753],"product_cat":[688,684],"product_tag":[],"class_list":{"0":"post-14932","1":"product","2":"type-product","3":"status-publish","4":"has-post-thumbnail","6":"pwb-brand-swanson","7":"product_brand-swanson","8":"product_cat-beauty-supplements","9":"product_cat-clean-beauty","10":"brand_woo-swanson","12":"first","13":"instock","14":"taxable","15":"shipping-taxable","16":"purchasable","17":"product-type-simple"},"jetpack_sharing_enabled":true,"brands":[{"id":450,"name":"Swanson","slug":"swanson"}],"_links":{"self":[{"href":"https:\/\/veganova.eu\/pl\/wp-json\/wp\/v2\/product\/14932","targetHints":{"allow":["GET"]}}],"collection":[{"href":"https:\/\/veganova.eu\/pl\/wp-json\/wp\/v2\/product"}],"about":[{"href":"https:\/\/veganova.eu\/pl\/wp-json\/wp\/v2\/types\/product"}],"replies":[{"embeddable":true,"href":"https:\/\/veganova.eu\/pl\/wp-json\/wp\/v2\/comments?post=14932"}],"version-history":[{"count":1,"href":"https:\/\/veganova.eu\/pl\/wp-json\/wp\/v2\/product\/14932\/revisions"}],"predecessor-version":[{"id":59009,"href":"https:\/\/veganova.eu\/pl\/wp-json\/wp\/v2\/product\/14932\/revisions\/59009"}],"wp:featuredmedia":[{"embeddable":true,"href":"https:\/\/veganova.eu\/pl\/wp-json\/wp\/v2\/media\/51215"}],"wp:attachment":[{"href":"https:\/\/veganova.eu\/pl\/wp-json\/wp\/v2\/media?parent=14932"}],"wp:term":[{"taxonomy":"pwb-brand","embeddable":true,"href":"https:\/\/veganova.eu\/pl\/wp-json\/wp\/v2\/pwb-brand?post=14932"},{"taxonomy":"product_brand","embeddable":true,"href":"https:\/\/veganova.eu\/pl\/wp-json\/wp\/v2\/product_brand?post=14932"},{"taxonomy":"product_cat","embeddable":true,"href":"https:\/\/veganova.eu\/pl\/wp-json\/wp\/v2\/product_cat?post=14932"},{"taxonomy":"product_tag","embeddable":true,"href":"https:\/\/veganova.eu\/pl\/wp-json\/wp\/v2\/product_tag?post=14932"}],"curies":[{"name":"wp","href":"https:\/\/api.w.org\/{rel}","templated":true}]}}