{"id":14961,"date":"2023-11-18T11:05:46","date_gmt":"2023-11-18T10:05:46","guid":{"rendered":"https:\/\/veganova.eu\/?post_type=product&#038;p=14961"},"modified":"2026-04-21T07:25:37","modified_gmt":"2026-04-21T05:25:37","slug":"swanson-vegan-collagen-builder-60-vcaps","status":"publish","type":"product","link":"https:\/\/veganova.eu\/pl\/shop\/swanson-vegan-collagen-builder-60-vcaps\/","title":{"rendered":"Swanson Vegan Collagen Builder - 60 kapsu\u0142ek"},"content":{"rendered":"<h3>Swanson Vegan Collagen Builder<\/h3>\n<ul>\n<li>Wspomaga produkcj\u0119 kolagenu<\/li>\n<li>Zmniejsza rozpad elastyny<\/li>\n<li>Dostarcza krzemionki, minera\u0142u niezb\u0119dnego dla zdrowia w\u0142os\u00f3w, sk\u00f3ry i paznokci.<\/li>\n<\/ul>\n<p>Naturalne pi\u0119kno od wewn\u0105trz oznacza zdrow\u0105 sk\u00f3r\u0119, w\u0142osy i paznokcie. Aby je utrzyma\u0107, organizm musi produkowa\u0107 odpowiedni poziom kolagenu. Czasami jednak organizm potrzebuje niewielkiej pomocy w utrzymaniu zdrowych zapas\u00f3w kolagenu. Kiedy tak si\u0119 dzieje, niekt\u00f3rzy si\u0119gaj\u0105 po suplementy kolagenowe. Jednak w przypadku innego podej\u015bcia, Swanson Vegan Collagen Builder \u0142\u0105czy w sobie moc witaminy C, ekstraktu z bambusa i ro\u015blinnych superfoods, aby odm\u0142odzi\u0107 naturalne pi\u0119kno od wewn\u0105trz, stymuluj\u0105c organizm do odbudowy w\u0142asnych zapas\u00f3w kolagenu za pomoc\u0105 potrzebnych mu sk\u0142adnik\u00f3w od\u017cywczych.<\/p>\n<p>Vegan Collagen Builder zawiera witamin\u0119 C, kt\u00f3ra wspomaga naturaln\u0105 produkcj\u0119 kolagenu w organizmie. Jest to wa\u017cne, poniewa\u017c kolagen jest najbardziej rozpowszechnionym bia\u0142kiem w organizmie i ma kluczowe znaczenie dla wzmocnienia w\u0142os\u00f3w i paznokci, a tak\u017ce pomaga zmniejszy\u0107 rozpad elastyny, bia\u0142ka uzupe\u0142niaj\u0105cego, kt\u00f3re wspiera m\u0142odzie\u0144czy blask. Ekstrakt z bambusa to kolejny silny sk\u0142adnik, kt\u00f3ry wykorzystuje moc krzemionki do wzmocnienia tkanek \u0142\u0105cznych, jednocze\u015bnie zwi\u0119kszaj\u0105c witalno\u015b\u0107 w\u0142os\u00f3w i paznokci.<\/p>\n<p>Unikaln\u0105 cech\u0105 tej formu\u0142y jest Dermaval, klinicznie przebadana kombinacja dziewi\u0119ciu super\u017cywno\u015bci ro\u015blinnych, w tym granatu, camu camu, acai i innych, zaprojektowanych w celu zwalczania rozpadu kolagenu i elastyny. W szczeg\u00f3lno\u015bci camu camu oferuje obfite korzy\u015bci od\u017cywcze w postaci fitochemikali\u00f3w, takich jak leucyna i beta-karoten, a tak\u017ce wysoki poziom witaminy C, kt\u00f3ra wspomaga syntez\u0119 kolagenu i zapewnia ochron\u0119 antyoksydacyjn\u0105.<\/p>\n<p>Swanson Vegan Collagen Builder wyr\u00f3\u017cnia si\u0119 spo\u015br\u00f3d suplement\u00f3w kolagenowych, poniewa\u017c nie jest po prostu zamiennikiem kolagenu utraconego z wiekiem. Dostarcza on raczej element\u00f3w budulcowych potrzebnych organizmowi do tworzenia w\u0142asnego naturalnego kolagenu. Zapewniaj\u0105c organizmowi te niezb\u0119dne narz\u0119dzia do utrzymania i promowania og\u00f3lnego stanu zdrowia, Vegan Collagen Builder mo\u017ce pom\u00f3c Twojemu naturalnemu pi\u0119knu l\u015bni\u0107 od wewn\u0105trz.<\/p>","protected":false},"excerpt":{"rendered":"<p>Suplement diety Swanson Vegan Collagen Builder z naturalnymi ekstraktami i koncentratami wspomaga produkcj\u0119 kolagenu. Wega\u0144ski budulec kolagenu zmniejsza rozpad elastyny. Naturalne pi\u0119kno od wewn\u0105trz dla sk\u00f3ry, w\u0142os\u00f3w i paznokci. Zawarto\u015b\u0107: 60 wegetaria\u0144skich kapsu\u0142ek.<\/p>","protected":false},"featured_media":51242,"comment_status":"closed","ping_status":"closed","template":"","meta":{"advanced_seo_description":"","jetpack_seo_html_title":"","jetpack_seo_noindex":false},"pwb-brand":[450],"product_brand":[4753],"product_cat":[688,684],"product_tag":[],"class_list":{"0":"post-14961","1":"product","2":"type-product","3":"status-publish","4":"has-post-thumbnail","6":"pwb-brand-swanson","7":"product_brand-swanson","8":"product_cat-beauty-supplements","9":"product_cat-clean-beauty","10":"brand_woo-swanson","12":"first","13":"instock","14":"taxable","15":"shipping-taxable","16":"purchasable","17":"product-type-simple"},"jetpack_sharing_enabled":true,"brands":[{"id":450,"name":"Swanson","slug":"swanson"}],"_links":{"self":[{"href":"https:\/\/veganova.eu\/pl\/wp-json\/wp\/v2\/product\/14961","targetHints":{"allow":["GET"]}}],"collection":[{"href":"https:\/\/veganova.eu\/pl\/wp-json\/wp\/v2\/product"}],"about":[{"href":"https:\/\/veganova.eu\/pl\/wp-json\/wp\/v2\/types\/product"}],"replies":[{"embeddable":true,"href":"https:\/\/veganova.eu\/pl\/wp-json\/wp\/v2\/comments?post=14961"}],"version-history":[{"count":1,"href":"https:\/\/veganova.eu\/pl\/wp-json\/wp\/v2\/product\/14961\/revisions"}],"predecessor-version":[{"id":59022,"href":"https:\/\/veganova.eu\/pl\/wp-json\/wp\/v2\/product\/14961\/revisions\/59022"}],"wp:featuredmedia":[{"embeddable":true,"href":"https:\/\/veganova.eu\/pl\/wp-json\/wp\/v2\/media\/51242"}],"wp:attachment":[{"href":"https:\/\/veganova.eu\/pl\/wp-json\/wp\/v2\/media?parent=14961"}],"wp:term":[{"taxonomy":"pwb-brand","embeddable":true,"href":"https:\/\/veganova.eu\/pl\/wp-json\/wp\/v2\/pwb-brand?post=14961"},{"taxonomy":"product_brand","embeddable":true,"href":"https:\/\/veganova.eu\/pl\/wp-json\/wp\/v2\/product_brand?post=14961"},{"taxonomy":"product_cat","embeddable":true,"href":"https:\/\/veganova.eu\/pl\/wp-json\/wp\/v2\/product_cat?post=14961"},{"taxonomy":"product_tag","embeddable":true,"href":"https:\/\/veganova.eu\/pl\/wp-json\/wp\/v2\/product_tag?post=14961"}],"curies":[{"name":"wp","href":"https:\/\/api.w.org\/{rel}","templated":true}]}}