{"id":2745,"date":"2023-10-01T17:01:17","date_gmt":"2023-10-01T15:01:17","guid":{"rendered":"https:\/\/veganova.eu\/?post_type=product&#038;p=2745"},"modified":"2026-04-30T02:25:26","modified_gmt":"2026-04-30T00:25:26","slug":"doctors-best-fully-active-b-complex-with-quatrefolic-30-kaps","status":"publish","type":"product","link":"https:\/\/veganova.eu\/pl\/shop\/doctors-best-fully-active-b-complex-with-quatrefolic-30-kaps\/","title":{"rendered":"Doctor's Best Fully Active B-Complex with Quatrefolic (30 kaps)"},"content":{"rendered":"<h3>Doctor's Best Fully Active B-Complex z kwasem foliowym<\/h3>\n<ul>\n<li>Doctor's Best Fully Active B Complex dostarcza energii i pomaga radzi\u0107 sobie ze stresem.<\/li>\n<li>Witaminy z grupy B s\u0105 niezb\u0119dne do produkcji energii z po\u017cywienia oraz do tworzenia i utrzymywania zdrowego DNA, gen\u00f3w, kom\u00f3rek, tkanek, narz\u0105d\u00f3w i funkcji enzym\u00f3w.<\/li>\n<li>Witaminy z grupy B s\u0105 podstaw\u0105 \u017cycia; ludzie nie mog\u0105 ich wytwarza\u0107, wi\u0119c musimy je otrzymywa\u0107 z diet\u0105.<\/li>\n<li>Doctor's Best Fully Active B Complex zapewnia tylko najlepsze u\u017cyteczne formy witaminy B. Obejmuje to w pe\u0142ni aktywny folian, najbardziej aktywny folian w organizmie oraz MTHF (metylo-tetra-hydro-folian). Zapewnia w pe\u0142ni aktywn\u0105 witamin\u0119 B12 w postaci metylokobalaminy (metylo-B12), kt\u00f3ra pomaga zapewni\u0107 doskona\u0142e wch\u0142anianie doustne.<\/li>\n<li>Best Fully Active B Complex to suplement zawieraj\u0105cy pe\u0142ne spektrum witamin z grupy B, starannie opracowany pod k\u0105tem optymalnego wch\u0142aniania i wykorzystania.<\/li>\n<li>Preparat ten dostarcza witamin z grupy B w ich najbezpieczniejszej, najlepiej tolerowanej i najbardziej aktywnej biochemicznie formie.<\/li>\n<\/ul>","protected":false},"excerpt":{"rendered":"<p>Wega\u0144ski suplement diety Doctor's Best Fully Active B-Complex with Quatrefolic zawiera kompleks witamin z grupy B w ich najbardziej aktywnej formie. Nie zawiera glutenu i jest wolny od GMO. Opakowanie zawiera: 30 kapsu\u0142ek.<\/p>","protected":false},"featured_media":51677,"comment_status":"closed","ping_status":"closed","template":"","meta":{"advanced_seo_description":"","jetpack_seo_html_title":"","jetpack_seo_noindex":false},"pwb-brand":[147],"product_brand":[4565],"product_cat":[153,152],"product_tag":[860,1094,1150],"class_list":{"0":"post-2745","1":"product","2":"type-product","3":"status-publish","4":"has-post-thumbnail","6":"pwb-brand-doctors-best","7":"product_brand-doctors-best","8":"product_cat-vitamins","9":"product_cat-vitamins-and-minerals","10":"product_tag-energy","11":"product_tag-metabolism","12":"product_tag-nervous-system","13":"brand_woo-doctors-best","15":"first","16":"instock","17":"taxable","18":"shipping-taxable","19":"purchasable","20":"product-type-simple"},"jetpack_sharing_enabled":true,"brands":[{"id":147,"name":"Doctor's Best","slug":"doctors-best"}],"_links":{"self":[{"href":"https:\/\/veganova.eu\/pl\/wp-json\/wp\/v2\/product\/2745","targetHints":{"allow":["GET"]}}],"collection":[{"href":"https:\/\/veganova.eu\/pl\/wp-json\/wp\/v2\/product"}],"about":[{"href":"https:\/\/veganova.eu\/pl\/wp-json\/wp\/v2\/types\/product"}],"replies":[{"embeddable":true,"href":"https:\/\/veganova.eu\/pl\/wp-json\/wp\/v2\/comments?post=2745"}],"version-history":[{"count":1,"href":"https:\/\/veganova.eu\/pl\/wp-json\/wp\/v2\/product\/2745\/revisions"}],"predecessor-version":[{"id":57309,"href":"https:\/\/veganova.eu\/pl\/wp-json\/wp\/v2\/product\/2745\/revisions\/57309"}],"wp:featuredmedia":[{"embeddable":true,"href":"https:\/\/veganova.eu\/pl\/wp-json\/wp\/v2\/media\/51677"}],"wp:attachment":[{"href":"https:\/\/veganova.eu\/pl\/wp-json\/wp\/v2\/media?parent=2745"}],"wp:term":[{"taxonomy":"pwb-brand","embeddable":true,"href":"https:\/\/veganova.eu\/pl\/wp-json\/wp\/v2\/pwb-brand?post=2745"},{"taxonomy":"product_brand","embeddable":true,"href":"https:\/\/veganova.eu\/pl\/wp-json\/wp\/v2\/product_brand?post=2745"},{"taxonomy":"product_cat","embeddable":true,"href":"https:\/\/veganova.eu\/pl\/wp-json\/wp\/v2\/product_cat?post=2745"},{"taxonomy":"product_tag","embeddable":true,"href":"https:\/\/veganova.eu\/pl\/wp-json\/wp\/v2\/product_tag?post=2745"}],"curies":[{"name":"wp","href":"https:\/\/api.w.org\/{rel}","templated":true}]}}