{"id":2842,"date":"2023-10-01T17:01:59","date_gmt":"2023-10-01T15:01:59","guid":{"rendered":"https:\/\/veganova.eu\/?post_type=product&#038;p=2842"},"modified":"2026-04-29T02:24:33","modified_gmt":"2026-04-29T00:24:33","slug":"applied-nutrition-probiotic-60-kaps","status":"publish","type":"product","link":"https:\/\/veganova.eu\/pl\/shop\/applied-nutrition-probiotic-60-kaps\/","title":{"rendered":"Applied Nutrition Probiotyk (60 kaps)"},"content":{"rendered":"<h3>Applied Nutrition Probiotyk<\/h3>\n<ul>\n<li>zaawansowana formu\u0142a probiotyczna z wieloma szczepami bakterii jelitowych<\/li>\n<li>60 kapsu\u0142ek<\/li>\n<li>zawiera 10 miliard\u00f3w CFU na porcj\u0119, co pomaga wspiera\u0107 optymalne zdrowie jelit, chroni\u0107 uk\u0142ad odporno\u015bciowy i pomaga organizmowi utrzyma\u0107 zdrow\u0105 r\u00f3wnowag\u0119.<\/li>\n<li>ka\u017cda porcja zawiera 10 miliard\u00f3w CFU (jednostek tworz\u0105cych kolonie)<\/li>\n<li>\u017cywe bakterie wspomagaj\u0105ce zdrowe trawienie<\/li>\n<li>wspiera zdrowie przewodu pokarmowego<\/li>\n<li>wzmacnia odporno\u015b\u0107<\/li>\n<li>wspiera zdrowe zarz\u0105dzanie wag\u0105<\/li>\n<li>100% Vegan<\/li>\n<li>certyfikowany produkt<\/li>\n<\/ul>","protected":false},"excerpt":{"rendered":"<p>Applied Nutrition Probiotyczny wega\u0144ski suplement diety zawieraj\u0105cy kultury probiotyczne jest odpowiedni do wzmocnienia odporno\u015bci, a tak\u017ce zdrowego trawienia. Opakowanie zawiera: 60 kapsu\u0142ek.<\/p>","protected":false},"featured_media":11955,"comment_status":"closed","ping_status":"closed","template":"","meta":{"advanced_seo_description":"","jetpack_seo_html_title":"","jetpack_seo_noindex":false},"pwb-brand":[202],"product_brand":[4592],"product_cat":[596],"product_tag":[1156,1117],"class_list":{"0":"post-2842","1":"product","2":"type-product","3":"status-publish","4":"has-post-thumbnail","6":"pwb-brand-applied-nutrition","7":"product_brand-applied-nutrition","8":"product_cat-digestion","9":"product_tag-healthy-digestion","10":"product_tag-immunity","11":"brand_woo-applied-nutrition","13":"first","14":"instock","15":"taxable","16":"shipping-taxable","17":"purchasable","18":"product-type-simple"},"jetpack_sharing_enabled":true,"brands":[{"id":202,"name":"Od\u017cywianie stosowane","slug":"applied-nutrition"}],"_links":{"self":[{"href":"https:\/\/veganova.eu\/pl\/wp-json\/wp\/v2\/product\/2842","targetHints":{"allow":["GET"]}}],"collection":[{"href":"https:\/\/veganova.eu\/pl\/wp-json\/wp\/v2\/product"}],"about":[{"href":"https:\/\/veganova.eu\/pl\/wp-json\/wp\/v2\/types\/product"}],"replies":[{"embeddable":true,"href":"https:\/\/veganova.eu\/pl\/wp-json\/wp\/v2\/comments?post=2842"}],"version-history":[{"count":1,"href":"https:\/\/veganova.eu\/pl\/wp-json\/wp\/v2\/product\/2842\/revisions"}],"predecessor-version":[{"id":57396,"href":"https:\/\/veganova.eu\/pl\/wp-json\/wp\/v2\/product\/2842\/revisions\/57396"}],"wp:featuredmedia":[{"embeddable":true,"href":"https:\/\/veganova.eu\/pl\/wp-json\/wp\/v2\/media\/11955"}],"wp:attachment":[{"href":"https:\/\/veganova.eu\/pl\/wp-json\/wp\/v2\/media?parent=2842"}],"wp:term":[{"taxonomy":"pwb-brand","embeddable":true,"href":"https:\/\/veganova.eu\/pl\/wp-json\/wp\/v2\/pwb-brand?post=2842"},{"taxonomy":"product_brand","embeddable":true,"href":"https:\/\/veganova.eu\/pl\/wp-json\/wp\/v2\/product_brand?post=2842"},{"taxonomy":"product_cat","embeddable":true,"href":"https:\/\/veganova.eu\/pl\/wp-json\/wp\/v2\/product_cat?post=2842"},{"taxonomy":"product_tag","embeddable":true,"href":"https:\/\/veganova.eu\/pl\/wp-json\/wp\/v2\/product_tag?post=2842"}],"curies":[{"name":"wp","href":"https:\/\/api.w.org\/{rel}","templated":true}]}}